{"id":11208,"date":"2014-11-27T20:20:35","date_gmt":"2014-11-27T19:20:35","guid":{"rendered":"https:\/\/p395.ursynow.warszawa.pl\/?page_id=11208"},"modified":"2014-11-27T20:47:17","modified_gmt":"2014-11-27T19:47:17","slug":"swieto-pluszowego-misia","status":"publish","type":"page","link":"https:\/\/p395.ursynow.warszawa.pl\/index.php\/swieto-pluszowego-misia\/","title":{"rendered":"\u015awi\u0119to Pluszowego Misia."},"content":{"rendered":"<p style=\"text-align: left;\"><span style=\"color: #000000; font-size: 14pt;\">Dnia 25 listopada\u00a0obchodzili\u015bmy w przedszkolu \u015bwi\u0119to Pluszowego Misia. <\/span><\/p>\n<p style=\"text-align: left;\"><span style=\"color: #000000; font-size: 14pt;\">Dzieci bawi\u0142y si\u0119 do piosenek o Misiach i utrwala\u0142y wiedz\u0119 o znanych Misiach. Nast\u0119pnie wykona\u0142y s\u0142odki przysmak Misia, herbatniki z miodem, kt\u00f3ry popija\u0142y sokiem Kubu\u015b. A na koniec grupa wykona\u0142a\u00a0prac\u0119 plastyczn\u0105, Misia. <\/span><\/p>\n<p style=\"text-align: left;\"><a href=\"https:\/\/p395.ursynow.warszawa.pl\/wp-content\/uploads\/2014\/11\/P1150273.jpg\"><img fetchpriority=\"high\" decoding=\"async\" class=\"alignnone size-medium wp-image-11212\" src=\"https:\/\/p395.ursynow.warszawa.pl\/wp-content\/uploads\/2014\/11\/P1150273-225x300.jpg\" alt=\"P1150273\" width=\"225\" height=\"300\" srcset=\"https:\/\/p395.ursynow.warszawa.pl\/wp-content\/uploads\/2014\/11\/P1150273-225x300.jpg 225w, https:\/\/p395.ursynow.warszawa.pl\/wp-content\/uploads\/2014\/11\/P1150273.jpg 640w\" sizes=\"(max-width: 225px) 100vw, 225px\" \/><\/a> <a href=\"https:\/\/p395.ursynow.warszawa.pl\/wp-content\/uploads\/2014\/11\/P1150279.jpg\"><img decoding=\"async\" class=\"alignnone size-medium wp-image-11213\" src=\"https:\/\/p395.ursynow.warszawa.pl\/wp-content\/uploads\/2014\/11\/P1150279-300x225.jpg\" alt=\"P1150279\" width=\"300\" height=\"225\" srcset=\"https:\/\/p395.ursynow.warszawa.pl\/wp-content\/uploads\/2014\/11\/P1150279-300x225.jpg 300w, https:\/\/p395.ursynow.warszawa.pl\/wp-content\/uploads\/2014\/11\/P1150279.jpg 640w\" sizes=\"(max-width: 300px) 100vw, 300px\" \/><\/a> <a href=\"https:\/\/p395.ursynow.warszawa.pl\/wp-content\/uploads\/2014\/11\/P1150281.jpg\"><img decoding=\"async\" class=\"alignnone size-medium wp-image-11214\" src=\"https:\/\/p395.ursynow.warszawa.pl\/wp-content\/uploads\/2014\/11\/P1150281-300x225.jpg\" alt=\"P1150281\" width=\"300\" height=\"225\" srcset=\"https:\/\/p395.ursynow.warszawa.pl\/wp-content\/uploads\/2014\/11\/P1150281-300x225.jpg 300w, https:\/\/p395.ursynow.warszawa.pl\/wp-content\/uploads\/2014\/11\/P1150281.jpg 640w\" sizes=\"(max-width: 300px) 100vw, 300px\" \/><\/a> <a href=\"https:\/\/p395.ursynow.warszawa.pl\/wp-content\/uploads\/2014\/11\/P1150284.jpg\"><img loading=\"lazy\" decoding=\"async\" class=\"alignnone size-medium wp-image-11215\" src=\"https:\/\/p395.ursynow.warszawa.pl\/wp-content\/uploads\/2014\/11\/P1150284-300x225.jpg\" alt=\"P1150284\" width=\"300\" height=\"225\" srcset=\"https:\/\/p395.ursynow.warszawa.pl\/wp-content\/uploads\/2014\/11\/P1150284-300x225.jpg 300w, https:\/\/p395.ursynow.warszawa.pl\/wp-content\/uploads\/2014\/11\/P1150284.jpg 640w\" sizes=\"(max-width: 300px) 100vw, 300px\" \/><\/a> <a href=\"https:\/\/p395.ursynow.warszawa.pl\/wp-content\/uploads\/2014\/11\/P1150287.jpg\"><img loading=\"lazy\" decoding=\"async\" class=\"alignnone size-medium wp-image-11216\" src=\"https:\/\/p395.ursynow.warszawa.pl\/wp-content\/uploads\/2014\/11\/P1150287-300x225.jpg\" alt=\"P1150287\" width=\"300\" height=\"225\" srcset=\"https:\/\/p395.ursynow.warszawa.pl\/wp-content\/uploads\/2014\/11\/P1150287-300x225.jpg 300w, https:\/\/p395.ursynow.warszawa.pl\/wp-content\/uploads\/2014\/11\/P1150287.jpg 640w\" sizes=\"(max-width: 300px) 100vw, 300px\" \/><\/a> <a href=\"https:\/\/p395.ursynow.warszawa.pl\/wp-content\/uploads\/2014\/11\/P1150296.jpg\"><img loading=\"lazy\" decoding=\"async\" class=\"alignnone size-medium wp-image-11217\" src=\"https:\/\/p395.ursynow.warszawa.pl\/wp-content\/uploads\/2014\/11\/P1150296-300x225.jpg\" alt=\"P1150296\" width=\"300\" height=\"225\" srcset=\"https:\/\/p395.ursynow.warszawa.pl\/wp-content\/uploads\/2014\/11\/P1150296-300x225.jpg 300w, https:\/\/p395.ursynow.warszawa.pl\/wp-content\/uploads\/2014\/11\/P1150296.jpg 640w\" sizes=\"(max-width: 300px) 100vw, 300px\" \/><\/a> <a href=\"https:\/\/p395.ursynow.warszawa.pl\/wp-content\/uploads\/2014\/11\/P1150298.jpg\"><img loading=\"lazy\" decoding=\"async\" class=\"alignnone size-medium wp-image-11218\" src=\"https:\/\/p395.ursynow.warszawa.pl\/wp-content\/uploads\/2014\/11\/P1150298-300x225.jpg\" alt=\"P1150298\" width=\"300\" height=\"225\" srcset=\"https:\/\/p395.ursynow.warszawa.pl\/wp-content\/uploads\/2014\/11\/P1150298-300x225.jpg 300w, https:\/\/p395.ursynow.warszawa.pl\/wp-content\/uploads\/2014\/11\/P1150298.jpg 640w\" sizes=\"(max-width: 300px) 100vw, 300px\" \/><\/a> <a href=\"https:\/\/p395.ursynow.warszawa.pl\/wp-content\/uploads\/2014\/11\/P1150304.jpg\"><img loading=\"lazy\" decoding=\"async\" class=\"alignnone size-medium wp-image-11219\" src=\"https:\/\/p395.ursynow.warszawa.pl\/wp-content\/uploads\/2014\/11\/P1150304-300x225.jpg\" alt=\"P1150304\" width=\"300\" height=\"225\" srcset=\"https:\/\/p395.ursynow.warszawa.pl\/wp-content\/uploads\/2014\/11\/P1150304-300x225.jpg 300w, https:\/\/p395.ursynow.warszawa.pl\/wp-content\/uploads\/2014\/11\/P1150304.jpg 640w\" sizes=\"(max-width: 300px) 100vw, 300px\" \/><\/a> <a href=\"https:\/\/p395.ursynow.warszawa.pl\/wp-content\/uploads\/2014\/11\/P1150309.jpg\"><img loading=\"lazy\" decoding=\"async\" class=\"alignnone size-medium wp-image-11220\" src=\"https:\/\/p395.ursynow.warszawa.pl\/wp-content\/uploads\/2014\/11\/P1150309-300x225.jpg\" alt=\"P1150309\" width=\"300\" height=\"225\" srcset=\"https:\/\/p395.ursynow.warszawa.pl\/wp-content\/uploads\/2014\/11\/P1150309-300x225.jpg 300w, https:\/\/p395.ursynow.warszawa.pl\/wp-content\/uploads\/2014\/11\/P1150309.jpg 640w\" sizes=\"(max-width: 300px) 100vw, 300px\" \/><\/a> <a href=\"https:\/\/p395.ursynow.warszawa.pl\/wp-content\/uploads\/2014\/11\/P1150310.jpg\"><img loading=\"lazy\" decoding=\"async\" class=\"alignnone size-medium wp-image-11221\" src=\"https:\/\/p395.ursynow.warszawa.pl\/wp-content\/uploads\/2014\/11\/P1150310-300x225.jpg\" alt=\"P1150310\" width=\"300\" height=\"225\" srcset=\"https:\/\/p395.ursynow.warszawa.pl\/wp-content\/uploads\/2014\/11\/P1150310-300x225.jpg 300w, https:\/\/p395.ursynow.warszawa.pl\/wp-content\/uploads\/2014\/11\/P1150310.jpg 640w\" sizes=\"(max-width: 300px) 100vw, 300px\" \/><\/a> <a href=\"https:\/\/p395.ursynow.warszawa.pl\/wp-content\/uploads\/2014\/11\/P1150312.jpg\"><img loading=\"lazy\" decoding=\"async\" class=\"alignnone size-medium wp-image-11222\" src=\"https:\/\/p395.ursynow.warszawa.pl\/wp-content\/uploads\/2014\/11\/P1150312-300x225.jpg\" alt=\"P1150312\" width=\"300\" height=\"225\" srcset=\"https:\/\/p395.ursynow.warszawa.pl\/wp-content\/uploads\/2014\/11\/P1150312-300x225.jpg 300w, https:\/\/p395.ursynow.warszawa.pl\/wp-content\/uploads\/2014\/11\/P1150312.jpg 640w\" sizes=\"(max-width: 300px) 100vw, 300px\" \/><\/a> <a href=\"https:\/\/p395.ursynow.warszawa.pl\/wp-content\/uploads\/2014\/11\/P1150313.jpg\"><img loading=\"lazy\" decoding=\"async\" class=\"alignnone size-medium wp-image-11223\" src=\"https:\/\/p395.ursynow.warszawa.pl\/wp-content\/uploads\/2014\/11\/P1150313-300x225.jpg\" alt=\"P1150313\" width=\"300\" height=\"225\" srcset=\"https:\/\/p395.ursynow.warszawa.pl\/wp-content\/uploads\/2014\/11\/P1150313-300x225.jpg 300w, https:\/\/p395.ursynow.warszawa.pl\/wp-content\/uploads\/2014\/11\/P1150313.jpg 640w\" sizes=\"(max-width: 300px) 100vw, 300px\" \/><\/a> <a href=\"https:\/\/p395.ursynow.warszawa.pl\/wp-content\/uploads\/2014\/11\/P1150317.jpg\"><img loading=\"lazy\" decoding=\"async\" class=\"alignnone size-medium wp-image-11224\" src=\"https:\/\/p395.ursynow.warszawa.pl\/wp-content\/uploads\/2014\/11\/P1150317-300x225.jpg\" alt=\"P1150317\" width=\"300\" height=\"225\" srcset=\"https:\/\/p395.ursynow.warszawa.pl\/wp-content\/uploads\/2014\/11\/P1150317-300x225.jpg 300w, https:\/\/p395.ursynow.warszawa.pl\/wp-content\/uploads\/2014\/11\/P1150317.jpg 640w\" sizes=\"(max-width: 300px) 100vw, 300px\" \/><\/a> <a href=\"https:\/\/p395.ursynow.warszawa.pl\/wp-content\/uploads\/2014\/11\/P1150318.jpg\"><img loading=\"lazy\" decoding=\"async\" class=\"alignnone size-medium wp-image-11225\" src=\"https:\/\/p395.ursynow.warszawa.pl\/wp-content\/uploads\/2014\/11\/P1150318-300x225.jpg\" alt=\"P1150318\" width=\"300\" height=\"225\" srcset=\"https:\/\/p395.ursynow.warszawa.pl\/wp-content\/uploads\/2014\/11\/P1150318-300x225.jpg 300w, https:\/\/p395.ursynow.warszawa.pl\/wp-content\/uploads\/2014\/11\/P1150318.jpg 640w\" sizes=\"(max-width: 300px) 100vw, 300px\" \/><\/a> <a href=\"https:\/\/p395.ursynow.warszawa.pl\/wp-content\/uploads\/2014\/11\/P1150319.jpg\"><img loading=\"lazy\" decoding=\"async\" class=\"alignnone size-medium wp-image-11226\" src=\"https:\/\/p395.ursynow.warszawa.pl\/wp-content\/uploads\/2014\/11\/P1150319-300x225.jpg\" alt=\"P1150319\" width=\"300\" height=\"225\" srcset=\"https:\/\/p395.ursynow.warszawa.pl\/wp-content\/uploads\/2014\/11\/P1150319-300x225.jpg 300w, https:\/\/p395.ursynow.warszawa.pl\/wp-content\/uploads\/2014\/11\/P1150319.jpg 640w\" sizes=\"(max-width: 300px) 100vw, 300px\" \/><\/a> <a href=\"https:\/\/p395.ursynow.warszawa.pl\/wp-content\/uploads\/2014\/11\/P1150329.jpg\"><img loading=\"lazy\" decoding=\"async\" class=\"alignnone size-medium wp-image-11227\" src=\"https:\/\/p395.ursynow.warszawa.pl\/wp-content\/uploads\/2014\/11\/P1150329-300x225.jpg\" alt=\"P1150329\" width=\"300\" height=\"225\" srcset=\"https:\/\/p395.ursynow.warszawa.pl\/wp-content\/uploads\/2014\/11\/P1150329-300x225.jpg 300w, https:\/\/p395.ursynow.warszawa.pl\/wp-content\/uploads\/2014\/11\/P1150329.jpg 640w\" sizes=\"(max-width: 300px) 100vw, 300px\" \/><\/a><\/p>\n<p style=\"text-align: left;\"><a href=\"https:\/\/p395.ursynow.warszawa.pl\/wp-content\/uploads\/2014\/11\/CAM03601.jpg\"><img loading=\"lazy\" decoding=\"async\" class=\"alignnone size-medium wp-image-11229\" src=\"https:\/\/p395.ursynow.warszawa.pl\/wp-content\/uploads\/2014\/11\/CAM03601-300x200.jpg\" alt=\"CAM03601\" width=\"300\" height=\"200\" srcset=\"https:\/\/p395.ursynow.warszawa.pl\/wp-content\/uploads\/2014\/11\/CAM03601-300x200.jpg 300w, https:\/\/p395.ursynow.warszawa.pl\/wp-content\/uploads\/2014\/11\/CAM03601.jpg 640w\" sizes=\"(max-width: 300px) 100vw, 300px\" \/><\/a> <a href=\"https:\/\/p395.ursynow.warszawa.pl\/wp-content\/uploads\/2014\/11\/CAM03603.jpg\"><img loading=\"lazy\" decoding=\"async\" class=\"alignnone size-medium wp-image-11230\" src=\"https:\/\/p395.ursynow.warszawa.pl\/wp-content\/uploads\/2014\/11\/CAM03603-200x300.jpg\" alt=\"CAM03603\" width=\"200\" height=\"300\" srcset=\"https:\/\/p395.ursynow.warszawa.pl\/wp-content\/uploads\/2014\/11\/CAM03603-200x300.jpg 200w, https:\/\/p395.ursynow.warszawa.pl\/wp-content\/uploads\/2014\/11\/CAM03603.jpg 640w\" sizes=\"(max-width: 200px) 100vw, 200px\" \/><\/a> <a href=\"https:\/\/p395.ursynow.warszawa.pl\/wp-content\/uploads\/2014\/11\/CAM03606.jpg\"><img loading=\"lazy\" decoding=\"async\" class=\"alignnone size-medium wp-image-11231\" src=\"https:\/\/p395.ursynow.warszawa.pl\/wp-content\/uploads\/2014\/11\/CAM03606-300x200.jpg\" alt=\"CAM03606\" width=\"300\" height=\"200\" srcset=\"https:\/\/p395.ursynow.warszawa.pl\/wp-content\/uploads\/2014\/11\/CAM03606-300x200.jpg 300w, https:\/\/p395.ursynow.warszawa.pl\/wp-content\/uploads\/2014\/11\/CAM03606.jpg 640w\" sizes=\"(max-width: 300px) 100vw, 300px\" \/><\/a> <a href=\"https:\/\/p395.ursynow.warszawa.pl\/wp-content\/uploads\/2014\/11\/CAM03607.jpg\"><img loading=\"lazy\" decoding=\"async\" class=\"alignnone size-medium wp-image-11232\" src=\"https:\/\/p395.ursynow.warszawa.pl\/wp-content\/uploads\/2014\/11\/CAM03607-300x200.jpg\" alt=\"CAM03607\" width=\"300\" height=\"200\" srcset=\"https:\/\/p395.ursynow.warszawa.pl\/wp-content\/uploads\/2014\/11\/CAM03607-300x200.jpg 300w, https:\/\/p395.ursynow.warszawa.pl\/wp-content\/uploads\/2014\/11\/CAM03607.jpg 640w\" sizes=\"(max-width: 300px) 100vw, 300px\" \/><\/a> <a href=\"https:\/\/p395.ursynow.warszawa.pl\/wp-content\/uploads\/2014\/11\/CAM03609.jpg\"><img loading=\"lazy\" decoding=\"async\" class=\"alignnone size-medium wp-image-11233\" src=\"https:\/\/p395.ursynow.warszawa.pl\/wp-content\/uploads\/2014\/11\/CAM03609-300x200.jpg\" alt=\"CAM03609\" width=\"300\" height=\"200\" srcset=\"https:\/\/p395.ursynow.warszawa.pl\/wp-content\/uploads\/2014\/11\/CAM03609-300x200.jpg 300w, https:\/\/p395.ursynow.warszawa.pl\/wp-content\/uploads\/2014\/11\/CAM03609.jpg 640w\" sizes=\"(max-width: 300px) 100vw, 300px\" \/><\/a> <a href=\"https:\/\/p395.ursynow.warszawa.pl\/wp-content\/uploads\/2014\/11\/CAM03610.jpg\"><img loading=\"lazy\" decoding=\"async\" class=\"alignnone size-medium wp-image-11234\" src=\"https:\/\/p395.ursynow.warszawa.pl\/wp-content\/uploads\/2014\/11\/CAM03610-200x300.jpg\" alt=\"CAM03610\" width=\"200\" height=\"300\" srcset=\"https:\/\/p395.ursynow.warszawa.pl\/wp-content\/uploads\/2014\/11\/CAM03610-200x300.jpg 200w, https:\/\/p395.ursynow.warszawa.pl\/wp-content\/uploads\/2014\/11\/CAM03610.jpg 640w\" sizes=\"(max-width: 200px) 100vw, 200px\" \/><\/a> <a href=\"https:\/\/p395.ursynow.warszawa.pl\/wp-content\/uploads\/2014\/11\/CAM03614.jpg\"><img loading=\"lazy\" decoding=\"async\" class=\"alignnone size-medium wp-image-11235\" src=\"https:\/\/p395.ursynow.warszawa.pl\/wp-content\/uploads\/2014\/11\/CAM03614-300x200.jpg\" alt=\"CAM03614\" width=\"300\" height=\"200\" srcset=\"https:\/\/p395.ursynow.warszawa.pl\/wp-content\/uploads\/2014\/11\/CAM03614-300x200.jpg 300w, https:\/\/p395.ursynow.warszawa.pl\/wp-content\/uploads\/2014\/11\/CAM03614.jpg 640w\" sizes=\"(max-width: 300px) 100vw, 300px\" \/><\/a> <a href=\"https:\/\/p395.ursynow.warszawa.pl\/wp-content\/uploads\/2014\/11\/CAM03620.jpg\"><img loading=\"lazy\" decoding=\"async\" class=\"alignnone size-medium wp-image-11236\" src=\"https:\/\/p395.ursynow.warszawa.pl\/wp-content\/uploads\/2014\/11\/CAM03620-200x300.jpg\" alt=\"CAM03620\" width=\"200\" height=\"300\" srcset=\"https:\/\/p395.ursynow.warszawa.pl\/wp-content\/uploads\/2014\/11\/CAM03620-200x300.jpg 200w, https:\/\/p395.ursynow.warszawa.pl\/wp-content\/uploads\/2014\/11\/CAM03620.jpg 640w\" sizes=\"(max-width: 200px) 100vw, 200px\" \/><\/a> <a href=\"https:\/\/p395.ursynow.warszawa.pl\/wp-content\/uploads\/2014\/11\/CAM03621.jpg\"><img loading=\"lazy\" decoding=\"async\" class=\"alignnone size-medium wp-image-11237\" src=\"https:\/\/p395.ursynow.warszawa.pl\/wp-content\/uploads\/2014\/11\/CAM03621-200x300.jpg\" alt=\"CAM03621\" width=\"200\" height=\"300\" srcset=\"https:\/\/p395.ursynow.warszawa.pl\/wp-content\/uploads\/2014\/11\/CAM03621-200x300.jpg 200w, https:\/\/p395.ursynow.warszawa.pl\/wp-content\/uploads\/2014\/11\/CAM03621.jpg 640w\" sizes=\"(max-width: 200px) 100vw, 200px\" \/><\/a><\/p>\n<p style=\"text-align: left;\">\n","protected":false},"excerpt":{"rendered":"<p>Dnia 25 listopada\u00a0obchodzili\u015bmy w przedszkolu \u015bwi\u0119to Pluszowego Misia. Dzieci bawi\u0142y si\u0119 do piosenek o Misiach i utrwala\u0142y wiedz\u0119 o znanych Misiach. Nast\u0119pnie wykona\u0142y s\u0142odki przysmak Misia, herbatniki z miodem, kt\u00f3ry popija\u0142y sokiem Kubu\u015b. A na koniec grupa wykona\u0142a\u00a0prac\u0119 plastyczn\u0105, Misia.<\/p>\n","protected":false},"author":6,"featured_media":0,"parent":0,"menu_order":0,"comment_status":"closed","ping_status":"open","template":"","meta":{"neve_meta_sidebar":"","neve_meta_container":"","neve_meta_enable_content_width":"","neve_meta_content_width":0,"neve_meta_title_alignment":"","neve_meta_author_avatar":"","neve_post_elements_order":"","neve_meta_disable_header":"","neve_meta_disable_footer":"","neve_meta_disable_title":"","footnotes":""},"class_list":["post-11208","page","type-page","status-publish","hentry"],"yoast_head":"<!-- This site is optimized with the Yoast SEO plugin v27.4 - https:\/\/yoast.com\/product\/yoast-seo-wordpress\/ -->\n<title>\u015awi\u0119to Pluszowego Misia. - Przedszkole nr 395<\/title>\n<meta name=\"robots\" content=\"index, follow, max-snippet:-1, max-image-preview:large, max-video-preview:-1\" \/>\n<link rel=\"canonical\" href=\"https:\/\/p395.ursynow.warszawa.pl\/index.php\/swieto-pluszowego-misia\/\" \/>\n<meta property=\"og:locale\" content=\"pl_PL\" \/>\n<meta property=\"og:type\" content=\"article\" \/>\n<meta property=\"og:title\" content=\"\u015awi\u0119to Pluszowego Misia. - Przedszkole nr 395\" \/>\n<meta property=\"og:description\" content=\"Dnia 25 listopada\u00a0obchodzili\u015bmy w przedszkolu \u015bwi\u0119to Pluszowego Misia. Dzieci bawi\u0142y si\u0119 do piosenek o Misiach i utrwala\u0142y wiedz\u0119 o znanych Misiach. Nast\u0119pnie wykona\u0142y s\u0142odki przysmak Misia, herbatniki z miodem, kt\u00f3ry popija\u0142y sokiem Kubu\u015b. A na koniec grupa wykona\u0142a\u00a0prac\u0119 plastyczn\u0105, Misia.\" \/>\n<meta property=\"og:url\" content=\"https:\/\/p395.ursynow.warszawa.pl\/index.php\/swieto-pluszowego-misia\/\" \/>\n<meta property=\"og:site_name\" content=\"Przedszkole nr 395\" \/>\n<meta property=\"article:modified_time\" content=\"2014-11-27T19:47:17+00:00\" \/>\n<meta property=\"og:image\" content=\"https:\/\/p395.ursynow.warszawa.pl\/wp-content\/uploads\/2014\/11\/P1150273.jpg\" \/>\n\t<meta property=\"og:image:width\" content=\"640\" \/>\n\t<meta property=\"og:image:height\" content=\"853\" \/>\n\t<meta property=\"og:image:type\" content=\"image\/jpeg\" \/>\n<meta name=\"twitter:card\" content=\"summary_large_image\" \/>\n<script type=\"application\/ld+json\" class=\"yoast-schema-graph\">{\"@context\":\"https:\\\/\\\/schema.org\",\"@graph\":[{\"@type\":\"WebPage\",\"@id\":\"https:\\\/\\\/p395.ursynow.warszawa.pl\\\/index.php\\\/swieto-pluszowego-misia\\\/\",\"url\":\"https:\\\/\\\/p395.ursynow.warszawa.pl\\\/index.php\\\/swieto-pluszowego-misia\\\/\",\"name\":\"\u015awi\u0119to Pluszowego Misia. - Przedszkole nr 395\",\"isPartOf\":{\"@id\":\"https:\\\/\\\/p395.ursynow.warszawa.pl\\\/#website\"},\"primaryImageOfPage\":{\"@id\":\"https:\\\/\\\/p395.ursynow.warszawa.pl\\\/index.php\\\/swieto-pluszowego-misia\\\/#primaryimage\"},\"image\":{\"@id\":\"https:\\\/\\\/p395.ursynow.warszawa.pl\\\/index.php\\\/swieto-pluszowego-misia\\\/#primaryimage\"},\"thumbnailUrl\":\"https:\\\/\\\/p395.ursynow.warszawa.pl\\\/wp-content\\\/uploads\\\/2014\\\/11\\\/P1150273-225x300.jpg\",\"datePublished\":\"2014-11-27T19:20:35+00:00\",\"dateModified\":\"2014-11-27T19:47:17+00:00\",\"breadcrumb\":{\"@id\":\"https:\\\/\\\/p395.ursynow.warszawa.pl\\\/index.php\\\/swieto-pluszowego-misia\\\/#breadcrumb\"},\"inLanguage\":\"pl-PL\",\"potentialAction\":[{\"@type\":\"ReadAction\",\"target\":[\"https:\\\/\\\/p395.ursynow.warszawa.pl\\\/index.php\\\/swieto-pluszowego-misia\\\/\"]}]},{\"@type\":\"ImageObject\",\"inLanguage\":\"pl-PL\",\"@id\":\"https:\\\/\\\/p395.ursynow.warszawa.pl\\\/index.php\\\/swieto-pluszowego-misia\\\/#primaryimage\",\"url\":\"https:\\\/\\\/p395.ursynow.warszawa.pl\\\/wp-content\\\/uploads\\\/2014\\\/11\\\/P1150273.jpg\",\"contentUrl\":\"https:\\\/\\\/p395.ursynow.warszawa.pl\\\/wp-content\\\/uploads\\\/2014\\\/11\\\/P1150273.jpg\",\"width\":640,\"height\":853},{\"@type\":\"BreadcrumbList\",\"@id\":\"https:\\\/\\\/p395.ursynow.warszawa.pl\\\/index.php\\\/swieto-pluszowego-misia\\\/#breadcrumb\",\"itemListElement\":[{\"@type\":\"ListItem\",\"position\":1,\"name\":\"Strona g\u0142\u00f3wna\",\"item\":\"https:\\\/\\\/p395.ursynow.warszawa.pl\\\/\"},{\"@type\":\"ListItem\",\"position\":2,\"name\":\"\u015awi\u0119to Pluszowego Misia.\"}]},{\"@type\":\"WebSite\",\"@id\":\"https:\\\/\\\/p395.ursynow.warszawa.pl\\\/#website\",\"url\":\"https:\\\/\\\/p395.ursynow.warszawa.pl\\\/\",\"name\":\"Przedszkole nr 395\",\"description\":\"Przedszkole 395\",\"potentialAction\":[{\"@type\":\"SearchAction\",\"target\":{\"@type\":\"EntryPoint\",\"urlTemplate\":\"https:\\\/\\\/p395.ursynow.warszawa.pl\\\/?s={search_term_string}\"},\"query-input\":{\"@type\":\"PropertyValueSpecification\",\"valueRequired\":true,\"valueName\":\"search_term_string\"}}],\"inLanguage\":\"pl-PL\"}]}<\/script>\n<!-- \/ Yoast SEO plugin. -->","yoast_head_json":{"title":"\u015awi\u0119to Pluszowego Misia. - Przedszkole nr 395","robots":{"index":"index","follow":"follow","max-snippet":"max-snippet:-1","max-image-preview":"max-image-preview:large","max-video-preview":"max-video-preview:-1"},"canonical":"https:\/\/p395.ursynow.warszawa.pl\/index.php\/swieto-pluszowego-misia\/","og_locale":"pl_PL","og_type":"article","og_title":"\u015awi\u0119to Pluszowego Misia. - Przedszkole nr 395","og_description":"Dnia 25 listopada\u00a0obchodzili\u015bmy w przedszkolu \u015bwi\u0119to Pluszowego Misia. Dzieci bawi\u0142y si\u0119 do piosenek o Misiach i utrwala\u0142y wiedz\u0119 o znanych Misiach. Nast\u0119pnie wykona\u0142y s\u0142odki przysmak Misia, herbatniki z miodem, kt\u00f3ry popija\u0142y sokiem Kubu\u015b. A na koniec grupa wykona\u0142a\u00a0prac\u0119 plastyczn\u0105, Misia.","og_url":"https:\/\/p395.ursynow.warszawa.pl\/index.php\/swieto-pluszowego-misia\/","og_site_name":"Przedszkole nr 395","article_modified_time":"2014-11-27T19:47:17+00:00","og_image":[{"width":640,"height":853,"url":"https:\/\/p395.ursynow.warszawa.pl\/wp-content\/uploads\/2014\/11\/P1150273.jpg","type":"image\/jpeg"}],"twitter_card":"summary_large_image","schema":{"@context":"https:\/\/schema.org","@graph":[{"@type":"WebPage","@id":"https:\/\/p395.ursynow.warszawa.pl\/index.php\/swieto-pluszowego-misia\/","url":"https:\/\/p395.ursynow.warszawa.pl\/index.php\/swieto-pluszowego-misia\/","name":"\u015awi\u0119to Pluszowego Misia. - Przedszkole nr 395","isPartOf":{"@id":"https:\/\/p395.ursynow.warszawa.pl\/#website"},"primaryImageOfPage":{"@id":"https:\/\/p395.ursynow.warszawa.pl\/index.php\/swieto-pluszowego-misia\/#primaryimage"},"image":{"@id":"https:\/\/p395.ursynow.warszawa.pl\/index.php\/swieto-pluszowego-misia\/#primaryimage"},"thumbnailUrl":"https:\/\/p395.ursynow.warszawa.pl\/wp-content\/uploads\/2014\/11\/P1150273-225x300.jpg","datePublished":"2014-11-27T19:20:35+00:00","dateModified":"2014-11-27T19:47:17+00:00","breadcrumb":{"@id":"https:\/\/p395.ursynow.warszawa.pl\/index.php\/swieto-pluszowego-misia\/#breadcrumb"},"inLanguage":"pl-PL","potentialAction":[{"@type":"ReadAction","target":["https:\/\/p395.ursynow.warszawa.pl\/index.php\/swieto-pluszowego-misia\/"]}]},{"@type":"ImageObject","inLanguage":"pl-PL","@id":"https:\/\/p395.ursynow.warszawa.pl\/index.php\/swieto-pluszowego-misia\/#primaryimage","url":"https:\/\/p395.ursynow.warszawa.pl\/wp-content\/uploads\/2014\/11\/P1150273.jpg","contentUrl":"https:\/\/p395.ursynow.warszawa.pl\/wp-content\/uploads\/2014\/11\/P1150273.jpg","width":640,"height":853},{"@type":"BreadcrumbList","@id":"https:\/\/p395.ursynow.warszawa.pl\/index.php\/swieto-pluszowego-misia\/#breadcrumb","itemListElement":[{"@type":"ListItem","position":1,"name":"Strona g\u0142\u00f3wna","item":"https:\/\/p395.ursynow.warszawa.pl\/"},{"@type":"ListItem","position":2,"name":"\u015awi\u0119to Pluszowego Misia."}]},{"@type":"WebSite","@id":"https:\/\/p395.ursynow.warszawa.pl\/#website","url":"https:\/\/p395.ursynow.warszawa.pl\/","name":"Przedszkole nr 395","description":"Przedszkole 395","potentialAction":[{"@type":"SearchAction","target":{"@type":"EntryPoint","urlTemplate":"https:\/\/p395.ursynow.warszawa.pl\/?s={search_term_string}"},"query-input":{"@type":"PropertyValueSpecification","valueRequired":true,"valueName":"search_term_string"}}],"inLanguage":"pl-PL"}]}},"_links":{"self":[{"href":"https:\/\/p395.ursynow.warszawa.pl\/index.php\/wp-json\/wp\/v2\/pages\/11208","targetHints":{"allow":["GET"]}}],"collection":[{"href":"https:\/\/p395.ursynow.warszawa.pl\/index.php\/wp-json\/wp\/v2\/pages"}],"about":[{"href":"https:\/\/p395.ursynow.warszawa.pl\/index.php\/wp-json\/wp\/v2\/types\/page"}],"author":[{"embeddable":true,"href":"https:\/\/p395.ursynow.warszawa.pl\/index.php\/wp-json\/wp\/v2\/users\/6"}],"replies":[{"embeddable":true,"href":"https:\/\/p395.ursynow.warszawa.pl\/index.php\/wp-json\/wp\/v2\/comments?post=11208"}],"version-history":[{"count":5,"href":"https:\/\/p395.ursynow.warszawa.pl\/index.php\/wp-json\/wp\/v2\/pages\/11208\/revisions"}],"predecessor-version":[{"id":11238,"href":"https:\/\/p395.ursynow.warszawa.pl\/index.php\/wp-json\/wp\/v2\/pages\/11208\/revisions\/11238"}],"wp:attachment":[{"href":"https:\/\/p395.ursynow.warszawa.pl\/index.php\/wp-json\/wp\/v2\/media?parent=11208"}],"curies":[{"name":"wp","href":"https:\/\/api.w.org\/{rel}","templated":true}]}}