{"id":1672,"date":"2013-10-15T12:50:30","date_gmt":"2013-10-15T10:50:30","guid":{"rendered":"https:\/\/p395.ursynow.warszawa.pl\/?page_id=1672"},"modified":"2013-10-15T12:53:35","modified_gmt":"2013-10-15T10:53:35","slug":"program-wychowawczy-przedszkola","status":"publish","type":"page","link":"https:\/\/p395.ursynow.warszawa.pl\/index.php\/program-wychowawczy-przedszkola\/","title":{"rendered":"Program Wychowawczy Przedszkola"},"content":{"rendered":"<p style=\"text-align: center;\" align=\"center\"><b>PROGRAM WYCHOWAWCZY PRZEDSZKOLA NR 395 W\u00a0WARSZAWIE<\/b><\/p>\n<p style=\"text-align: justify;\"><b>Podstawy Programu:<\/b><\/p>\n<ol style=\"text-align: justify;\">\n<li>\u00a0Rozporz\u0105dzenie MEN z dnia 23.12.2008r. w sprawie podstawy programowej wychowania przedszkolnego oraz kszta\u0142cenia og\u00f3lnego (Dz. U. z 15.01.2009r. Nr\u00a04, poz. 17)<\/li>\n<li>Ustawa z dnia 7.09.1991o systemie o\u015bwiaty (Dz. U nr.256,poz. 2572 z\u00a0p\u00f3\u017aniejszymi zmianami)<\/li>\n<li>Do\u015bwiadczenie zawodowe nauczycieli przedszkola.<\/li>\n<\/ol>\n<p style=\"text-align: justify;\"><b>Motto<\/b><\/p>\n<p style=\"text-align: justify;\">\u00a0\u201eNie ma dzieci \u2013 s\u0105 ludzie, ale o innej skali poj\u0119\u0107, innym zasobie do\u015bwiadczenia, innych pop\u0119dach, innej grze uczu\u0107 (\u2026)\u201d<\/p>\n<p style=\"text-align: justify;\">\u201eWychowywa\u0107 to znaczy: nie depta\u0107, nie poniewiera\u0107, nie gasi\u0107, spieszy\u0107, dziecko ma prawo by by\u0142o tym czym jest\u201d. J.Korczak<\/p>\n<p style=\"text-align: justify;\">Poj\u0119cie wychowania w pedagogice nale\u017cy do podstawowych, jest jednak bardzo r\u00f3\u017cnie rozumiane. T. Wujek przez wychowanie rozumie \u201eca\u0142o\u015b\u0107 wp\u0142yw\u00f3w i oddzia\u0142ywa\u0144 kszta\u0142tuj\u0105cych rozw\u00f3j cz\u0142owieka i przygotowuj\u0105cych go do \u017cycia w spo\u0142ecze\u0144stwie\u201d.<\/p>\n<p style=\"text-align: justify;\">Wychowanie ma\u0142ego cz\u0142owieka zaczyna si\u0119 w domu rodzinnym, a przedszkole tylko je kontynuuje i ukierunkowuje. Jak powiedzia\u0142 J. Dewey: \u201eprzedszkolne \u017cycie powinno wyrasta\u0107 stopniowo z \u017cycia domowego (\u2026), powinno podejmowa\u0107 i kontynuowa\u0107 zachowania, z kt\u00f3rymi dziecko oswoi\u0142o si\u0119 ju\u017c w domu\u201d.<\/p>\n<p style=\"text-align: justify;\"><b>Cele programu wychowawczego<\/b><\/p>\n<p style=\"text-align: justify;\">Celem programu wychowawczego jest integracja nauczycieli, rodzic\u00f3w, personelu pomocniczego w przedszkolu w realizowaniu cel\u00f3w wychowawczych. Jego zadaniem jest okre\u015blenie, jakimi warto\u015bciami kierujemy si\u0119 w stosunku do naszego wychowanka, jego rodzica, jakie normy post\u0119powania czy zachowania s\u0105 po\u017c\u0105dane, aby dziecko umia\u0142o funkcjonowa\u0107 w \u015brodowisku zgodnie z przyj\u0119tymi normami spo\u0142ecznymi.<\/p>\n<p style=\"text-align: justify;\">Celem g\u0142\u00f3wnym wychowania dziecka w naszym przedszkolu jest wspomaganie jego rozwoju, w jego najbli\u017cszej sferze rozwojowej zgodnie z jego wrodzonymi mo\u017cliwo\u015bciami.<\/p>\n<p style=\"text-align: justify;\">Celami szczeg\u00f3\u0142owymi s\u0105:<\/p>\n<p style=\"text-align: justify;\">\u00a0\u00a0\u00a0\u00a0\u00a0\u00a0 I.\u00a0\u00a0\u00a0\u00a0\u00a0\u00a0\u00a0\u00a0\u00a0\u00a0\u00a0 Budowanie systemu warto\u015bci, w tym wychowywanie dzieci tak, by lepiej odr\u00f3\u017cnia\u0142y dobro od z\u0142a, kszta\u0142towanie podstawowych postaw moralnych: tolerancji, \u017cyczliwo\u015bci, uczciwego post\u0119powania wobec innych os\u00f3b, m\u00f3wienia prawdy.<\/p>\n<p style=\"text-align: justify;\">\u00a0\u00a0\u00a0 II.\u00a0\u00a0\u00a0\u00a0\u00a0\u00a0\u00a0\u00a0\u00a0\u00a0\u00a0 Troska o bezpiecze\u0144stwo i zdrowie dzieci oraz ich sprawno\u015b\u0107 fizyczn\u0105. Wdra\u017canie dzieci do przestrzegania zasad warunkuj\u0105cych ich bezpiecze\u0144stwo.<\/p>\n<p style=\"text-align: justify;\">\u00a0III.\u00a0\u00a0\u00a0\u00a0\u00a0\u00a0\u00a0\u00a0\u00a0\u00a0\u00a0 Zapewnienie dzieciom lepszych szans edukacyjnych poprzez wspieranie ich ciekawo\u015bci, aktywno\u015bci i samodzielno\u015bci, a tak\u017ce kszta\u0142towanie tych wiadomo\u015bci i\u00a0umiej\u0119tno\u015bci, kt\u00f3re s\u0105 wa\u017cne w edukacji szkolnej.<\/p>\n<p style=\"text-align: justify;\"><b>Dzia\u0142ania wychowawcze<\/b><\/p>\n<p style=\"text-align: justify;\">Ad. I<\/p>\n<ol style=\"text-align: justify;\">\n<li>u\u017cywanie form grzeczno\u015bciowych: \u201eprosz\u0119\u201d \u201eprzepraszam\u201d \u201edzi\u0119kuj\u0119\u201d;<\/li>\n<li>okazywanie pomocy s\u0142abszym, m\u0142odszym i mniej sprawnym;<\/li>\n<li>umiej\u0119tno\u015b\u0107 dzielenia si\u0119 z innymi;<\/li>\n<li>utrzymywanie porz\u0105dku w swoim najbli\u017cszym otoczeniu;<\/li>\n<li>s\u0142uchanie innych gdy m\u00f3wi\u0105;<\/li>\n<li>pami\u0119tanie o tym by zawsze m\u00f3wi\u0107 prawd\u0119;<\/li>\n<li>poszanowanie cudzej w\u0142asno\u015bci;<\/li>\n<li>poszanowanie dla cudzej pracy: np. wykonanej budowli z klock\u00f3w,\u00a0 rysunku;<\/li>\n<li>nie przechwalanie si\u0119 bogactwem;<\/li>\n<li>zachowanie si\u0119 wzgl\u0119dem drugiego tak, jak by\u015bmy chcieli, \u017ceby kto\u015b nas traktowa\u0142.<\/li>\n<\/ol>\n<p style=\"text-align: justify;\">Ad. II<\/p>\n<ol style=\"text-align: justify;\">\n<li>Zapoznanie dzieci z kodeksem przedszkolaka.<\/li>\n<li>Zapoznanie dzieci z ich prawami mi\u0119dzy innymi: nietykalno\u015bci osobistej, prawa do mi\u0142o\u015bci i nale\u017cytej opieki, prawa do nauki i zabawy.<\/li>\n<li>Zapoznanie dzieci z zasadami warunkuj\u0105cymi bezpiecze\u0144stwo podczas pobytu w\u00a0przedszkolu, na spacerach, wycieczkach. (w\u0142a\u015bciwe zachowanie si\u0119 w sali przedszkolnej, na placu zabaw, przy stole podczas jedzenia posi\u0142k\u00f3w itd.)<\/li>\n<\/ol>\n<p style=\"text-align: justify;\">Ad III<\/p>\n<ol style=\"text-align: justify;\">\n<li>Wspomaganie rozwoju mowy dzieci.<\/li>\n<li>Wspieranie dzieci w rozwijaniu czynno\u015bci intelektualnych, kt\u00f3re stosuj\u0105 w\u00a0poznawaniu i rozumieniu siebie i swojego otoczenia.<\/li>\n<li>Wspieranie rozwoju estetycznego dziecka ( wychowanie przez sztuk\u0119).<\/li>\n<li>Pomaganie dzieciom w rozumieniu istoty zjawisk atmosferycznych i w unikaniu zagro\u017ce\u0144.<\/li>\n<li>Wdra\u017canie do poszanowania ro\u015blin i zwierz\u0105t.<\/li>\n<li>Zapoznanie dzieci z tradycjami rodzinnymi, regionalnymi, narodowymi.<\/li>\n<\/ol>\n<p style=\"text-align: justify;\"><b>Przewidywane osi\u0105gni\u0119cia \u2013 rezultaty dzia\u0142a\u0144 wychowawczych<\/b><\/p>\n<p style=\"text-align: justify;\">Dziecko rozumie i przestrzega zasady zgodnego wsp\u00f3\u0142\u017cycia w grupie, u\u017cywa zwrot\u00f3w grzeczno\u015bciowych, potrafi kontrolowa\u0107 swoje emocje, potrafi okaza\u0107 swoje uczucia oraz dostrzega je u innych.<\/p>\n<p style=\"text-align: justify;\">Ma poczucie wiary we w\u0142asne si\u0142y i swoje mo\u017cliwo\u015bci, potrafi cieszy\u0107 si\u0119 z w\u0142asnych sukces\u00f3w, docenia sukcesy innych<\/p>\n<p style=\"text-align: justify;\">Szanuje warto\u015bci: prawd\u0119, dobro\u0107, uczciwo\u015b\u0107, tolerancj\u0119, szacunek. Ma poczucie odpowiedzialno\u015bci i obowi\u0105zkowo\u015bci.<\/p>\n<p style=\"text-align: justify;\">Ma \u015bwiadomo\u015b\u0107 przynale\u017cno\u015bci narodowej. Interesuje si\u0119 otaczaj\u0105cym \u015bwiatem.<\/p>\n<p style=\"text-align: justify;\">Przejawia postawy proekologiczne.<\/p>\n<p style=\"text-align: justify;\">Rozumie potrzeb\u0119 stosowania profilaktyki prozdrowotnej. Potrafi bezpiecznie korzysta\u0107 z\u00a0urz\u0105dze\u0144 na placu zbaw, bawi\u0107 si\u0119 w sali przedszkolnej, bezpiecznie spo\u017cywa\u0107 posi\u0142ki.<\/p>\n<p style=\"text-align: justify;\">Po pomoc ch\u0119tnie zwraca si\u0119 do doros\u0142ych os\u00f3b.<\/p>\n<p style=\"text-align: justify;\"><b>Rodzaje nagr\u00f3d w przedszkolu<\/b><\/p>\n<ul style=\"text-align: justify;\">\n<li>wyra\u017canie aprobaty dla okre\u015blonych zachowa\u0144,<\/li>\n<li>pochwa\u0142y indywidualne i publiczne,<\/li>\n<li>powierzanie zada\u0144 bardzo cenionych przez dzieci np. dy\u017curnego, lidera zespo\u0142u,<\/li>\n<li>wr\u0119czanie nagr\u00f3d typu: medale, naklejki, odznaki.<\/li>\n<\/ul>\n<p style=\"text-align: justify;\"><b>Konsekwencje niew\u0142a\u015bciwych zachowa\u0144:<\/b><\/p>\n<ul style=\"text-align: justify;\">\n<li>brak pochwa\u0142y, gdy inne dzieci s\u0105 chwalone,<\/li>\n<li>wyra\u017canie niezadowolenia (mimik\u0105, s\u0142owem),<\/li>\n<li>odm\u00f3wienie przyjemno\u015bci,<\/li>\n<li>czasowe odebranie przyznanego przywileju,<\/li>\n<li>wykonanie zadania maj\u0105cego na celu naprawienie wyrz\u0105dzonej szkody.<\/li>\n<\/ul>\n<p style=\"text-align: justify;\">Opiekuj\u0105c si\u0119, ucz\u0105c i wychowuj\u0105c dzieci w naszym przedszkolu pragniemy, aby odr\u00f3\u017cnia\u0142y one dobro od z\u0142a, przychodzi\u0142y z pomoc\u0105 innym, przewidywa\u0142y konsekwencje swoich zachowa\u0144. Zale\u017cy nam by cechowa\u0142a je empatia, post\u0119powa\u0142y wzgl\u0119dem innych tak jak chcia\u0142yby by post\u0119powano wzgl\u0119dem nich.<\/p>\n<p style=\"text-align: justify;\"><b>Zale\u017cy nam na wychowaniu dziecka, kt\u00f3re:<\/b><\/p>\n<ul style=\"text-align: justify;\">\n<li><b>-b\u0119dzie mia\u0142o poczucie bezpiecze\u0144stwa,<\/b><\/li>\n<li><b>-b\u0119dzie si\u0119 czu\u0142o kochane, szanowane, wa\u017cne,<\/b><\/li>\n<li><b>-z rado\u015bci\u0105 b\u0119dzie uczy\u0142o si\u0119 od doros\u0142ych i korzysta\u0142o z ich pomocy.<\/b><\/li>\n<\/ul>\n<p style=\"text-align: justify;\">Zach\u0119camy rodzic\u00f3w do wsp\u00f3\u0142pracy z przedszkolem, poniewa\u017c, aby osi\u0105gn\u0105\u0107 postawione cele wychowawcze wsp\u00f3\u0142praca ta jest nieodzowna. \u017bycie dziecka musi by\u0107 odpowiednio usystematyzowane. Systematyczno\u015b\u0107 w \u017cyciu dziecka, sprawia, \u017ce \u017cycie staje si\u0119 przewidywalne. Daje to maluchowi poczucie bezpiecze\u0144stwa i pewno\u015bci siebie. S\u0142u\u017cymy rodzicom pomoc\u0105 w trudno\u015bciach wychowawczych, ale tak\u017ce staramy si\u0119 pomaga\u0107 w innych sytuacjach kryzysowych (np. kieruj\u0105c do odpowiedniej poradni, lub innej instytucji, kt\u00f3ra zajmuje si\u0119 danym problemem.)<\/p>\n<p style=\"text-align: justify;\">Sukcesy dziecka traktujemy z zadowoleniem .Nadmiar entuzjazmu cz\u0119sto staje si\u0119 dla dziecka \u017ar\u00f3d\u0142em wewn\u0119trznej presji, gdy\u017c dla wi\u0119kszo\u015bci dzieci spe\u0142nienie oczekiwa\u0144 rodzic\u00f3w, wychowawc\u00f3w jest bardzo wa\u017cne.<\/p>\n<p style=\"text-align: justify;\">W post\u0119powaniu z dzieckiem, u kt\u00f3rego pragniemy ukszta\u0142towa\u0107 po\u017c\u0105dane sposoby zachowania nale\u017cy wykaza\u0107 du\u017co cierpliwo\u015bci i spokoju, ale jednocze\u015bnie stanowczo\u015bci i\u00a0konsekwencji. Dziecko czuj\u0105c granice postawione przez wychowawc\u0119 uczy si\u0119 co mu wolno, a czego nie wolno robi\u0107, jednocze\u015bnie, wychowuj\u0105c si\u0119 w pe\u0142nym poczuciu bezpiecze\u0144stwa. Staramy si\u0119, aby ka\u017cde dziecko, osi\u0105ga\u0142o sukcesy, poniewa\u017c zdajemy sobie spraw\u0119, \u017ce do\u015bwiadczenie sukcesu jest nieodzowne do budowania odpowiedniej samooceny, kt\u00f3ra ma ogromny wp\u0142yw na osi\u0105ganie innych cel\u00f3w wychowawczych. Staramy si\u0119 okre\u015bli\u0107 u ka\u017cdego dziecka najbli\u017csz\u0105 sfer\u0119 rozwojow\u0105, co pozwala nam stawia\u0107 dziecku wymagania adekwatne do jego mo\u017cliwo\u015bci.<\/p>\n<p style=\"text-align: justify;\">W naszej pracy wychowawczej pami\u0119tamy o dzieciach, z tak zwanych, grup dyspanseryjnych oraz o dzieciach wybitnie zdolnych, kt\u00f3re wyr\u00f3\u017cniaj\u0105 si\u0119 tw\u00f3rcz\u0105 wyobra\u017ani\u0105, wybitnymi zdolno\u015bciach specjalnymi, \u0142atwo\u015bci\u0105 uczenia si\u0119, szerokimi zainteresowaniami, ale tak\u017ce bardzo cz\u0119sto du\u017c\u0105 doz\u0105 samokrytycyzmu. Dzieci te bywaj\u0105 nieakceptowane przez grup\u0119 r\u00f3wie\u015bnicz\u0105, a czasem wy\u0142\u0105czaj\u0105 si\u0119 z niej same. Dla dzieci tych opracowujemy specjalne programy wychowawcze, kt\u00f3re s\u0105 konsultowane z rodzicami.<\/p>\n","protected":false},"excerpt":{"rendered":"<p>PROGRAM WYCHOWAWCZY PRZEDSZKOLA NR 395 W\u00a0WARSZAWIE Podstawy Programu: \u00a0Rozporz\u0105dzenie MEN z dnia 23.12.2008r. w sprawie podstawy programowej wychowania przedszkolnego oraz kszta\u0142cenia og\u00f3lnego (Dz. U. z 15.01.2009r. Nr\u00a04, poz. 17) Ustawa z dnia 7.09.1991o systemie o\u015bwiaty (Dz. U nr.256,poz. 2572 z\u00a0p\u00f3\u017aniejszymi zmianami) Do\u015bwiadczenie zawodowe nauczycieli przedszkola. Motto \u00a0\u201eNie ma dzieci \u2013 s\u0105 ludzie, ale o innej&hellip;&nbsp;<a href=\"https:\/\/p395.ursynow.warszawa.pl\/index.php\/program-wychowawczy-przedszkola\/\" class=\"\" rel=\"bookmark\">Czytaj dalej &raquo;<span class=\"screen-reader-text\">Program Wychowawczy Przedszkola<\/span><\/a><\/p>\n","protected":false},"author":6,"featured_media":0,"parent":0,"menu_order":0,"comment_status":"closed","ping_status":"open","template":"","meta":{"neve_meta_sidebar":"","neve_meta_container":"","neve_meta_enable_content_width":"","neve_meta_content_width":0,"neve_meta_title_alignment":"","neve_meta_author_avatar":"","neve_post_elements_order":"","neve_meta_disable_header":"","neve_meta_disable_footer":"","neve_meta_disable_title":"","footnotes":""},"class_list":["post-1672","page","type-page","status-publish","hentry"],"yoast_head":"<!-- This site is optimized with the Yoast SEO plugin v27.4 - https:\/\/yoast.com\/product\/yoast-seo-wordpress\/ -->\n<title>Program Wychowawczy Przedszkola - Przedszkole nr 395<\/title>\n<meta name=\"robots\" content=\"index, follow, max-snippet:-1, max-image-preview:large, max-video-preview:-1\" \/>\n<link rel=\"canonical\" href=\"https:\/\/p395.ursynow.warszawa.pl\/index.php\/program-wychowawczy-przedszkola\/\" \/>\n<meta property=\"og:locale\" content=\"pl_PL\" \/>\n<meta property=\"og:type\" content=\"article\" \/>\n<meta property=\"og:title\" content=\"Program Wychowawczy Przedszkola - Przedszkole nr 395\" \/>\n<meta property=\"og:description\" content=\"PROGRAM WYCHOWAWCZY PRZEDSZKOLA NR 395 W\u00a0WARSZAWIE Podstawy Programu: \u00a0Rozporz\u0105dzenie MEN z dnia 23.12.2008r. w sprawie podstawy programowej wychowania przedszkolnego oraz kszta\u0142cenia og\u00f3lnego (Dz. U. z 15.01.2009r. Nr\u00a04, poz. 17) Ustawa z dnia 7.09.1991o systemie o\u015bwiaty (Dz. U nr.256,poz. 2572 z\u00a0p\u00f3\u017aniejszymi zmianami) Do\u015bwiadczenie zawodowe nauczycieli przedszkola. Motto \u00a0\u201eNie ma dzieci \u2013 s\u0105 ludzie, ale o innej&hellip;&nbsp;Czytaj dalej &raquo;Program Wychowawczy Przedszkola\" \/>\n<meta property=\"og:url\" content=\"https:\/\/p395.ursynow.warszawa.pl\/index.php\/program-wychowawczy-przedszkola\/\" \/>\n<meta property=\"og:site_name\" content=\"Przedszkole nr 395\" \/>\n<meta property=\"article:modified_time\" content=\"2013-10-15T10:53:35+00:00\" \/>\n<meta name=\"twitter:card\" content=\"summary_large_image\" \/>\n<meta name=\"twitter:label1\" content=\"Szacowany czas czytania\" \/>\n\t<meta name=\"twitter:data1\" content=\"6 minut\" \/>\n<script type=\"application\/ld+json\" class=\"yoast-schema-graph\">{\"@context\":\"https:\\\/\\\/schema.org\",\"@graph\":[{\"@type\":\"WebPage\",\"@id\":\"https:\\\/\\\/p395.ursynow.warszawa.pl\\\/index.php\\\/program-wychowawczy-przedszkola\\\/\",\"url\":\"https:\\\/\\\/p395.ursynow.warszawa.pl\\\/index.php\\\/program-wychowawczy-przedszkola\\\/\",\"name\":\"Program Wychowawczy Przedszkola - Przedszkole nr 395\",\"isPartOf\":{\"@id\":\"https:\\\/\\\/p395.ursynow.warszawa.pl\\\/#website\"},\"datePublished\":\"2013-10-15T10:50:30+00:00\",\"dateModified\":\"2013-10-15T10:53:35+00:00\",\"breadcrumb\":{\"@id\":\"https:\\\/\\\/p395.ursynow.warszawa.pl\\\/index.php\\\/program-wychowawczy-przedszkola\\\/#breadcrumb\"},\"inLanguage\":\"pl-PL\",\"potentialAction\":[{\"@type\":\"ReadAction\",\"target\":[\"https:\\\/\\\/p395.ursynow.warszawa.pl\\\/index.php\\\/program-wychowawczy-przedszkola\\\/\"]}]},{\"@type\":\"BreadcrumbList\",\"@id\":\"https:\\\/\\\/p395.ursynow.warszawa.pl\\\/index.php\\\/program-wychowawczy-przedszkola\\\/#breadcrumb\",\"itemListElement\":[{\"@type\":\"ListItem\",\"position\":1,\"name\":\"Strona g\u0142\u00f3wna\",\"item\":\"https:\\\/\\\/p395.ursynow.warszawa.pl\\\/\"},{\"@type\":\"ListItem\",\"position\":2,\"name\":\"Program Wychowawczy Przedszkola\"}]},{\"@type\":\"WebSite\",\"@id\":\"https:\\\/\\\/p395.ursynow.warszawa.pl\\\/#website\",\"url\":\"https:\\\/\\\/p395.ursynow.warszawa.pl\\\/\",\"name\":\"Przedszkole nr 395\",\"description\":\"Przedszkole 395\",\"potentialAction\":[{\"@type\":\"SearchAction\",\"target\":{\"@type\":\"EntryPoint\",\"urlTemplate\":\"https:\\\/\\\/p395.ursynow.warszawa.pl\\\/?s={search_term_string}\"},\"query-input\":{\"@type\":\"PropertyValueSpecification\",\"valueRequired\":true,\"valueName\":\"search_term_string\"}}],\"inLanguage\":\"pl-PL\"}]}<\/script>\n<!-- \/ Yoast SEO plugin. -->","yoast_head_json":{"title":"Program Wychowawczy Przedszkola - Przedszkole nr 395","robots":{"index":"index","follow":"follow","max-snippet":"max-snippet:-1","max-image-preview":"max-image-preview:large","max-video-preview":"max-video-preview:-1"},"canonical":"https:\/\/p395.ursynow.warszawa.pl\/index.php\/program-wychowawczy-przedszkola\/","og_locale":"pl_PL","og_type":"article","og_title":"Program Wychowawczy Przedszkola - Przedszkole nr 395","og_description":"PROGRAM WYCHOWAWCZY PRZEDSZKOLA NR 395 W\u00a0WARSZAWIE Podstawy Programu: \u00a0Rozporz\u0105dzenie MEN z dnia 23.12.2008r. w sprawie podstawy programowej wychowania przedszkolnego oraz kszta\u0142cenia og\u00f3lnego (Dz. U. z 15.01.2009r. Nr\u00a04, poz. 17) Ustawa z dnia 7.09.1991o systemie o\u015bwiaty (Dz. U nr.256,poz. 2572 z\u00a0p\u00f3\u017aniejszymi zmianami) Do\u015bwiadczenie zawodowe nauczycieli przedszkola. Motto \u00a0\u201eNie ma dzieci \u2013 s\u0105 ludzie, ale o innej&hellip;&nbsp;Czytaj dalej &raquo;Program Wychowawczy Przedszkola","og_url":"https:\/\/p395.ursynow.warszawa.pl\/index.php\/program-wychowawczy-przedszkola\/","og_site_name":"Przedszkole nr 395","article_modified_time":"2013-10-15T10:53:35+00:00","twitter_card":"summary_large_image","twitter_misc":{"Szacowany czas czytania":"6 minut"},"schema":{"@context":"https:\/\/schema.org","@graph":[{"@type":"WebPage","@id":"https:\/\/p395.ursynow.warszawa.pl\/index.php\/program-wychowawczy-przedszkola\/","url":"https:\/\/p395.ursynow.warszawa.pl\/index.php\/program-wychowawczy-przedszkola\/","name":"Program Wychowawczy Przedszkola - Przedszkole nr 395","isPartOf":{"@id":"https:\/\/p395.ursynow.warszawa.pl\/#website"},"datePublished":"2013-10-15T10:50:30+00:00","dateModified":"2013-10-15T10:53:35+00:00","breadcrumb":{"@id":"https:\/\/p395.ursynow.warszawa.pl\/index.php\/program-wychowawczy-przedszkola\/#breadcrumb"},"inLanguage":"pl-PL","potentialAction":[{"@type":"ReadAction","target":["https:\/\/p395.ursynow.warszawa.pl\/index.php\/program-wychowawczy-przedszkola\/"]}]},{"@type":"BreadcrumbList","@id":"https:\/\/p395.ursynow.warszawa.pl\/index.php\/program-wychowawczy-przedszkola\/#breadcrumb","itemListElement":[{"@type":"ListItem","position":1,"name":"Strona g\u0142\u00f3wna","item":"https:\/\/p395.ursynow.warszawa.pl\/"},{"@type":"ListItem","position":2,"name":"Program Wychowawczy Przedszkola"}]},{"@type":"WebSite","@id":"https:\/\/p395.ursynow.warszawa.pl\/#website","url":"https:\/\/p395.ursynow.warszawa.pl\/","name":"Przedszkole nr 395","description":"Przedszkole 395","potentialAction":[{"@type":"SearchAction","target":{"@type":"EntryPoint","urlTemplate":"https:\/\/p395.ursynow.warszawa.pl\/?s={search_term_string}"},"query-input":{"@type":"PropertyValueSpecification","valueRequired":true,"valueName":"search_term_string"}}],"inLanguage":"pl-PL"}]}},"_links":{"self":[{"href":"https:\/\/p395.ursynow.warszawa.pl\/index.php\/wp-json\/wp\/v2\/pages\/1672","targetHints":{"allow":["GET"]}}],"collection":[{"href":"https:\/\/p395.ursynow.warszawa.pl\/index.php\/wp-json\/wp\/v2\/pages"}],"about":[{"href":"https:\/\/p395.ursynow.warszawa.pl\/index.php\/wp-json\/wp\/v2\/types\/page"}],"author":[{"embeddable":true,"href":"https:\/\/p395.ursynow.warszawa.pl\/index.php\/wp-json\/wp\/v2\/users\/6"}],"replies":[{"embeddable":true,"href":"https:\/\/p395.ursynow.warszawa.pl\/index.php\/wp-json\/wp\/v2\/comments?post=1672"}],"version-history":[{"count":2,"href":"https:\/\/p395.ursynow.warszawa.pl\/index.php\/wp-json\/wp\/v2\/pages\/1672\/revisions"}],"predecessor-version":[{"id":1675,"href":"https:\/\/p395.ursynow.warszawa.pl\/index.php\/wp-json\/wp\/v2\/pages\/1672\/revisions\/1675"}],"wp:attachment":[{"href":"https:\/\/p395.ursynow.warszawa.pl\/index.php\/wp-json\/wp\/v2\/media?parent=1672"}],"curies":[{"name":"wp","href":"https:\/\/api.w.org\/{rel}","templated":true}]}}