{"id":28874,"date":"2017-01-18T09:12:46","date_gmt":"2017-01-18T08:12:46","guid":{"rendered":"https:\/\/p395.ursynow.warszawa.pl\/?page_id=28874"},"modified":"2017-01-18T09:25:25","modified_gmt":"2017-01-18T08:25:25","slug":"wycieczka-na-stare-miasto","status":"publish","type":"page","link":"https:\/\/p395.ursynow.warszawa.pl\/index.php\/wycieczka-na-stare-miasto\/","title":{"rendered":"Wycieczka na Stare Miasto"},"content":{"rendered":"<p style=\"text-align: justify;\"><span style=\"font-size: 12pt;\">Dnia 27 wrze\u015bnia 2016 r. dzieci z grupy V (Misie Optymisie) zwiedza\u0142y warszawskie Stare Miasto, gdzie mia\u0142y okazj\u0119 pozna\u0107<br \/>\ni podziwia\u0107 najwa\u017cniejsze zabytki Star\u00f3wki Warszawskiej.\u00a0<\/span><\/p>\n<p style=\"text-align: justify;\"><a href=\"https:\/\/p395.ursynow.warszawa.pl\/wp-content\/uploads\/2017\/01\/P1200258.jpg\"><img fetchpriority=\"high\" decoding=\"async\" class=\"alignnone size-medium wp-image-28877\" src=\"https:\/\/p395.ursynow.warszawa.pl\/wp-content\/uploads\/2017\/01\/P1200258-225x300.jpg\" alt=\"P1200258\" width=\"225\" height=\"300\" srcset=\"https:\/\/p395.ursynow.warszawa.pl\/wp-content\/uploads\/2017\/01\/P1200258-225x300.jpg 225w, https:\/\/p395.ursynow.warszawa.pl\/wp-content\/uploads\/2017\/01\/P1200258.jpg 600w\" sizes=\"(max-width: 225px) 100vw, 225px\" \/><\/a>\u00a0<a href=\"https:\/\/p395.ursynow.warszawa.pl\/wp-content\/uploads\/2017\/01\/P1200306.jpg\"><img decoding=\"async\" class=\"alignnone size-medium wp-image-28878\" src=\"https:\/\/p395.ursynow.warszawa.pl\/wp-content\/uploads\/2017\/01\/P1200306-225x300.jpg\" alt=\"P1200306\" width=\"225\" height=\"300\" srcset=\"https:\/\/p395.ursynow.warszawa.pl\/wp-content\/uploads\/2017\/01\/P1200306-225x300.jpg 225w, https:\/\/p395.ursynow.warszawa.pl\/wp-content\/uploads\/2017\/01\/P1200306.jpg 600w\" sizes=\"(max-width: 225px) 100vw, 225px\" \/><\/a>\u00a0<a href=\"https:\/\/p395.ursynow.warszawa.pl\/wp-content\/uploads\/2017\/01\/P1200275.jpg\"><img decoding=\"async\" class=\"alignnone size-medium wp-image-28879\" src=\"https:\/\/p395.ursynow.warszawa.pl\/wp-content\/uploads\/2017\/01\/P1200275-300x225.jpg\" alt=\"P1200275\" width=\"300\" height=\"225\" srcset=\"https:\/\/p395.ursynow.warszawa.pl\/wp-content\/uploads\/2017\/01\/P1200275-300x225.jpg 300w, https:\/\/p395.ursynow.warszawa.pl\/wp-content\/uploads\/2017\/01\/P1200275.jpg 800w\" sizes=\"(max-width: 300px) 100vw, 300px\" \/><\/a><a href=\"https:\/\/p395.ursynow.warszawa.pl\/wp-content\/uploads\/2017\/01\/P1200291.jpg\"><img loading=\"lazy\" decoding=\"async\" class=\"alignnone size-medium wp-image-28880\" src=\"https:\/\/p395.ursynow.warszawa.pl\/wp-content\/uploads\/2017\/01\/P1200291-300x225.jpg\" alt=\"P1200291\" width=\"300\" height=\"225\" srcset=\"https:\/\/p395.ursynow.warszawa.pl\/wp-content\/uploads\/2017\/01\/P1200291-300x225.jpg 300w, https:\/\/p395.ursynow.warszawa.pl\/wp-content\/uploads\/2017\/01\/P1200291.jpg 800w\" sizes=\"(max-width: 300px) 100vw, 300px\" \/><\/a> <a href=\"https:\/\/p395.ursynow.warszawa.pl\/wp-content\/uploads\/2017\/01\/P1200314.jpg\"><img loading=\"lazy\" decoding=\"async\" class=\"alignnone size-medium wp-image-28881\" src=\"https:\/\/p395.ursynow.warszawa.pl\/wp-content\/uploads\/2017\/01\/P1200314-300x225.jpg\" alt=\"P1200314\" width=\"300\" height=\"225\" srcset=\"https:\/\/p395.ursynow.warszawa.pl\/wp-content\/uploads\/2017\/01\/P1200314-300x225.jpg 300w, https:\/\/p395.ursynow.warszawa.pl\/wp-content\/uploads\/2017\/01\/P1200314.jpg 800w\" sizes=\"(max-width: 300px) 100vw, 300px\" \/><\/a><\/p>\n","protected":false},"excerpt":{"rendered":"<p>Dnia 27 wrze\u015bnia 2016 r. dzieci z grupy V (Misie Optymisie) zwiedza\u0142y warszawskie Stare Miasto, gdzie mia\u0142y okazj\u0119 pozna\u0107 i podziwia\u0107 najwa\u017cniejsze zabytki Star\u00f3wki Warszawskiej.\u00a0 \u00a0\u00a0<\/p>\n","protected":false},"author":6,"featured_media":0,"parent":0,"menu_order":0,"comment_status":"closed","ping_status":"open","template":"","meta":{"neve_meta_sidebar":"","neve_meta_container":"","neve_meta_enable_content_width":"","neve_meta_content_width":0,"neve_meta_title_alignment":"","neve_meta_author_avatar":"","neve_post_elements_order":"","neve_meta_disable_header":"","neve_meta_disable_footer":"","neve_meta_disable_title":"","footnotes":""},"class_list":["post-28874","page","type-page","status-publish","hentry"],"yoast_head":"<!-- This site is optimized with the Yoast SEO plugin v27.4 - https:\/\/yoast.com\/product\/yoast-seo-wordpress\/ -->\n<title>Wycieczka na Stare Miasto - Przedszkole nr 395<\/title>\n<meta name=\"robots\" content=\"index, follow, max-snippet:-1, max-image-preview:large, max-video-preview:-1\" \/>\n<link rel=\"canonical\" href=\"https:\/\/p395.ursynow.warszawa.pl\/index.php\/wycieczka-na-stare-miasto\/\" \/>\n<meta property=\"og:locale\" content=\"pl_PL\" \/>\n<meta property=\"og:type\" content=\"article\" \/>\n<meta property=\"og:title\" content=\"Wycieczka na Stare Miasto - Przedszkole nr 395\" \/>\n<meta property=\"og:description\" content=\"Dnia 27 wrze\u015bnia 2016 r. dzieci z grupy V (Misie Optymisie) zwiedza\u0142y warszawskie Stare Miasto, gdzie mia\u0142y okazj\u0119 pozna\u0107 i podziwia\u0107 najwa\u017cniejsze zabytki Star\u00f3wki Warszawskiej.\u00a0 \u00a0\u00a0\" \/>\n<meta property=\"og:url\" content=\"https:\/\/p395.ursynow.warszawa.pl\/index.php\/wycieczka-na-stare-miasto\/\" \/>\n<meta property=\"og:site_name\" content=\"Przedszkole nr 395\" \/>\n<meta property=\"article:modified_time\" content=\"2017-01-18T08:25:25+00:00\" \/>\n<meta property=\"og:image\" content=\"https:\/\/p395.ursynow.warszawa.pl\/wp-content\/uploads\/2017\/01\/P1200258.jpg\" \/>\n\t<meta property=\"og:image:width\" content=\"600\" \/>\n\t<meta property=\"og:image:height\" content=\"800\" \/>\n\t<meta property=\"og:image:type\" content=\"image\/jpeg\" \/>\n<meta name=\"twitter:card\" content=\"summary_large_image\" \/>\n<script type=\"application\/ld+json\" class=\"yoast-schema-graph\">{\"@context\":\"https:\\\/\\\/schema.org\",\"@graph\":[{\"@type\":\"WebPage\",\"@id\":\"https:\\\/\\\/p395.ursynow.warszawa.pl\\\/index.php\\\/wycieczka-na-stare-miasto\\\/\",\"url\":\"https:\\\/\\\/p395.ursynow.warszawa.pl\\\/index.php\\\/wycieczka-na-stare-miasto\\\/\",\"name\":\"Wycieczka na Stare Miasto - Przedszkole nr 395\",\"isPartOf\":{\"@id\":\"https:\\\/\\\/p395.ursynow.warszawa.pl\\\/#website\"},\"primaryImageOfPage\":{\"@id\":\"https:\\\/\\\/p395.ursynow.warszawa.pl\\\/index.php\\\/wycieczka-na-stare-miasto\\\/#primaryimage\"},\"image\":{\"@id\":\"https:\\\/\\\/p395.ursynow.warszawa.pl\\\/index.php\\\/wycieczka-na-stare-miasto\\\/#primaryimage\"},\"thumbnailUrl\":\"https:\\\/\\\/p395.ursynow.warszawa.pl\\\/wp-content\\\/uploads\\\/2017\\\/01\\\/P1200258-225x300.jpg\",\"datePublished\":\"2017-01-18T08:12:46+00:00\",\"dateModified\":\"2017-01-18T08:25:25+00:00\",\"breadcrumb\":{\"@id\":\"https:\\\/\\\/p395.ursynow.warszawa.pl\\\/index.php\\\/wycieczka-na-stare-miasto\\\/#breadcrumb\"},\"inLanguage\":\"pl-PL\",\"potentialAction\":[{\"@type\":\"ReadAction\",\"target\":[\"https:\\\/\\\/p395.ursynow.warszawa.pl\\\/index.php\\\/wycieczka-na-stare-miasto\\\/\"]}]},{\"@type\":\"ImageObject\",\"inLanguage\":\"pl-PL\",\"@id\":\"https:\\\/\\\/p395.ursynow.warszawa.pl\\\/index.php\\\/wycieczka-na-stare-miasto\\\/#primaryimage\",\"url\":\"https:\\\/\\\/p395.ursynow.warszawa.pl\\\/wp-content\\\/uploads\\\/2017\\\/01\\\/P1200258.jpg\",\"contentUrl\":\"https:\\\/\\\/p395.ursynow.warszawa.pl\\\/wp-content\\\/uploads\\\/2017\\\/01\\\/P1200258.jpg\",\"width\":600,\"height\":800},{\"@type\":\"BreadcrumbList\",\"@id\":\"https:\\\/\\\/p395.ursynow.warszawa.pl\\\/index.php\\\/wycieczka-na-stare-miasto\\\/#breadcrumb\",\"itemListElement\":[{\"@type\":\"ListItem\",\"position\":1,\"name\":\"Strona g\u0142\u00f3wna\",\"item\":\"https:\\\/\\\/p395.ursynow.warszawa.pl\\\/\"},{\"@type\":\"ListItem\",\"position\":2,\"name\":\"Wycieczka na Stare Miasto\"}]},{\"@type\":\"WebSite\",\"@id\":\"https:\\\/\\\/p395.ursynow.warszawa.pl\\\/#website\",\"url\":\"https:\\\/\\\/p395.ursynow.warszawa.pl\\\/\",\"name\":\"Przedszkole nr 395\",\"description\":\"Przedszkole 395\",\"potentialAction\":[{\"@type\":\"SearchAction\",\"target\":{\"@type\":\"EntryPoint\",\"urlTemplate\":\"https:\\\/\\\/p395.ursynow.warszawa.pl\\\/?s={search_term_string}\"},\"query-input\":{\"@type\":\"PropertyValueSpecification\",\"valueRequired\":true,\"valueName\":\"search_term_string\"}}],\"inLanguage\":\"pl-PL\"}]}<\/script>\n<!-- \/ Yoast SEO plugin. -->","yoast_head_json":{"title":"Wycieczka na Stare Miasto - Przedszkole nr 395","robots":{"index":"index","follow":"follow","max-snippet":"max-snippet:-1","max-image-preview":"max-image-preview:large","max-video-preview":"max-video-preview:-1"},"canonical":"https:\/\/p395.ursynow.warszawa.pl\/index.php\/wycieczka-na-stare-miasto\/","og_locale":"pl_PL","og_type":"article","og_title":"Wycieczka na Stare Miasto - Przedszkole nr 395","og_description":"Dnia 27 wrze\u015bnia 2016 r. dzieci z grupy V (Misie Optymisie) zwiedza\u0142y warszawskie Stare Miasto, gdzie mia\u0142y okazj\u0119 pozna\u0107 i podziwia\u0107 najwa\u017cniejsze zabytki Star\u00f3wki Warszawskiej.\u00a0 \u00a0\u00a0","og_url":"https:\/\/p395.ursynow.warszawa.pl\/index.php\/wycieczka-na-stare-miasto\/","og_site_name":"Przedszkole nr 395","article_modified_time":"2017-01-18T08:25:25+00:00","og_image":[{"width":600,"height":800,"url":"https:\/\/p395.ursynow.warszawa.pl\/wp-content\/uploads\/2017\/01\/P1200258.jpg","type":"image\/jpeg"}],"twitter_card":"summary_large_image","schema":{"@context":"https:\/\/schema.org","@graph":[{"@type":"WebPage","@id":"https:\/\/p395.ursynow.warszawa.pl\/index.php\/wycieczka-na-stare-miasto\/","url":"https:\/\/p395.ursynow.warszawa.pl\/index.php\/wycieczka-na-stare-miasto\/","name":"Wycieczka na Stare Miasto - Przedszkole nr 395","isPartOf":{"@id":"https:\/\/p395.ursynow.warszawa.pl\/#website"},"primaryImageOfPage":{"@id":"https:\/\/p395.ursynow.warszawa.pl\/index.php\/wycieczka-na-stare-miasto\/#primaryimage"},"image":{"@id":"https:\/\/p395.ursynow.warszawa.pl\/index.php\/wycieczka-na-stare-miasto\/#primaryimage"},"thumbnailUrl":"https:\/\/p395.ursynow.warszawa.pl\/wp-content\/uploads\/2017\/01\/P1200258-225x300.jpg","datePublished":"2017-01-18T08:12:46+00:00","dateModified":"2017-01-18T08:25:25+00:00","breadcrumb":{"@id":"https:\/\/p395.ursynow.warszawa.pl\/index.php\/wycieczka-na-stare-miasto\/#breadcrumb"},"inLanguage":"pl-PL","potentialAction":[{"@type":"ReadAction","target":["https:\/\/p395.ursynow.warszawa.pl\/index.php\/wycieczka-na-stare-miasto\/"]}]},{"@type":"ImageObject","inLanguage":"pl-PL","@id":"https:\/\/p395.ursynow.warszawa.pl\/index.php\/wycieczka-na-stare-miasto\/#primaryimage","url":"https:\/\/p395.ursynow.warszawa.pl\/wp-content\/uploads\/2017\/01\/P1200258.jpg","contentUrl":"https:\/\/p395.ursynow.warszawa.pl\/wp-content\/uploads\/2017\/01\/P1200258.jpg","width":600,"height":800},{"@type":"BreadcrumbList","@id":"https:\/\/p395.ursynow.warszawa.pl\/index.php\/wycieczka-na-stare-miasto\/#breadcrumb","itemListElement":[{"@type":"ListItem","position":1,"name":"Strona g\u0142\u00f3wna","item":"https:\/\/p395.ursynow.warszawa.pl\/"},{"@type":"ListItem","position":2,"name":"Wycieczka na Stare Miasto"}]},{"@type":"WebSite","@id":"https:\/\/p395.ursynow.warszawa.pl\/#website","url":"https:\/\/p395.ursynow.warszawa.pl\/","name":"Przedszkole nr 395","description":"Przedszkole 395","potentialAction":[{"@type":"SearchAction","target":{"@type":"EntryPoint","urlTemplate":"https:\/\/p395.ursynow.warszawa.pl\/?s={search_term_string}"},"query-input":{"@type":"PropertyValueSpecification","valueRequired":true,"valueName":"search_term_string"}}],"inLanguage":"pl-PL"}]}},"_links":{"self":[{"href":"https:\/\/p395.ursynow.warszawa.pl\/index.php\/wp-json\/wp\/v2\/pages\/28874","targetHints":{"allow":["GET"]}}],"collection":[{"href":"https:\/\/p395.ursynow.warszawa.pl\/index.php\/wp-json\/wp\/v2\/pages"}],"about":[{"href":"https:\/\/p395.ursynow.warszawa.pl\/index.php\/wp-json\/wp\/v2\/types\/page"}],"author":[{"embeddable":true,"href":"https:\/\/p395.ursynow.warszawa.pl\/index.php\/wp-json\/wp\/v2\/users\/6"}],"replies":[{"embeddable":true,"href":"https:\/\/p395.ursynow.warszawa.pl\/index.php\/wp-json\/wp\/v2\/comments?post=28874"}],"version-history":[{"count":4,"href":"https:\/\/p395.ursynow.warszawa.pl\/index.php\/wp-json\/wp\/v2\/pages\/28874\/revisions"}],"predecessor-version":[{"id":28883,"href":"https:\/\/p395.ursynow.warszawa.pl\/index.php\/wp-json\/wp\/v2\/pages\/28874\/revisions\/28883"}],"wp:attachment":[{"href":"https:\/\/p395.ursynow.warszawa.pl\/index.php\/wp-json\/wp\/v2\/media?parent=28874"}],"curies":[{"name":"wp","href":"https:\/\/api.w.org\/{rel}","templated":true}]}}