{"id":28898,"date":"2017-01-18T09:40:25","date_gmt":"2017-01-18T08:40:25","guid":{"rendered":"https:\/\/p395.ursynow.warszawa.pl\/?page_id=28898"},"modified":"2017-01-19T20:29:24","modified_gmt":"2017-01-19T19:29:24","slug":"swieto-niepodleglosci-3","status":"publish","type":"page","link":"https:\/\/p395.ursynow.warszawa.pl\/index.php\/swieto-niepodleglosci-3\/","title":{"rendered":"\u015awi\u0119to Niepodleg\u0142o\u015bci"},"content":{"rendered":"<p style=\"text-align: justify;\"><span style=\"font-size: 12pt;\">Dnia 8 listopada 2016 r. dzieci z naszego Przedszkola uroczy\u015bcie obchodzi\u0142y \u015awi\u0119to Niepodleg\u0142o\u015bci. Na spotkanie zostali zaproszeni go\u015bcie: \u017co\u0142nierz Si\u0142 Powietrznych, podpu\u0142kownik Jaros\u0142aw Pachocki, przedstawicielka Muzeum Historii Polski, przedstawicielka Natoli\u0144skiego O\u015brodka Kultury oraz przedstawiciele Caritas dzia\u0142aj\u0105cego przy Parafii Ofiarowania Pa\u0144skiego<br \/>\nw Warszawie i przedstawiciele Klubu Seniora Wrzos dzia\u0142aj\u0105cego przy Natoli\u0144skim O\u015brodku Kultury. Dzieci za\u015bpiewa\u0142y hymn pa\u0144stwowy i zaprezentowa\u0142y pie\u015bni i wiersze o tematyce patriotycznej.\u00a0<\/span><\/p>\n<p style=\"text-align: center;\"><a href=\"https:\/\/p395.ursynow.warszawa.pl\/wp-content\/uploads\/2017\/01\/P1200764.jpg\"><img fetchpriority=\"high\" decoding=\"async\" class=\"alignnone size-medium wp-image-28969\" src=\"https:\/\/p395.ursynow.warszawa.pl\/wp-content\/uploads\/2017\/01\/P1200764-300x225.jpg\" alt=\"P1200764\" width=\"300\" height=\"225\" srcset=\"https:\/\/p395.ursynow.warszawa.pl\/wp-content\/uploads\/2017\/01\/P1200764-300x225.jpg 300w, https:\/\/p395.ursynow.warszawa.pl\/wp-content\/uploads\/2017\/01\/P1200764.jpg 800w\" sizes=\"(max-width: 300px) 100vw, 300px\" \/><\/a> <a href=\"https:\/\/p395.ursynow.warszawa.pl\/wp-content\/uploads\/2017\/01\/P1200788.jpg\"><img decoding=\"async\" class=\"alignnone size-medium wp-image-28968\" src=\"https:\/\/p395.ursynow.warszawa.pl\/wp-content\/uploads\/2017\/01\/P1200788-300x225.jpg\" alt=\"P1200788\" width=\"300\" height=\"225\" srcset=\"https:\/\/p395.ursynow.warszawa.pl\/wp-content\/uploads\/2017\/01\/P1200788-300x225.jpg 300w, https:\/\/p395.ursynow.warszawa.pl\/wp-content\/uploads\/2017\/01\/P1200788.jpg 800w\" sizes=\"(max-width: 300px) 100vw, 300px\" \/><\/a> <a href=\"https:\/\/p395.ursynow.warszawa.pl\/wp-content\/uploads\/2017\/01\/P1200749.jpg\"><img decoding=\"async\" class=\"alignnone size-medium wp-image-28967\" src=\"https:\/\/p395.ursynow.warszawa.pl\/wp-content\/uploads\/2017\/01\/P1200749-300x225.jpg\" alt=\"P1200749\" width=\"300\" height=\"225\" srcset=\"https:\/\/p395.ursynow.warszawa.pl\/wp-content\/uploads\/2017\/01\/P1200749-300x225.jpg 300w, https:\/\/p395.ursynow.warszawa.pl\/wp-content\/uploads\/2017\/01\/P1200749.jpg 800w\" sizes=\"(max-width: 300px) 100vw, 300px\" \/><\/a> <a href=\"https:\/\/p395.ursynow.warszawa.pl\/wp-content\/uploads\/2017\/01\/P1200762.jpg\"><img loading=\"lazy\" decoding=\"async\" class=\"alignnone size-medium wp-image-28966\" src=\"https:\/\/p395.ursynow.warszawa.pl\/wp-content\/uploads\/2017\/01\/P1200762-300x225.jpg\" alt=\"P1200762\" width=\"300\" height=\"225\" srcset=\"https:\/\/p395.ursynow.warszawa.pl\/wp-content\/uploads\/2017\/01\/P1200762-300x225.jpg 300w, https:\/\/p395.ursynow.warszawa.pl\/wp-content\/uploads\/2017\/01\/P1200762.jpg 800w\" sizes=\"(max-width: 300px) 100vw, 300px\" \/><\/a><\/p>\n","protected":false},"excerpt":{"rendered":"<p>Dnia 8 listopada 2016 r. dzieci z naszego Przedszkola uroczy\u015bcie obchodzi\u0142y \u015awi\u0119to Niepodleg\u0142o\u015bci. Na spotkanie zostali zaproszeni go\u015bcie: \u017co\u0142nierz Si\u0142 Powietrznych, podpu\u0142kownik Jaros\u0142aw Pachocki, przedstawicielka Muzeum Historii Polski, przedstawicielka Natoli\u0144skiego O\u015brodka Kultury oraz przedstawiciele Caritas dzia\u0142aj\u0105cego przy Parafii Ofiarowania Pa\u0144skiego w Warszawie i przedstawiciele Klubu Seniora Wrzos dzia\u0142aj\u0105cego przy Natoli\u0144skim O\u015brodku Kultury. Dzieci za\u015bpiewa\u0142y hymn&hellip;&nbsp;<a href=\"https:\/\/p395.ursynow.warszawa.pl\/index.php\/swieto-niepodleglosci-3\/\" class=\"\" rel=\"bookmark\">Czytaj dalej &raquo;<span class=\"screen-reader-text\">\u015awi\u0119to Niepodleg\u0142o\u015bci<\/span><\/a><\/p>\n","protected":false},"author":6,"featured_media":0,"parent":0,"menu_order":0,"comment_status":"closed","ping_status":"open","template":"","meta":{"neve_meta_sidebar":"","neve_meta_container":"","neve_meta_enable_content_width":"","neve_meta_content_width":0,"neve_meta_title_alignment":"","neve_meta_author_avatar":"","neve_post_elements_order":"","neve_meta_disable_header":"","neve_meta_disable_footer":"","neve_meta_disable_title":"","footnotes":""},"class_list":["post-28898","page","type-page","status-publish","hentry"],"yoast_head":"<!-- This site is optimized with the Yoast SEO plugin v27.4 - https:\/\/yoast.com\/product\/yoast-seo-wordpress\/ -->\n<title>\u015awi\u0119to Niepodleg\u0142o\u015bci - Przedszkole nr 395<\/title>\n<meta name=\"robots\" content=\"index, follow, max-snippet:-1, max-image-preview:large, max-video-preview:-1\" \/>\n<link rel=\"canonical\" href=\"https:\/\/p395.ursynow.warszawa.pl\/index.php\/swieto-niepodleglosci-3\/\" \/>\n<meta property=\"og:locale\" content=\"pl_PL\" \/>\n<meta property=\"og:type\" content=\"article\" \/>\n<meta property=\"og:title\" content=\"\u015awi\u0119to Niepodleg\u0142o\u015bci - Przedszkole nr 395\" \/>\n<meta property=\"og:description\" content=\"Dnia 8 listopada 2016 r. dzieci z naszego Przedszkola uroczy\u015bcie obchodzi\u0142y \u015awi\u0119to Niepodleg\u0142o\u015bci. Na spotkanie zostali zaproszeni go\u015bcie: \u017co\u0142nierz Si\u0142 Powietrznych, podpu\u0142kownik Jaros\u0142aw Pachocki, przedstawicielka Muzeum Historii Polski, przedstawicielka Natoli\u0144skiego O\u015brodka Kultury oraz przedstawiciele Caritas dzia\u0142aj\u0105cego przy Parafii Ofiarowania Pa\u0144skiego w Warszawie i przedstawiciele Klubu Seniora Wrzos dzia\u0142aj\u0105cego przy Natoli\u0144skim O\u015brodku Kultury. Dzieci za\u015bpiewa\u0142y hymn&hellip;&nbsp;Czytaj dalej &raquo;\u015awi\u0119to Niepodleg\u0142o\u015bci\" \/>\n<meta property=\"og:url\" content=\"https:\/\/p395.ursynow.warszawa.pl\/index.php\/swieto-niepodleglosci-3\/\" \/>\n<meta property=\"og:site_name\" content=\"Przedszkole nr 395\" \/>\n<meta property=\"article:modified_time\" content=\"2017-01-19T19:29:24+00:00\" \/>\n<meta property=\"og:image\" content=\"https:\/\/p395.ursynow.warszawa.pl\/wp-content\/uploads\/2017\/01\/P1200764.jpg\" \/>\n\t<meta property=\"og:image:width\" content=\"800\" \/>\n\t<meta property=\"og:image:height\" content=\"600\" \/>\n\t<meta property=\"og:image:type\" content=\"image\/jpeg\" \/>\n<meta name=\"twitter:card\" content=\"summary_large_image\" \/>\n<script type=\"application\/ld+json\" class=\"yoast-schema-graph\">{\"@context\":\"https:\\\/\\\/schema.org\",\"@graph\":[{\"@type\":\"WebPage\",\"@id\":\"https:\\\/\\\/p395.ursynow.warszawa.pl\\\/index.php\\\/swieto-niepodleglosci-3\\\/\",\"url\":\"https:\\\/\\\/p395.ursynow.warszawa.pl\\\/index.php\\\/swieto-niepodleglosci-3\\\/\",\"name\":\"\u015awi\u0119to Niepodleg\u0142o\u015bci - Przedszkole nr 395\",\"isPartOf\":{\"@id\":\"https:\\\/\\\/p395.ursynow.warszawa.pl\\\/#website\"},\"primaryImageOfPage\":{\"@id\":\"https:\\\/\\\/p395.ursynow.warszawa.pl\\\/index.php\\\/swieto-niepodleglosci-3\\\/#primaryimage\"},\"image\":{\"@id\":\"https:\\\/\\\/p395.ursynow.warszawa.pl\\\/index.php\\\/swieto-niepodleglosci-3\\\/#primaryimage\"},\"thumbnailUrl\":\"https:\\\/\\\/p395.ursynow.warszawa.pl\\\/wp-content\\\/uploads\\\/2017\\\/01\\\/P1200764-300x225.jpg\",\"datePublished\":\"2017-01-18T08:40:25+00:00\",\"dateModified\":\"2017-01-19T19:29:24+00:00\",\"breadcrumb\":{\"@id\":\"https:\\\/\\\/p395.ursynow.warszawa.pl\\\/index.php\\\/swieto-niepodleglosci-3\\\/#breadcrumb\"},\"inLanguage\":\"pl-PL\",\"potentialAction\":[{\"@type\":\"ReadAction\",\"target\":[\"https:\\\/\\\/p395.ursynow.warszawa.pl\\\/index.php\\\/swieto-niepodleglosci-3\\\/\"]}]},{\"@type\":\"ImageObject\",\"inLanguage\":\"pl-PL\",\"@id\":\"https:\\\/\\\/p395.ursynow.warszawa.pl\\\/index.php\\\/swieto-niepodleglosci-3\\\/#primaryimage\",\"url\":\"https:\\\/\\\/p395.ursynow.warszawa.pl\\\/wp-content\\\/uploads\\\/2017\\\/01\\\/P1200764.jpg\",\"contentUrl\":\"https:\\\/\\\/p395.ursynow.warszawa.pl\\\/wp-content\\\/uploads\\\/2017\\\/01\\\/P1200764.jpg\",\"width\":800,\"height\":600},{\"@type\":\"BreadcrumbList\",\"@id\":\"https:\\\/\\\/p395.ursynow.warszawa.pl\\\/index.php\\\/swieto-niepodleglosci-3\\\/#breadcrumb\",\"itemListElement\":[{\"@type\":\"ListItem\",\"position\":1,\"name\":\"Strona g\u0142\u00f3wna\",\"item\":\"https:\\\/\\\/p395.ursynow.warszawa.pl\\\/\"},{\"@type\":\"ListItem\",\"position\":2,\"name\":\"\u015awi\u0119to Niepodleg\u0142o\u015bci\"}]},{\"@type\":\"WebSite\",\"@id\":\"https:\\\/\\\/p395.ursynow.warszawa.pl\\\/#website\",\"url\":\"https:\\\/\\\/p395.ursynow.warszawa.pl\\\/\",\"name\":\"Przedszkole nr 395\",\"description\":\"Przedszkole 395\",\"potentialAction\":[{\"@type\":\"SearchAction\",\"target\":{\"@type\":\"EntryPoint\",\"urlTemplate\":\"https:\\\/\\\/p395.ursynow.warszawa.pl\\\/?s={search_term_string}\"},\"query-input\":{\"@type\":\"PropertyValueSpecification\",\"valueRequired\":true,\"valueName\":\"search_term_string\"}}],\"inLanguage\":\"pl-PL\"}]}<\/script>\n<!-- \/ Yoast SEO plugin. -->","yoast_head_json":{"title":"\u015awi\u0119to Niepodleg\u0142o\u015bci - Przedszkole nr 395","robots":{"index":"index","follow":"follow","max-snippet":"max-snippet:-1","max-image-preview":"max-image-preview:large","max-video-preview":"max-video-preview:-1"},"canonical":"https:\/\/p395.ursynow.warszawa.pl\/index.php\/swieto-niepodleglosci-3\/","og_locale":"pl_PL","og_type":"article","og_title":"\u015awi\u0119to Niepodleg\u0142o\u015bci - Przedszkole nr 395","og_description":"Dnia 8 listopada 2016 r. dzieci z naszego Przedszkola uroczy\u015bcie obchodzi\u0142y \u015awi\u0119to Niepodleg\u0142o\u015bci. Na spotkanie zostali zaproszeni go\u015bcie: \u017co\u0142nierz Si\u0142 Powietrznych, podpu\u0142kownik Jaros\u0142aw Pachocki, przedstawicielka Muzeum Historii Polski, przedstawicielka Natoli\u0144skiego O\u015brodka Kultury oraz przedstawiciele Caritas dzia\u0142aj\u0105cego przy Parafii Ofiarowania Pa\u0144skiego w Warszawie i przedstawiciele Klubu Seniora Wrzos dzia\u0142aj\u0105cego przy Natoli\u0144skim O\u015brodku Kultury. Dzieci za\u015bpiewa\u0142y hymn&hellip;&nbsp;Czytaj dalej &raquo;\u015awi\u0119to Niepodleg\u0142o\u015bci","og_url":"https:\/\/p395.ursynow.warszawa.pl\/index.php\/swieto-niepodleglosci-3\/","og_site_name":"Przedszkole nr 395","article_modified_time":"2017-01-19T19:29:24+00:00","og_image":[{"width":800,"height":600,"url":"https:\/\/p395.ursynow.warszawa.pl\/wp-content\/uploads\/2017\/01\/P1200764.jpg","type":"image\/jpeg"}],"twitter_card":"summary_large_image","schema":{"@context":"https:\/\/schema.org","@graph":[{"@type":"WebPage","@id":"https:\/\/p395.ursynow.warszawa.pl\/index.php\/swieto-niepodleglosci-3\/","url":"https:\/\/p395.ursynow.warszawa.pl\/index.php\/swieto-niepodleglosci-3\/","name":"\u015awi\u0119to Niepodleg\u0142o\u015bci - Przedszkole nr 395","isPartOf":{"@id":"https:\/\/p395.ursynow.warszawa.pl\/#website"},"primaryImageOfPage":{"@id":"https:\/\/p395.ursynow.warszawa.pl\/index.php\/swieto-niepodleglosci-3\/#primaryimage"},"image":{"@id":"https:\/\/p395.ursynow.warszawa.pl\/index.php\/swieto-niepodleglosci-3\/#primaryimage"},"thumbnailUrl":"https:\/\/p395.ursynow.warszawa.pl\/wp-content\/uploads\/2017\/01\/P1200764-300x225.jpg","datePublished":"2017-01-18T08:40:25+00:00","dateModified":"2017-01-19T19:29:24+00:00","breadcrumb":{"@id":"https:\/\/p395.ursynow.warszawa.pl\/index.php\/swieto-niepodleglosci-3\/#breadcrumb"},"inLanguage":"pl-PL","potentialAction":[{"@type":"ReadAction","target":["https:\/\/p395.ursynow.warszawa.pl\/index.php\/swieto-niepodleglosci-3\/"]}]},{"@type":"ImageObject","inLanguage":"pl-PL","@id":"https:\/\/p395.ursynow.warszawa.pl\/index.php\/swieto-niepodleglosci-3\/#primaryimage","url":"https:\/\/p395.ursynow.warszawa.pl\/wp-content\/uploads\/2017\/01\/P1200764.jpg","contentUrl":"https:\/\/p395.ursynow.warszawa.pl\/wp-content\/uploads\/2017\/01\/P1200764.jpg","width":800,"height":600},{"@type":"BreadcrumbList","@id":"https:\/\/p395.ursynow.warszawa.pl\/index.php\/swieto-niepodleglosci-3\/#breadcrumb","itemListElement":[{"@type":"ListItem","position":1,"name":"Strona g\u0142\u00f3wna","item":"https:\/\/p395.ursynow.warszawa.pl\/"},{"@type":"ListItem","position":2,"name":"\u015awi\u0119to Niepodleg\u0142o\u015bci"}]},{"@type":"WebSite","@id":"https:\/\/p395.ursynow.warszawa.pl\/#website","url":"https:\/\/p395.ursynow.warszawa.pl\/","name":"Przedszkole nr 395","description":"Przedszkole 395","potentialAction":[{"@type":"SearchAction","target":{"@type":"EntryPoint","urlTemplate":"https:\/\/p395.ursynow.warszawa.pl\/?s={search_term_string}"},"query-input":{"@type":"PropertyValueSpecification","valueRequired":true,"valueName":"search_term_string"}}],"inLanguage":"pl-PL"}]}},"_links":{"self":[{"href":"https:\/\/p395.ursynow.warszawa.pl\/index.php\/wp-json\/wp\/v2\/pages\/28898","targetHints":{"allow":["GET"]}}],"collection":[{"href":"https:\/\/p395.ursynow.warszawa.pl\/index.php\/wp-json\/wp\/v2\/pages"}],"about":[{"href":"https:\/\/p395.ursynow.warszawa.pl\/index.php\/wp-json\/wp\/v2\/types\/page"}],"author":[{"embeddable":true,"href":"https:\/\/p395.ursynow.warszawa.pl\/index.php\/wp-json\/wp\/v2\/users\/6"}],"replies":[{"embeddable":true,"href":"https:\/\/p395.ursynow.warszawa.pl\/index.php\/wp-json\/wp\/v2\/comments?post=28898"}],"version-history":[{"count":4,"href":"https:\/\/p395.ursynow.warszawa.pl\/index.php\/wp-json\/wp\/v2\/pages\/28898\/revisions"}],"predecessor-version":[{"id":28971,"href":"https:\/\/p395.ursynow.warszawa.pl\/index.php\/wp-json\/wp\/v2\/pages\/28898\/revisions\/28971"}],"wp:attachment":[{"href":"https:\/\/p395.ursynow.warszawa.pl\/index.php\/wp-json\/wp\/v2\/media?parent=28898"}],"curies":[{"name":"wp","href":"https:\/\/api.w.org\/{rel}","templated":true}]}}