{"id":28920,"date":"2017-01-18T09:56:56","date_gmt":"2017-01-18T08:56:56","guid":{"rendered":"https:\/\/p395.ursynow.warszawa.pl\/?page_id=28920"},"modified":"2017-01-18T10:01:41","modified_gmt":"2017-01-18T09:01:41","slug":"jaselka-w-hospicjum","status":"publish","type":"page","link":"https:\/\/p395.ursynow.warszawa.pl\/index.php\/jaselka-w-hospicjum\/","title":{"rendered":"Jase\u0142ka w Hospicjum"},"content":{"rendered":"<p style=\"text-align: justify;\"><span style=\"font-size: 12pt;\">Dnia 20.12.2016 r. przedszkolaki z grupy Optymisi\u00f3w uda\u0142y si\u0119 do Hospicjum na Ursynowie, aby zaprezentowa\u0107 przygotowane przez siebie przedstawienie pt. \u201eJase\u0142ka\u201d.<\/span><\/p>\n<p style=\"text-align: center;\"><a href=\"https:\/\/p395.ursynow.warszawa.pl\/wp-content\/uploads\/2017\/01\/P1210311.jpg\"><img fetchpriority=\"high\" decoding=\"async\" class=\"alignnone size-medium wp-image-28924\" src=\"https:\/\/p395.ursynow.warszawa.pl\/wp-content\/uploads\/2017\/01\/P1210311-300x225.jpg\" alt=\"P1210311\" width=\"300\" height=\"225\" srcset=\"https:\/\/p395.ursynow.warszawa.pl\/wp-content\/uploads\/2017\/01\/P1210311-300x225.jpg 300w, https:\/\/p395.ursynow.warszawa.pl\/wp-content\/uploads\/2017\/01\/P1210311.jpg 800w\" sizes=\"(max-width: 300px) 100vw, 300px\" \/><\/a> <a href=\"https:\/\/p395.ursynow.warszawa.pl\/wp-content\/uploads\/2017\/01\/P1210312.jpg\"><img decoding=\"async\" class=\"alignnone size-medium wp-image-28925\" src=\"https:\/\/p395.ursynow.warszawa.pl\/wp-content\/uploads\/2017\/01\/P1210312-300x225.jpg\" alt=\"P1210312\" width=\"300\" height=\"225\" srcset=\"https:\/\/p395.ursynow.warszawa.pl\/wp-content\/uploads\/2017\/01\/P1210312-300x225.jpg 300w, https:\/\/p395.ursynow.warszawa.pl\/wp-content\/uploads\/2017\/01\/P1210312.jpg 800w\" sizes=\"(max-width: 300px) 100vw, 300px\" \/><\/a> <a href=\"https:\/\/p395.ursynow.warszawa.pl\/wp-content\/uploads\/2017\/01\/P1210316.jpg\"><img decoding=\"async\" class=\"alignnone size-medium wp-image-28926\" src=\"https:\/\/p395.ursynow.warszawa.pl\/wp-content\/uploads\/2017\/01\/P1210316-300x225.jpg\" alt=\"P1210316\" width=\"300\" height=\"225\" srcset=\"https:\/\/p395.ursynow.warszawa.pl\/wp-content\/uploads\/2017\/01\/P1210316-300x225.jpg 300w, https:\/\/p395.ursynow.warszawa.pl\/wp-content\/uploads\/2017\/01\/P1210316.jpg 800w\" sizes=\"(max-width: 300px) 100vw, 300px\" \/><\/a><\/p>\n","protected":false},"excerpt":{"rendered":"<p>Dnia 20.12.2016 r. przedszkolaki z grupy Optymisi\u00f3w uda\u0142y si\u0119 do Hospicjum na Ursynowie, aby zaprezentowa\u0107 przygotowane przez siebie przedstawienie pt. \u201eJase\u0142ka\u201d.<\/p>\n","protected":false},"author":6,"featured_media":0,"parent":0,"menu_order":0,"comment_status":"closed","ping_status":"open","template":"","meta":{"neve_meta_sidebar":"","neve_meta_container":"","neve_meta_enable_content_width":"","neve_meta_content_width":0,"neve_meta_title_alignment":"","neve_meta_author_avatar":"","neve_post_elements_order":"","neve_meta_disable_header":"","neve_meta_disable_footer":"","neve_meta_disable_title":"","footnotes":""},"class_list":["post-28920","page","type-page","status-publish","hentry"],"yoast_head":"<!-- This site is optimized with the Yoast SEO plugin v27.4 - https:\/\/yoast.com\/product\/yoast-seo-wordpress\/ -->\n<title>Jase\u0142ka w Hospicjum - Przedszkole nr 395<\/title>\n<meta name=\"robots\" content=\"index, follow, max-snippet:-1, max-image-preview:large, max-video-preview:-1\" \/>\n<link rel=\"canonical\" href=\"https:\/\/p395.ursynow.warszawa.pl\/index.php\/jaselka-w-hospicjum\/\" \/>\n<meta property=\"og:locale\" content=\"pl_PL\" \/>\n<meta property=\"og:type\" content=\"article\" \/>\n<meta property=\"og:title\" content=\"Jase\u0142ka w Hospicjum - Przedszkole nr 395\" \/>\n<meta property=\"og:description\" content=\"Dnia 20.12.2016 r. przedszkolaki z grupy Optymisi\u00f3w uda\u0142y si\u0119 do Hospicjum na Ursynowie, aby zaprezentowa\u0107 przygotowane przez siebie przedstawienie pt. \u201eJase\u0142ka\u201d.\" \/>\n<meta property=\"og:url\" content=\"https:\/\/p395.ursynow.warszawa.pl\/index.php\/jaselka-w-hospicjum\/\" \/>\n<meta property=\"og:site_name\" content=\"Przedszkole nr 395\" \/>\n<meta property=\"article:modified_time\" content=\"2017-01-18T09:01:41+00:00\" \/>\n<meta property=\"og:image\" content=\"https:\/\/p395.ursynow.warszawa.pl\/wp-content\/uploads\/2017\/01\/P1210311.jpg\" \/>\n\t<meta property=\"og:image:width\" content=\"800\" \/>\n\t<meta property=\"og:image:height\" content=\"600\" \/>\n\t<meta property=\"og:image:type\" content=\"image\/jpeg\" \/>\n<meta name=\"twitter:card\" content=\"summary_large_image\" \/>\n<script type=\"application\/ld+json\" class=\"yoast-schema-graph\">{\"@context\":\"https:\\\/\\\/schema.org\",\"@graph\":[{\"@type\":\"WebPage\",\"@id\":\"https:\\\/\\\/p395.ursynow.warszawa.pl\\\/index.php\\\/jaselka-w-hospicjum\\\/\",\"url\":\"https:\\\/\\\/p395.ursynow.warszawa.pl\\\/index.php\\\/jaselka-w-hospicjum\\\/\",\"name\":\"Jase\u0142ka w Hospicjum - Przedszkole nr 395\",\"isPartOf\":{\"@id\":\"https:\\\/\\\/p395.ursynow.warszawa.pl\\\/#website\"},\"primaryImageOfPage\":{\"@id\":\"https:\\\/\\\/p395.ursynow.warszawa.pl\\\/index.php\\\/jaselka-w-hospicjum\\\/#primaryimage\"},\"image\":{\"@id\":\"https:\\\/\\\/p395.ursynow.warszawa.pl\\\/index.php\\\/jaselka-w-hospicjum\\\/#primaryimage\"},\"thumbnailUrl\":\"https:\\\/\\\/p395.ursynow.warszawa.pl\\\/wp-content\\\/uploads\\\/2017\\\/01\\\/P1210311-300x225.jpg\",\"datePublished\":\"2017-01-18T08:56:56+00:00\",\"dateModified\":\"2017-01-18T09:01:41+00:00\",\"breadcrumb\":{\"@id\":\"https:\\\/\\\/p395.ursynow.warszawa.pl\\\/index.php\\\/jaselka-w-hospicjum\\\/#breadcrumb\"},\"inLanguage\":\"pl-PL\",\"potentialAction\":[{\"@type\":\"ReadAction\",\"target\":[\"https:\\\/\\\/p395.ursynow.warszawa.pl\\\/index.php\\\/jaselka-w-hospicjum\\\/\"]}]},{\"@type\":\"ImageObject\",\"inLanguage\":\"pl-PL\",\"@id\":\"https:\\\/\\\/p395.ursynow.warszawa.pl\\\/index.php\\\/jaselka-w-hospicjum\\\/#primaryimage\",\"url\":\"https:\\\/\\\/p395.ursynow.warszawa.pl\\\/wp-content\\\/uploads\\\/2017\\\/01\\\/P1210311.jpg\",\"contentUrl\":\"https:\\\/\\\/p395.ursynow.warszawa.pl\\\/wp-content\\\/uploads\\\/2017\\\/01\\\/P1210311.jpg\",\"width\":800,\"height\":600},{\"@type\":\"BreadcrumbList\",\"@id\":\"https:\\\/\\\/p395.ursynow.warszawa.pl\\\/index.php\\\/jaselka-w-hospicjum\\\/#breadcrumb\",\"itemListElement\":[{\"@type\":\"ListItem\",\"position\":1,\"name\":\"Strona g\u0142\u00f3wna\",\"item\":\"https:\\\/\\\/p395.ursynow.warszawa.pl\\\/\"},{\"@type\":\"ListItem\",\"position\":2,\"name\":\"Jase\u0142ka w Hospicjum\"}]},{\"@type\":\"WebSite\",\"@id\":\"https:\\\/\\\/p395.ursynow.warszawa.pl\\\/#website\",\"url\":\"https:\\\/\\\/p395.ursynow.warszawa.pl\\\/\",\"name\":\"Przedszkole nr 395\",\"description\":\"Przedszkole 395\",\"potentialAction\":[{\"@type\":\"SearchAction\",\"target\":{\"@type\":\"EntryPoint\",\"urlTemplate\":\"https:\\\/\\\/p395.ursynow.warszawa.pl\\\/?s={search_term_string}\"},\"query-input\":{\"@type\":\"PropertyValueSpecification\",\"valueRequired\":true,\"valueName\":\"search_term_string\"}}],\"inLanguage\":\"pl-PL\"}]}<\/script>\n<!-- \/ Yoast SEO plugin. -->","yoast_head_json":{"title":"Jase\u0142ka w Hospicjum - Przedszkole nr 395","robots":{"index":"index","follow":"follow","max-snippet":"max-snippet:-1","max-image-preview":"max-image-preview:large","max-video-preview":"max-video-preview:-1"},"canonical":"https:\/\/p395.ursynow.warszawa.pl\/index.php\/jaselka-w-hospicjum\/","og_locale":"pl_PL","og_type":"article","og_title":"Jase\u0142ka w Hospicjum - Przedszkole nr 395","og_description":"Dnia 20.12.2016 r. przedszkolaki z grupy Optymisi\u00f3w uda\u0142y si\u0119 do Hospicjum na Ursynowie, aby zaprezentowa\u0107 przygotowane przez siebie przedstawienie pt. \u201eJase\u0142ka\u201d.","og_url":"https:\/\/p395.ursynow.warszawa.pl\/index.php\/jaselka-w-hospicjum\/","og_site_name":"Przedszkole nr 395","article_modified_time":"2017-01-18T09:01:41+00:00","og_image":[{"width":800,"height":600,"url":"https:\/\/p395.ursynow.warszawa.pl\/wp-content\/uploads\/2017\/01\/P1210311.jpg","type":"image\/jpeg"}],"twitter_card":"summary_large_image","schema":{"@context":"https:\/\/schema.org","@graph":[{"@type":"WebPage","@id":"https:\/\/p395.ursynow.warszawa.pl\/index.php\/jaselka-w-hospicjum\/","url":"https:\/\/p395.ursynow.warszawa.pl\/index.php\/jaselka-w-hospicjum\/","name":"Jase\u0142ka w Hospicjum - Przedszkole nr 395","isPartOf":{"@id":"https:\/\/p395.ursynow.warszawa.pl\/#website"},"primaryImageOfPage":{"@id":"https:\/\/p395.ursynow.warszawa.pl\/index.php\/jaselka-w-hospicjum\/#primaryimage"},"image":{"@id":"https:\/\/p395.ursynow.warszawa.pl\/index.php\/jaselka-w-hospicjum\/#primaryimage"},"thumbnailUrl":"https:\/\/p395.ursynow.warszawa.pl\/wp-content\/uploads\/2017\/01\/P1210311-300x225.jpg","datePublished":"2017-01-18T08:56:56+00:00","dateModified":"2017-01-18T09:01:41+00:00","breadcrumb":{"@id":"https:\/\/p395.ursynow.warszawa.pl\/index.php\/jaselka-w-hospicjum\/#breadcrumb"},"inLanguage":"pl-PL","potentialAction":[{"@type":"ReadAction","target":["https:\/\/p395.ursynow.warszawa.pl\/index.php\/jaselka-w-hospicjum\/"]}]},{"@type":"ImageObject","inLanguage":"pl-PL","@id":"https:\/\/p395.ursynow.warszawa.pl\/index.php\/jaselka-w-hospicjum\/#primaryimage","url":"https:\/\/p395.ursynow.warszawa.pl\/wp-content\/uploads\/2017\/01\/P1210311.jpg","contentUrl":"https:\/\/p395.ursynow.warszawa.pl\/wp-content\/uploads\/2017\/01\/P1210311.jpg","width":800,"height":600},{"@type":"BreadcrumbList","@id":"https:\/\/p395.ursynow.warszawa.pl\/index.php\/jaselka-w-hospicjum\/#breadcrumb","itemListElement":[{"@type":"ListItem","position":1,"name":"Strona g\u0142\u00f3wna","item":"https:\/\/p395.ursynow.warszawa.pl\/"},{"@type":"ListItem","position":2,"name":"Jase\u0142ka w Hospicjum"}]},{"@type":"WebSite","@id":"https:\/\/p395.ursynow.warszawa.pl\/#website","url":"https:\/\/p395.ursynow.warszawa.pl\/","name":"Przedszkole nr 395","description":"Przedszkole 395","potentialAction":[{"@type":"SearchAction","target":{"@type":"EntryPoint","urlTemplate":"https:\/\/p395.ursynow.warszawa.pl\/?s={search_term_string}"},"query-input":{"@type":"PropertyValueSpecification","valueRequired":true,"valueName":"search_term_string"}}],"inLanguage":"pl-PL"}]}},"_links":{"self":[{"href":"https:\/\/p395.ursynow.warszawa.pl\/index.php\/wp-json\/wp\/v2\/pages\/28920","targetHints":{"allow":["GET"]}}],"collection":[{"href":"https:\/\/p395.ursynow.warszawa.pl\/index.php\/wp-json\/wp\/v2\/pages"}],"about":[{"href":"https:\/\/p395.ursynow.warszawa.pl\/index.php\/wp-json\/wp\/v2\/types\/page"}],"author":[{"embeddable":true,"href":"https:\/\/p395.ursynow.warszawa.pl\/index.php\/wp-json\/wp\/v2\/users\/6"}],"replies":[{"embeddable":true,"href":"https:\/\/p395.ursynow.warszawa.pl\/index.php\/wp-json\/wp\/v2\/comments?post=28920"}],"version-history":[{"count":4,"href":"https:\/\/p395.ursynow.warszawa.pl\/index.php\/wp-json\/wp\/v2\/pages\/28920\/revisions"}],"predecessor-version":[{"id":28927,"href":"https:\/\/p395.ursynow.warszawa.pl\/index.php\/wp-json\/wp\/v2\/pages\/28920\/revisions\/28927"}],"wp:attachment":[{"href":"https:\/\/p395.ursynow.warszawa.pl\/index.php\/wp-json\/wp\/v2\/media?parent=28920"}],"curies":[{"name":"wp","href":"https:\/\/api.w.org\/{rel}","templated":true}]}}