{"id":29215,"date":"2017-02-07T18:27:32","date_gmt":"2017-02-07T17:27:32","guid":{"rendered":"https:\/\/p395.ursynow.warszawa.pl\/?page_id=29215"},"modified":"2017-02-07T18:37:56","modified_gmt":"2017-02-07T17:37:56","slug":"koncerty-warszawskiego-towarzystwa-muzycznego","status":"publish","type":"page","link":"https:\/\/p395.ursynow.warszawa.pl\/index.php\/koncerty-warszawskiego-towarzystwa-muzycznego\/","title":{"rendered":"Koncerty Warszawskiego Towarzystwa Muzycznego"},"content":{"rendered":"<p style=\"text-align: justify;\"><span style=\"font-size: 12pt;\">We wrze\u015bniu, styczniu i lutym przedszkolaki uczestniczy\u0142y w koncertach Warszawskiego Towarzystwa Muzycznego<br \/>\npodczas kt\u00f3rych pozna\u0142y instrumenty muzyczne: tr\u0105bk\u0119, saksofon i klarnet.<\/span><\/p>\n<p style=\"text-align: justify;\"><span style=\"font-size: 12pt;\">Koncerty organizowane przez WTM maj\u0105 form\u0119 opowie\u015bci s\u0142owno-muzycznej poprowadzonej wg przygotowanego wcze\u015bniej scenariusza stanowi\u0105cego zamkni\u0119t\u0105, zwart\u0105 fabu\u0142\u0119 zr\u00f3\u017cnicowan\u0105 pod wzgl\u0119dem charakteru i dynamiki. Dzieci uczestnicz\u0105<br \/>\nw koncercie bior\u0105c udzia\u0142 w zabawach ruchowych, a tak\u017ce \u015bpiewaj\u0105 piosenki. Celem koncertu jest nie tylko zapoznanie dzieci<br \/>\nz sam\u0105 muzyk\u0105, ale tak\u017ce z instrumentem, z kt\u00f3rego ona si\u0119 wydobywa, z jego nazw\u0105, budow\u0105 oraz sposobem grania.<\/span><\/p>\n<p style=\"text-align: justify;\"><span style=\"font-size: 12pt;\">Program koncertu obejmuje prezentacj\u0119 wybranego w danym miesi\u0105cu instrumentu, muzyk\u0119 klasyczn\u0105 znanych kompozytor\u00f3w, piosenki odpowiednio dobrane tematycznie, s\u0142owo (proz\u0119 lub wiersz).<\/span><\/p>\n<p style=\"text-align: justify;\">\n<p style=\"text-align: center;\"><a href=\"https:\/\/p395.ursynow.warszawa.pl\/wp-content\/uploads\/2017\/02\/P1210363.jpg\"><img fetchpriority=\"high\" decoding=\"async\" class=\"alignnone size-medium wp-image-29221\" src=\"https:\/\/p395.ursynow.warszawa.pl\/wp-content\/uploads\/2017\/02\/P1210363-300x225.jpg\" alt=\"P1210363\" width=\"300\" height=\"225\" srcset=\"https:\/\/p395.ursynow.warszawa.pl\/wp-content\/uploads\/2017\/02\/P1210363-300x225.jpg 300w, https:\/\/p395.ursynow.warszawa.pl\/wp-content\/uploads\/2017\/02\/P1210363.jpg 800w\" sizes=\"(max-width: 300px) 100vw, 300px\" \/><\/a> <a href=\"https:\/\/p395.ursynow.warszawa.pl\/wp-content\/uploads\/2017\/02\/P1210364.jpg\"><img decoding=\"async\" class=\"alignnone size-medium wp-image-29222\" src=\"https:\/\/p395.ursynow.warszawa.pl\/wp-content\/uploads\/2017\/02\/P1210364-300x225.jpg\" alt=\"P1210364\" width=\"300\" height=\"225\" srcset=\"https:\/\/p395.ursynow.warszawa.pl\/wp-content\/uploads\/2017\/02\/P1210364-300x225.jpg 300w, https:\/\/p395.ursynow.warszawa.pl\/wp-content\/uploads\/2017\/02\/P1210364.jpg 800w\" sizes=\"(max-width: 300px) 100vw, 300px\" \/><\/a> <a href=\"https:\/\/p395.ursynow.warszawa.pl\/wp-content\/uploads\/2017\/02\/P1210501.jpg\"><img decoding=\"async\" class=\"alignnone size-medium wp-image-29223\" src=\"https:\/\/p395.ursynow.warszawa.pl\/wp-content\/uploads\/2017\/02\/P1210501-300x225.jpg\" alt=\"P1210501\" width=\"300\" height=\"225\" srcset=\"https:\/\/p395.ursynow.warszawa.pl\/wp-content\/uploads\/2017\/02\/P1210501-300x225.jpg 300w, https:\/\/p395.ursynow.warszawa.pl\/wp-content\/uploads\/2017\/02\/P1210501.jpg 800w\" sizes=\"(max-width: 300px) 100vw, 300px\" \/><\/a> <a href=\"https:\/\/p395.ursynow.warszawa.pl\/wp-content\/uploads\/2017\/02\/P1210505.jpg\"><img loading=\"lazy\" decoding=\"async\" class=\"alignnone size-medium wp-image-29224\" src=\"https:\/\/p395.ursynow.warszawa.pl\/wp-content\/uploads\/2017\/02\/P1210505-225x300.jpg\" alt=\"P1210505\" width=\"225\" height=\"300\" srcset=\"https:\/\/p395.ursynow.warszawa.pl\/wp-content\/uploads\/2017\/02\/P1210505-225x300.jpg 225w, https:\/\/p395.ursynow.warszawa.pl\/wp-content\/uploads\/2017\/02\/P1210505.jpg 600w\" sizes=\"(max-width: 225px) 100vw, 225px\" \/><\/a><\/p>\n","protected":false},"excerpt":{"rendered":"<p>We wrze\u015bniu, styczniu i lutym przedszkolaki uczestniczy\u0142y w koncertach Warszawskiego Towarzystwa Muzycznego podczas kt\u00f3rych pozna\u0142y instrumenty muzyczne: tr\u0105bk\u0119, saksofon i klarnet. Koncerty organizowane przez WTM maj\u0105 form\u0119 opowie\u015bci s\u0142owno-muzycznej poprowadzonej wg przygotowanego wcze\u015bniej scenariusza stanowi\u0105cego zamkni\u0119t\u0105, zwart\u0105 fabu\u0142\u0119 zr\u00f3\u017cnicowan\u0105 pod wzgl\u0119dem charakteru i dynamiki. Dzieci uczestnicz\u0105 w koncercie bior\u0105c udzia\u0142 w zabawach ruchowych, a tak\u017ce&hellip;&nbsp;<a href=\"https:\/\/p395.ursynow.warszawa.pl\/index.php\/koncerty-warszawskiego-towarzystwa-muzycznego\/\" class=\"\" rel=\"bookmark\">Czytaj dalej &raquo;<span class=\"screen-reader-text\">Koncerty Warszawskiego Towarzystwa Muzycznego<\/span><\/a><\/p>\n","protected":false},"author":6,"featured_media":0,"parent":0,"menu_order":0,"comment_status":"closed","ping_status":"open","template":"","meta":{"neve_meta_sidebar":"","neve_meta_container":"","neve_meta_enable_content_width":"","neve_meta_content_width":0,"neve_meta_title_alignment":"","neve_meta_author_avatar":"","neve_post_elements_order":"","neve_meta_disable_header":"","neve_meta_disable_footer":"","neve_meta_disable_title":"","footnotes":""},"class_list":["post-29215","page","type-page","status-publish","hentry"],"yoast_head":"<!-- This site is optimized with the Yoast SEO plugin v27.4 - https:\/\/yoast.com\/product\/yoast-seo-wordpress\/ -->\n<title>Koncerty Warszawskiego Towarzystwa Muzycznego - Przedszkole nr 395<\/title>\n<meta name=\"robots\" content=\"index, follow, max-snippet:-1, max-image-preview:large, max-video-preview:-1\" \/>\n<link rel=\"canonical\" href=\"https:\/\/p395.ursynow.warszawa.pl\/index.php\/koncerty-warszawskiego-towarzystwa-muzycznego\/\" \/>\n<meta property=\"og:locale\" content=\"pl_PL\" \/>\n<meta property=\"og:type\" content=\"article\" \/>\n<meta property=\"og:title\" content=\"Koncerty Warszawskiego Towarzystwa Muzycznego - Przedszkole nr 395\" \/>\n<meta property=\"og:description\" content=\"We wrze\u015bniu, styczniu i lutym przedszkolaki uczestniczy\u0142y w koncertach Warszawskiego Towarzystwa Muzycznego podczas kt\u00f3rych pozna\u0142y instrumenty muzyczne: tr\u0105bk\u0119, saksofon i klarnet. Koncerty organizowane przez WTM maj\u0105 form\u0119 opowie\u015bci s\u0142owno-muzycznej poprowadzonej wg przygotowanego wcze\u015bniej scenariusza stanowi\u0105cego zamkni\u0119t\u0105, zwart\u0105 fabu\u0142\u0119 zr\u00f3\u017cnicowan\u0105 pod wzgl\u0119dem charakteru i dynamiki. Dzieci uczestnicz\u0105 w koncercie bior\u0105c udzia\u0142 w zabawach ruchowych, a tak\u017ce&hellip;&nbsp;Czytaj dalej &raquo;Koncerty Warszawskiego Towarzystwa Muzycznego\" \/>\n<meta property=\"og:url\" content=\"https:\/\/p395.ursynow.warszawa.pl\/index.php\/koncerty-warszawskiego-towarzystwa-muzycznego\/\" \/>\n<meta property=\"og:site_name\" content=\"Przedszkole nr 395\" \/>\n<meta property=\"article:modified_time\" content=\"2017-02-07T17:37:56+00:00\" \/>\n<meta property=\"og:image\" content=\"https:\/\/p395.ursynow.warszawa.pl\/wp-content\/uploads\/2017\/02\/P1210363.jpg\" \/>\n\t<meta property=\"og:image:width\" content=\"800\" \/>\n\t<meta property=\"og:image:height\" content=\"600\" \/>\n\t<meta property=\"og:image:type\" content=\"image\/jpeg\" \/>\n<meta name=\"twitter:card\" content=\"summary_large_image\" \/>\n<meta name=\"twitter:label1\" content=\"Szacowany czas czytania\" \/>\n\t<meta name=\"twitter:data1\" content=\"1 minuta\" \/>\n<script type=\"application\/ld+json\" class=\"yoast-schema-graph\">{\"@context\":\"https:\\\/\\\/schema.org\",\"@graph\":[{\"@type\":\"WebPage\",\"@id\":\"https:\\\/\\\/p395.ursynow.warszawa.pl\\\/index.php\\\/koncerty-warszawskiego-towarzystwa-muzycznego\\\/\",\"url\":\"https:\\\/\\\/p395.ursynow.warszawa.pl\\\/index.php\\\/koncerty-warszawskiego-towarzystwa-muzycznego\\\/\",\"name\":\"Koncerty Warszawskiego Towarzystwa Muzycznego - Przedszkole nr 395\",\"isPartOf\":{\"@id\":\"https:\\\/\\\/p395.ursynow.warszawa.pl\\\/#website\"},\"primaryImageOfPage\":{\"@id\":\"https:\\\/\\\/p395.ursynow.warszawa.pl\\\/index.php\\\/koncerty-warszawskiego-towarzystwa-muzycznego\\\/#primaryimage\"},\"image\":{\"@id\":\"https:\\\/\\\/p395.ursynow.warszawa.pl\\\/index.php\\\/koncerty-warszawskiego-towarzystwa-muzycznego\\\/#primaryimage\"},\"thumbnailUrl\":\"https:\\\/\\\/p395.ursynow.warszawa.pl\\\/wp-content\\\/uploads\\\/2017\\\/02\\\/P1210363-300x225.jpg\",\"datePublished\":\"2017-02-07T17:27:32+00:00\",\"dateModified\":\"2017-02-07T17:37:56+00:00\",\"breadcrumb\":{\"@id\":\"https:\\\/\\\/p395.ursynow.warszawa.pl\\\/index.php\\\/koncerty-warszawskiego-towarzystwa-muzycznego\\\/#breadcrumb\"},\"inLanguage\":\"pl-PL\",\"potentialAction\":[{\"@type\":\"ReadAction\",\"target\":[\"https:\\\/\\\/p395.ursynow.warszawa.pl\\\/index.php\\\/koncerty-warszawskiego-towarzystwa-muzycznego\\\/\"]}]},{\"@type\":\"ImageObject\",\"inLanguage\":\"pl-PL\",\"@id\":\"https:\\\/\\\/p395.ursynow.warszawa.pl\\\/index.php\\\/koncerty-warszawskiego-towarzystwa-muzycznego\\\/#primaryimage\",\"url\":\"https:\\\/\\\/p395.ursynow.warszawa.pl\\\/wp-content\\\/uploads\\\/2017\\\/02\\\/P1210363.jpg\",\"contentUrl\":\"https:\\\/\\\/p395.ursynow.warszawa.pl\\\/wp-content\\\/uploads\\\/2017\\\/02\\\/P1210363.jpg\",\"width\":800,\"height\":600},{\"@type\":\"BreadcrumbList\",\"@id\":\"https:\\\/\\\/p395.ursynow.warszawa.pl\\\/index.php\\\/koncerty-warszawskiego-towarzystwa-muzycznego\\\/#breadcrumb\",\"itemListElement\":[{\"@type\":\"ListItem\",\"position\":1,\"name\":\"Strona g\u0142\u00f3wna\",\"item\":\"https:\\\/\\\/p395.ursynow.warszawa.pl\\\/\"},{\"@type\":\"ListItem\",\"position\":2,\"name\":\"Koncerty Warszawskiego Towarzystwa Muzycznego\"}]},{\"@type\":\"WebSite\",\"@id\":\"https:\\\/\\\/p395.ursynow.warszawa.pl\\\/#website\",\"url\":\"https:\\\/\\\/p395.ursynow.warszawa.pl\\\/\",\"name\":\"Przedszkole nr 395\",\"description\":\"Przedszkole 395\",\"potentialAction\":[{\"@type\":\"SearchAction\",\"target\":{\"@type\":\"EntryPoint\",\"urlTemplate\":\"https:\\\/\\\/p395.ursynow.warszawa.pl\\\/?s={search_term_string}\"},\"query-input\":{\"@type\":\"PropertyValueSpecification\",\"valueRequired\":true,\"valueName\":\"search_term_string\"}}],\"inLanguage\":\"pl-PL\"}]}<\/script>\n<!-- \/ Yoast SEO plugin. -->","yoast_head_json":{"title":"Koncerty Warszawskiego Towarzystwa Muzycznego - Przedszkole nr 395","robots":{"index":"index","follow":"follow","max-snippet":"max-snippet:-1","max-image-preview":"max-image-preview:large","max-video-preview":"max-video-preview:-1"},"canonical":"https:\/\/p395.ursynow.warszawa.pl\/index.php\/koncerty-warszawskiego-towarzystwa-muzycznego\/","og_locale":"pl_PL","og_type":"article","og_title":"Koncerty Warszawskiego Towarzystwa Muzycznego - Przedszkole nr 395","og_description":"We wrze\u015bniu, styczniu i lutym przedszkolaki uczestniczy\u0142y w koncertach Warszawskiego Towarzystwa Muzycznego podczas kt\u00f3rych pozna\u0142y instrumenty muzyczne: tr\u0105bk\u0119, saksofon i klarnet. Koncerty organizowane przez WTM maj\u0105 form\u0119 opowie\u015bci s\u0142owno-muzycznej poprowadzonej wg przygotowanego wcze\u015bniej scenariusza stanowi\u0105cego zamkni\u0119t\u0105, zwart\u0105 fabu\u0142\u0119 zr\u00f3\u017cnicowan\u0105 pod wzgl\u0119dem charakteru i dynamiki. Dzieci uczestnicz\u0105 w koncercie bior\u0105c udzia\u0142 w zabawach ruchowych, a tak\u017ce&hellip;&nbsp;Czytaj dalej &raquo;Koncerty Warszawskiego Towarzystwa Muzycznego","og_url":"https:\/\/p395.ursynow.warszawa.pl\/index.php\/koncerty-warszawskiego-towarzystwa-muzycznego\/","og_site_name":"Przedszkole nr 395","article_modified_time":"2017-02-07T17:37:56+00:00","og_image":[{"width":800,"height":600,"url":"https:\/\/p395.ursynow.warszawa.pl\/wp-content\/uploads\/2017\/02\/P1210363.jpg","type":"image\/jpeg"}],"twitter_card":"summary_large_image","twitter_misc":{"Szacowany czas czytania":"1 minuta"},"schema":{"@context":"https:\/\/schema.org","@graph":[{"@type":"WebPage","@id":"https:\/\/p395.ursynow.warszawa.pl\/index.php\/koncerty-warszawskiego-towarzystwa-muzycznego\/","url":"https:\/\/p395.ursynow.warszawa.pl\/index.php\/koncerty-warszawskiego-towarzystwa-muzycznego\/","name":"Koncerty Warszawskiego Towarzystwa Muzycznego - Przedszkole nr 395","isPartOf":{"@id":"https:\/\/p395.ursynow.warszawa.pl\/#website"},"primaryImageOfPage":{"@id":"https:\/\/p395.ursynow.warszawa.pl\/index.php\/koncerty-warszawskiego-towarzystwa-muzycznego\/#primaryimage"},"image":{"@id":"https:\/\/p395.ursynow.warszawa.pl\/index.php\/koncerty-warszawskiego-towarzystwa-muzycznego\/#primaryimage"},"thumbnailUrl":"https:\/\/p395.ursynow.warszawa.pl\/wp-content\/uploads\/2017\/02\/P1210363-300x225.jpg","datePublished":"2017-02-07T17:27:32+00:00","dateModified":"2017-02-07T17:37:56+00:00","breadcrumb":{"@id":"https:\/\/p395.ursynow.warszawa.pl\/index.php\/koncerty-warszawskiego-towarzystwa-muzycznego\/#breadcrumb"},"inLanguage":"pl-PL","potentialAction":[{"@type":"ReadAction","target":["https:\/\/p395.ursynow.warszawa.pl\/index.php\/koncerty-warszawskiego-towarzystwa-muzycznego\/"]}]},{"@type":"ImageObject","inLanguage":"pl-PL","@id":"https:\/\/p395.ursynow.warszawa.pl\/index.php\/koncerty-warszawskiego-towarzystwa-muzycznego\/#primaryimage","url":"https:\/\/p395.ursynow.warszawa.pl\/wp-content\/uploads\/2017\/02\/P1210363.jpg","contentUrl":"https:\/\/p395.ursynow.warszawa.pl\/wp-content\/uploads\/2017\/02\/P1210363.jpg","width":800,"height":600},{"@type":"BreadcrumbList","@id":"https:\/\/p395.ursynow.warszawa.pl\/index.php\/koncerty-warszawskiego-towarzystwa-muzycznego\/#breadcrumb","itemListElement":[{"@type":"ListItem","position":1,"name":"Strona g\u0142\u00f3wna","item":"https:\/\/p395.ursynow.warszawa.pl\/"},{"@type":"ListItem","position":2,"name":"Koncerty Warszawskiego Towarzystwa Muzycznego"}]},{"@type":"WebSite","@id":"https:\/\/p395.ursynow.warszawa.pl\/#website","url":"https:\/\/p395.ursynow.warszawa.pl\/","name":"Przedszkole nr 395","description":"Przedszkole 395","potentialAction":[{"@type":"SearchAction","target":{"@type":"EntryPoint","urlTemplate":"https:\/\/p395.ursynow.warszawa.pl\/?s={search_term_string}"},"query-input":{"@type":"PropertyValueSpecification","valueRequired":true,"valueName":"search_term_string"}}],"inLanguage":"pl-PL"}]}},"_links":{"self":[{"href":"https:\/\/p395.ursynow.warszawa.pl\/index.php\/wp-json\/wp\/v2\/pages\/29215","targetHints":{"allow":["GET"]}}],"collection":[{"href":"https:\/\/p395.ursynow.warszawa.pl\/index.php\/wp-json\/wp\/v2\/pages"}],"about":[{"href":"https:\/\/p395.ursynow.warszawa.pl\/index.php\/wp-json\/wp\/v2\/types\/page"}],"author":[{"embeddable":true,"href":"https:\/\/p395.ursynow.warszawa.pl\/index.php\/wp-json\/wp\/v2\/users\/6"}],"replies":[{"embeddable":true,"href":"https:\/\/p395.ursynow.warszawa.pl\/index.php\/wp-json\/wp\/v2\/comments?post=29215"}],"version-history":[{"count":6,"href":"https:\/\/p395.ursynow.warszawa.pl\/index.php\/wp-json\/wp\/v2\/pages\/29215\/revisions"}],"predecessor-version":[{"id":29225,"href":"https:\/\/p395.ursynow.warszawa.pl\/index.php\/wp-json\/wp\/v2\/pages\/29215\/revisions\/29225"}],"wp:attachment":[{"href":"https:\/\/p395.ursynow.warszawa.pl\/index.php\/wp-json\/wp\/v2\/media?parent=29215"}],"curies":[{"name":"wp","href":"https:\/\/api.w.org\/{rel}","templated":true}]}}