{"id":29228,"date":"2017-02-07T18:40:12","date_gmt":"2017-02-07T17:40:12","guid":{"rendered":"https:\/\/p395.ursynow.warszawa.pl\/?page_id=29228"},"modified":"2017-02-07T18:45:29","modified_gmt":"2017-02-07T17:45:29","slug":"mis-ratownik","status":"publish","type":"page","link":"https:\/\/p395.ursynow.warszawa.pl\/index.php\/mis-ratownik\/","title":{"rendered":"Mi\u015b Ratownik"},"content":{"rendered":"<p style=\"text-align: justify;\"><span style=\"font-size: 12pt;\">Nasze Przedszkole w\u0142\u0105czy\u0142o si\u0119 w kampani\u0119 \u201eTw\u00f3j Mi\u015b mo\u017ce zosta\u0107 ratownikiem\u201d organizowan\u0105 przez Komend\u0119 Wojew\u00f3dzk\u0105 Pa\u0144stwowej Stra\u017cy Po\u017carnej. Celem kampanii jest udzielenie wsparcia psychologicznego, minimalizowanie stresu oraz zwi\u0119kszanie poczucia bezpiecze\u0144stwa dzieci poszkodowanych\u00a0 w wypadkach komunikacyjnych, po\u017carach i innych niebezpiecznych wydarzeniach. Wykazano, \u017ce wr\u0119czenie poszkodowanemu dziecku zabawki podczas sytuacji stresogennej, odwraca jego uwag\u0119 od tego, co si\u0119 dzieje dooko\u0142a, a jak wiadomo, cz\u0119sto s\u0105 to bardzo traumatyczne zdarzenia.<\/span><\/p>\n<p style=\"text-align: center;\"><a href=\"https:\/\/p395.ursynow.warszawa.pl\/wp-content\/uploads\/2017\/02\/IMAG0260.jpg\"><img fetchpriority=\"high\" decoding=\"async\" class=\"alignnone size-medium wp-image-29232\" src=\"https:\/\/p395.ursynow.warszawa.pl\/wp-content\/uploads\/2017\/02\/IMAG0260-300x222.jpg\" alt=\"IMAG0260\" width=\"300\" height=\"222\" srcset=\"https:\/\/p395.ursynow.warszawa.pl\/wp-content\/uploads\/2017\/02\/IMAG0260-300x222.jpg 300w, https:\/\/p395.ursynow.warszawa.pl\/wp-content\/uploads\/2017\/02\/IMAG0260.jpg 800w\" sizes=\"(max-width: 300px) 100vw, 300px\" \/><\/a> <a href=\"https:\/\/p395.ursynow.warszawa.pl\/wp-content\/uploads\/2017\/02\/IMAG0263.jpg\"><img decoding=\"async\" class=\"alignnone size-medium wp-image-29233\" src=\"https:\/\/p395.ursynow.warszawa.pl\/wp-content\/uploads\/2017\/02\/IMAG0263-300x222.jpg\" alt=\"IMAG0263\" width=\"300\" height=\"222\" srcset=\"https:\/\/p395.ursynow.warszawa.pl\/wp-content\/uploads\/2017\/02\/IMAG0263-300x222.jpg 300w, https:\/\/p395.ursynow.warszawa.pl\/wp-content\/uploads\/2017\/02\/IMAG0263.jpg 800w\" sizes=\"(max-width: 300px) 100vw, 300px\" \/><\/a><\/p>\n","protected":false},"excerpt":{"rendered":"<p>Nasze Przedszkole w\u0142\u0105czy\u0142o si\u0119 w kampani\u0119 \u201eTw\u00f3j Mi\u015b mo\u017ce zosta\u0107 ratownikiem\u201d organizowan\u0105 przez Komend\u0119 Wojew\u00f3dzk\u0105 Pa\u0144stwowej Stra\u017cy Po\u017carnej. Celem kampanii jest udzielenie wsparcia psychologicznego, minimalizowanie stresu oraz zwi\u0119kszanie poczucia bezpiecze\u0144stwa dzieci poszkodowanych\u00a0 w wypadkach komunikacyjnych, po\u017carach i innych niebezpiecznych wydarzeniach. Wykazano, \u017ce wr\u0119czenie poszkodowanemu dziecku zabawki podczas sytuacji stresogennej, odwraca jego uwag\u0119 od tego, co&hellip;&nbsp;<a href=\"https:\/\/p395.ursynow.warszawa.pl\/index.php\/mis-ratownik\/\" class=\"\" rel=\"bookmark\">Czytaj dalej &raquo;<span class=\"screen-reader-text\">Mi\u015b Ratownik<\/span><\/a><\/p>\n","protected":false},"author":6,"featured_media":0,"parent":0,"menu_order":0,"comment_status":"closed","ping_status":"open","template":"","meta":{"neve_meta_sidebar":"","neve_meta_container":"","neve_meta_enable_content_width":"","neve_meta_content_width":0,"neve_meta_title_alignment":"","neve_meta_author_avatar":"","neve_post_elements_order":"","neve_meta_disable_header":"","neve_meta_disable_footer":"","neve_meta_disable_title":"","footnotes":""},"class_list":["post-29228","page","type-page","status-publish","hentry"],"yoast_head":"<!-- This site is optimized with the Yoast SEO plugin v27.4 - https:\/\/yoast.com\/product\/yoast-seo-wordpress\/ -->\n<title>Mi\u015b Ratownik - Przedszkole nr 395<\/title>\n<meta name=\"robots\" content=\"index, follow, max-snippet:-1, max-image-preview:large, max-video-preview:-1\" \/>\n<link rel=\"canonical\" href=\"https:\/\/p395.ursynow.warszawa.pl\/index.php\/mis-ratownik\/\" \/>\n<meta property=\"og:locale\" content=\"pl_PL\" \/>\n<meta property=\"og:type\" content=\"article\" \/>\n<meta property=\"og:title\" content=\"Mi\u015b Ratownik - Przedszkole nr 395\" \/>\n<meta property=\"og:description\" content=\"Nasze Przedszkole w\u0142\u0105czy\u0142o si\u0119 w kampani\u0119 \u201eTw\u00f3j Mi\u015b mo\u017ce zosta\u0107 ratownikiem\u201d organizowan\u0105 przez Komend\u0119 Wojew\u00f3dzk\u0105 Pa\u0144stwowej Stra\u017cy Po\u017carnej. Celem kampanii jest udzielenie wsparcia psychologicznego, minimalizowanie stresu oraz zwi\u0119kszanie poczucia bezpiecze\u0144stwa dzieci poszkodowanych\u00a0 w wypadkach komunikacyjnych, po\u017carach i innych niebezpiecznych wydarzeniach. Wykazano, \u017ce wr\u0119czenie poszkodowanemu dziecku zabawki podczas sytuacji stresogennej, odwraca jego uwag\u0119 od tego, co&hellip;&nbsp;Czytaj dalej &raquo;Mi\u015b Ratownik\" \/>\n<meta property=\"og:url\" content=\"https:\/\/p395.ursynow.warszawa.pl\/index.php\/mis-ratownik\/\" \/>\n<meta property=\"og:site_name\" content=\"Przedszkole nr 395\" \/>\n<meta property=\"article:modified_time\" content=\"2017-02-07T17:45:29+00:00\" \/>\n<meta property=\"og:image\" content=\"https:\/\/p395.ursynow.warszawa.pl\/wp-content\/uploads\/2017\/02\/IMAG0260.jpg\" \/>\n\t<meta property=\"og:image:width\" content=\"800\" \/>\n\t<meta property=\"og:image:height\" content=\"594\" \/>\n\t<meta property=\"og:image:type\" content=\"image\/jpeg\" \/>\n<meta name=\"twitter:card\" content=\"summary_large_image\" \/>\n<script type=\"application\/ld+json\" class=\"yoast-schema-graph\">{\"@context\":\"https:\\\/\\\/schema.org\",\"@graph\":[{\"@type\":\"WebPage\",\"@id\":\"https:\\\/\\\/p395.ursynow.warszawa.pl\\\/index.php\\\/mis-ratownik\\\/\",\"url\":\"https:\\\/\\\/p395.ursynow.warszawa.pl\\\/index.php\\\/mis-ratownik\\\/\",\"name\":\"Mi\u015b Ratownik - Przedszkole nr 395\",\"isPartOf\":{\"@id\":\"https:\\\/\\\/p395.ursynow.warszawa.pl\\\/#website\"},\"primaryImageOfPage\":{\"@id\":\"https:\\\/\\\/p395.ursynow.warszawa.pl\\\/index.php\\\/mis-ratownik\\\/#primaryimage\"},\"image\":{\"@id\":\"https:\\\/\\\/p395.ursynow.warszawa.pl\\\/index.php\\\/mis-ratownik\\\/#primaryimage\"},\"thumbnailUrl\":\"https:\\\/\\\/p395.ursynow.warszawa.pl\\\/wp-content\\\/uploads\\\/2017\\\/02\\\/IMAG0260-300x222.jpg\",\"datePublished\":\"2017-02-07T17:40:12+00:00\",\"dateModified\":\"2017-02-07T17:45:29+00:00\",\"breadcrumb\":{\"@id\":\"https:\\\/\\\/p395.ursynow.warszawa.pl\\\/index.php\\\/mis-ratownik\\\/#breadcrumb\"},\"inLanguage\":\"pl-PL\",\"potentialAction\":[{\"@type\":\"ReadAction\",\"target\":[\"https:\\\/\\\/p395.ursynow.warszawa.pl\\\/index.php\\\/mis-ratownik\\\/\"]}]},{\"@type\":\"ImageObject\",\"inLanguage\":\"pl-PL\",\"@id\":\"https:\\\/\\\/p395.ursynow.warszawa.pl\\\/index.php\\\/mis-ratownik\\\/#primaryimage\",\"url\":\"https:\\\/\\\/p395.ursynow.warszawa.pl\\\/wp-content\\\/uploads\\\/2017\\\/02\\\/IMAG0260.jpg\",\"contentUrl\":\"https:\\\/\\\/p395.ursynow.warszawa.pl\\\/wp-content\\\/uploads\\\/2017\\\/02\\\/IMAG0260.jpg\",\"width\":800,\"height\":594},{\"@type\":\"BreadcrumbList\",\"@id\":\"https:\\\/\\\/p395.ursynow.warszawa.pl\\\/index.php\\\/mis-ratownik\\\/#breadcrumb\",\"itemListElement\":[{\"@type\":\"ListItem\",\"position\":1,\"name\":\"Strona g\u0142\u00f3wna\",\"item\":\"https:\\\/\\\/p395.ursynow.warszawa.pl\\\/\"},{\"@type\":\"ListItem\",\"position\":2,\"name\":\"Mi\u015b Ratownik\"}]},{\"@type\":\"WebSite\",\"@id\":\"https:\\\/\\\/p395.ursynow.warszawa.pl\\\/#website\",\"url\":\"https:\\\/\\\/p395.ursynow.warszawa.pl\\\/\",\"name\":\"Przedszkole nr 395\",\"description\":\"Przedszkole 395\",\"potentialAction\":[{\"@type\":\"SearchAction\",\"target\":{\"@type\":\"EntryPoint\",\"urlTemplate\":\"https:\\\/\\\/p395.ursynow.warszawa.pl\\\/?s={search_term_string}\"},\"query-input\":{\"@type\":\"PropertyValueSpecification\",\"valueRequired\":true,\"valueName\":\"search_term_string\"}}],\"inLanguage\":\"pl-PL\"}]}<\/script>\n<!-- \/ Yoast SEO plugin. -->","yoast_head_json":{"title":"Mi\u015b Ratownik - Przedszkole nr 395","robots":{"index":"index","follow":"follow","max-snippet":"max-snippet:-1","max-image-preview":"max-image-preview:large","max-video-preview":"max-video-preview:-1"},"canonical":"https:\/\/p395.ursynow.warszawa.pl\/index.php\/mis-ratownik\/","og_locale":"pl_PL","og_type":"article","og_title":"Mi\u015b Ratownik - Przedszkole nr 395","og_description":"Nasze Przedszkole w\u0142\u0105czy\u0142o si\u0119 w kampani\u0119 \u201eTw\u00f3j Mi\u015b mo\u017ce zosta\u0107 ratownikiem\u201d organizowan\u0105 przez Komend\u0119 Wojew\u00f3dzk\u0105 Pa\u0144stwowej Stra\u017cy Po\u017carnej. Celem kampanii jest udzielenie wsparcia psychologicznego, minimalizowanie stresu oraz zwi\u0119kszanie poczucia bezpiecze\u0144stwa dzieci poszkodowanych\u00a0 w wypadkach komunikacyjnych, po\u017carach i innych niebezpiecznych wydarzeniach. Wykazano, \u017ce wr\u0119czenie poszkodowanemu dziecku zabawki podczas sytuacji stresogennej, odwraca jego uwag\u0119 od tego, co&hellip;&nbsp;Czytaj dalej &raquo;Mi\u015b Ratownik","og_url":"https:\/\/p395.ursynow.warszawa.pl\/index.php\/mis-ratownik\/","og_site_name":"Przedszkole nr 395","article_modified_time":"2017-02-07T17:45:29+00:00","og_image":[{"width":800,"height":594,"url":"https:\/\/p395.ursynow.warszawa.pl\/wp-content\/uploads\/2017\/02\/IMAG0260.jpg","type":"image\/jpeg"}],"twitter_card":"summary_large_image","schema":{"@context":"https:\/\/schema.org","@graph":[{"@type":"WebPage","@id":"https:\/\/p395.ursynow.warszawa.pl\/index.php\/mis-ratownik\/","url":"https:\/\/p395.ursynow.warszawa.pl\/index.php\/mis-ratownik\/","name":"Mi\u015b Ratownik - Przedszkole nr 395","isPartOf":{"@id":"https:\/\/p395.ursynow.warszawa.pl\/#website"},"primaryImageOfPage":{"@id":"https:\/\/p395.ursynow.warszawa.pl\/index.php\/mis-ratownik\/#primaryimage"},"image":{"@id":"https:\/\/p395.ursynow.warszawa.pl\/index.php\/mis-ratownik\/#primaryimage"},"thumbnailUrl":"https:\/\/p395.ursynow.warszawa.pl\/wp-content\/uploads\/2017\/02\/IMAG0260-300x222.jpg","datePublished":"2017-02-07T17:40:12+00:00","dateModified":"2017-02-07T17:45:29+00:00","breadcrumb":{"@id":"https:\/\/p395.ursynow.warszawa.pl\/index.php\/mis-ratownik\/#breadcrumb"},"inLanguage":"pl-PL","potentialAction":[{"@type":"ReadAction","target":["https:\/\/p395.ursynow.warszawa.pl\/index.php\/mis-ratownik\/"]}]},{"@type":"ImageObject","inLanguage":"pl-PL","@id":"https:\/\/p395.ursynow.warszawa.pl\/index.php\/mis-ratownik\/#primaryimage","url":"https:\/\/p395.ursynow.warszawa.pl\/wp-content\/uploads\/2017\/02\/IMAG0260.jpg","contentUrl":"https:\/\/p395.ursynow.warszawa.pl\/wp-content\/uploads\/2017\/02\/IMAG0260.jpg","width":800,"height":594},{"@type":"BreadcrumbList","@id":"https:\/\/p395.ursynow.warszawa.pl\/index.php\/mis-ratownik\/#breadcrumb","itemListElement":[{"@type":"ListItem","position":1,"name":"Strona g\u0142\u00f3wna","item":"https:\/\/p395.ursynow.warszawa.pl\/"},{"@type":"ListItem","position":2,"name":"Mi\u015b Ratownik"}]},{"@type":"WebSite","@id":"https:\/\/p395.ursynow.warszawa.pl\/#website","url":"https:\/\/p395.ursynow.warszawa.pl\/","name":"Przedszkole nr 395","description":"Przedszkole 395","potentialAction":[{"@type":"SearchAction","target":{"@type":"EntryPoint","urlTemplate":"https:\/\/p395.ursynow.warszawa.pl\/?s={search_term_string}"},"query-input":{"@type":"PropertyValueSpecification","valueRequired":true,"valueName":"search_term_string"}}],"inLanguage":"pl-PL"}]}},"_links":{"self":[{"href":"https:\/\/p395.ursynow.warszawa.pl\/index.php\/wp-json\/wp\/v2\/pages\/29228","targetHints":{"allow":["GET"]}}],"collection":[{"href":"https:\/\/p395.ursynow.warszawa.pl\/index.php\/wp-json\/wp\/v2\/pages"}],"about":[{"href":"https:\/\/p395.ursynow.warszawa.pl\/index.php\/wp-json\/wp\/v2\/types\/page"}],"author":[{"embeddable":true,"href":"https:\/\/p395.ursynow.warszawa.pl\/index.php\/wp-json\/wp\/v2\/users\/6"}],"replies":[{"embeddable":true,"href":"https:\/\/p395.ursynow.warszawa.pl\/index.php\/wp-json\/wp\/v2\/comments?post=29228"}],"version-history":[{"count":5,"href":"https:\/\/p395.ursynow.warszawa.pl\/index.php\/wp-json\/wp\/v2\/pages\/29228\/revisions"}],"predecessor-version":[{"id":29235,"href":"https:\/\/p395.ursynow.warszawa.pl\/index.php\/wp-json\/wp\/v2\/pages\/29228\/revisions\/29235"}],"wp:attachment":[{"href":"https:\/\/p395.ursynow.warszawa.pl\/index.php\/wp-json\/wp\/v2\/media?parent=29228"}],"curies":[{"name":"wp","href":"https:\/\/api.w.org\/{rel}","templated":true}]}}