{"id":31240,"date":"2017-04-28T15:30:29","date_gmt":"2017-04-28T13:30:29","guid":{"rendered":"https:\/\/p395.ursynow.warszawa.pl\/?page_id=31240"},"modified":"2017-04-28T15:30:29","modified_gmt":"2017-04-28T13:30:29","slug":"porady-logopedy","status":"publish","type":"page","link":"https:\/\/p395.ursynow.warszawa.pl\/index.php\/porady-logopedy\/","title":{"rendered":"Porady Logopedy"},"content":{"rendered":"<p><span style=\"font-size: 14pt;\"><strong>W JAKI SPOS\u00d3B MO\u017bEMY POM\u00d3C DZIECKU W PRAWID\u0141OWYM ROZWOJU MOWY I JAK MO\u017bEMY USTRZEC MA\u0141E DZIECKO PRZED WADAMI WYMOWY?<\/strong><\/span><\/p>\n<p><span style=\"font-size: 14pt;\">W ostatnich latach obserwuje si\u0119 w\u015br\u00f3d dzieci coraz wi\u0119cej wad wymowy. Mog\u0105 mie\u0107 one pod\u0142o\u017ce fizjologiczne, psychologiczne, zwi\u0105zane ze skomplikowanym porodem lub ci\u0119\u017ckimi chorobami we wczesnym okresie dzieci\u0119cym. Na te wymienione powy\u017cej nie mamy wi\u0119kszego wp\u0142ywu, ale s\u0105 tak\u017ce czynniki zewn\u0119trzne, na kt\u00f3re Pa\u0144stwo, jako rodzice macie wp\u0142yw, a wczesne wykluczanie ich z \u017cycia dziecka, mo\u017ce ustrzec je przed problemami z rozwojem mowy.<\/span><\/p>\n<p><span style=\"font-size: 14pt;\"><strong><em>\u00a0<\/em><\/strong><\/span><\/p>\n<p><span style=\"font-size: 14pt;\"><strong><em>SMOCZEK &#8211; <\/em><\/strong>nic tak nie uspokoi i nie wyciszy przed snem, jak najlepszy przyjaciel \u2013 Smoczek. Nic w tym dziwnego, gdy\u017c odruch ssania jest najlepsz\u0105 metoda na uspokojenie. Ju\u017c w \u0142onie matki dziecko ssie kciuk. Rozstania ze smokiem bywaj\u0105 ci\u0119\u017ckim i bolesnym prze\u017cyciem dla niekt\u00f3rych dzieci. Jednak im d\u0142u\u017csza z nim \u201eprzyja\u017a\u0144\u201d, tym d\u0142u\u017csze i ci\u0119\u017csze po\u017cegnanie. Zbyt d\u0142ugie ssanie smoka powoduje wady zgryzu, niedostateczne rozwini\u0119cie mi\u0119\u015bni \u017cuchwy, problemy z odgryzaniem i gryzieniem, zwiotczenie mi\u0119\u015bni warg. A to jest zal\u0105\u017ckiem do d\u0142ugotrwa\u0142ej pracy z logoped\u0105 podczas terapii seplenienia.<\/span><\/p>\n<p><span style=\"font-size: 14pt;\"><strong><em>\u00a0<\/em><\/strong><\/span><\/p>\n<p><span style=\"font-size: 14pt;\"><strong><em>BUTELKA &#8211;<\/em><\/strong> z mlekiem, kasz\u0105, zako\u0144czona smoczkiem. Wygodna, bo dziecko nawet w nocy posili si\u0119, uspokoi i nie pochlapie. Ona tak\u017ce robi wiele szk\u00f3d z buzi\u0105 naszego malucha! Zbyt d\u0142ugie karmienie dziecka butelk\u0105 mo\u017ce doprowadzi\u0107 do tych samych problem\u00f3w, co smoczek do ssania. Dlatego im szybciej nauczymy je\u015b\u0107 dziecko kasz\u0119 z \u0142y\u017ceczki i pi\u0107 mleko z kubka, tym mniejsze szanse na problemy z prawid\u0142owym rozwojem artykulacji.<\/span><\/p>\n<p><span style=\"font-size: 14pt;\"><strong><em>\u00a0<\/em><\/strong><\/span><\/p>\n<p><span style=\"font-size: 14pt;\"><strong><em>KUBEK NIEKAPEK &#8211; <\/em><\/strong>wygodny, jak spadnie, nie pot\u0142ucze si\u0119, nic si\u0119 z niego nie wylewa, dziecko chodzi czyste, niepoplamione! Kolejna koszulka czysta! \u015awietny wynalazek.<\/span><\/p>\n<p><span style=\"font-size: 14pt;\">Niestety!!! Picie z niego powoduje nieprawid\u0142owe funkcje j\u0119zyka, nieprawid\u0142owy spos\u00f3b po\u0142ykania i oddychania. Je\u015bli nie chcesz, by Twoje dziecko mia\u0142o wady wymowy, ucz je pi\u0107 ze zwyk\u0142ego kubka. Na pocz\u0105tku pomocna jest \u0142y\u017ceczka. Koszulk\u0119 mo\u017cna szybko wypra\u0107. Terapia wad wymowy jest d\u0142uga i \u017cmudna!!!<\/span><\/p>\n<p><span style=\"font-size: 14pt;\"><strong><em>\u00a0<\/em><\/strong><\/span><\/p>\n<p><span style=\"font-size: 14pt;\"><strong><em>OWOCE, OBIADKI I DESERY W S\u0141OICZKACH &#8211;<\/em><\/strong> z ekologicznych upraw, przygotowane w sterylnych warunkach, w r\u00f3\u017cnych konfiguracjach smakowych, nic tylko na \u0142y\u017ck\u0119 i gotowe. Pe\u0142nowarto\u015bciowe danie hop do brzuszka. No w\u0142a\u015bnie! Hop do brzuszka, a gdzie gryzienie, przesuwanie pokarmu w stron\u0119 gard\u0142a, czyli czynno\u015bci anga\u017cuj\u0105ce z\u0119by, \u017cuchw\u0119, j\u0119zyk. Dziecko maj\u0105ce 16 z\u0105bk\u00f3w jest ju\u017c w stanie zje\u015b\u0107 ugotowanego ziemniaka, pokrojone mi\u0119so i warzywa. Dlatego im wcze\u015bniej wprowadzimy takie dania do menu malucha, tym lepiej. Na pocz\u0105tku wszystko mo\u017cna delikatnie rozdrobni\u0107 widelcem, stopniowo przechodz\u0105c do pokarmu sta\u0142ego.<\/span><\/p>\n<p><span style=\"font-size: 14pt;\"><strong><em>\u00a0<\/em><\/strong><\/span><\/p>\n<p><span style=\"font-size: 14pt;\"><strong><em>POKROJONE W KOSTECZK\u0118 KANAPKI (<\/em><\/strong>pozbawione sk\u00f3rki)<strong><em> &#8211; <\/em><\/strong>wygl\u0105daj\u0105 pi\u0119knie, z \u0142atwo\u015bci\u0105 mieszcz\u0105 si\u0119 w ma\u0142ej bu\u017ace, ale podaj\u0105c dziecku takie kanapki pozbawiamy je nauki odgryzania i dok\u0142adnego gryzienia. To mo\u017ce prowadzi\u0107 do wad zgryzu, niedostatecznego rozwini\u0119cia mi\u0119\u015bni \u017cuchwy, problem\u00f3w z odgryzaniem i gryzieniem.<\/span><\/p>\n<p><span style=\"font-size: 14pt;\"><strong><em>\u00a0<\/em><\/strong><\/span><\/p>\n<p><span style=\"font-size: 14pt;\"><strong><em>WROGOWIE PRAWID\u0141OWEGO ROZWOJU MOWY:<\/em><\/strong><\/span><\/p>\n<p><span style=\"font-size: 14pt;\">&#8211; smoczek,<\/span><\/p>\n<p><span style=\"font-size: 14pt;\">&#8211; butelka ze smokiem,<\/span><\/p>\n<p><span style=\"font-size: 14pt;\">&#8211; kubek \u201eniekapek\u201d<\/span><\/p>\n<p><span style=\"font-size: 14pt;\">&#8211; zmiksowane posi\u0142ki w s\u0142oikach,<\/span><\/p>\n<p><span style=\"font-size: 14pt;\">&#8211; pokrojone w kostk\u0119 kanapki,<\/span><\/p>\n<p><span style=\"font-size: 14pt;\">&#8211; rozdrobnione owoce.<\/span><\/p>\n<p><span style=\"font-size: 14pt;\">\u00a0<\/span><\/p>\n<p><span style=\"font-size: 14pt;\"><strong><em>PRZYJACIELE PRAWID\u0141OWEGO ROZWOJU MOWY:<\/em><\/strong><\/span><\/p>\n<p><span style=\"font-size: 14pt;\">&#8211; kubek,<\/span><\/p>\n<p><span style=\"font-size: 14pt;\">&#8211; szklanka,<\/span><\/p>\n<p><span style=\"font-size: 14pt;\">&#8211; \u0142y\u017ceczka,<\/span><\/p>\n<p><span style=\"font-size: 14pt;\">&#8211; sk\u00f3rki od chleba,<\/span><\/p>\n<p><span style=\"font-size: 14pt;\">&#8211; twarde owoce i warzywa podane w ca\u0142o\u015bci do chrupania<\/span><\/p>\n<p>&nbsp;<\/p>\n","protected":false},"excerpt":{"rendered":"<p>W JAKI SPOS\u00d3B MO\u017bEMY POM\u00d3C DZIECKU W PRAWID\u0141OWYM ROZWOJU MOWY I JAK MO\u017bEMY USTRZEC MA\u0141E DZIECKO PRZED WADAMI WYMOWY? W ostatnich latach obserwuje si\u0119 w\u015br\u00f3d dzieci coraz wi\u0119cej wad wymowy. Mog\u0105 mie\u0107 one pod\u0142o\u017ce fizjologiczne, psychologiczne, zwi\u0105zane ze skomplikowanym porodem lub ci\u0119\u017ckimi chorobami we wczesnym okresie dzieci\u0119cym. Na te wymienione powy\u017cej nie mamy wi\u0119kszego wp\u0142ywu,&hellip;&nbsp;<a href=\"https:\/\/p395.ursynow.warszawa.pl\/index.php\/porady-logopedy\/\" class=\"\" rel=\"bookmark\">Czytaj dalej &raquo;<span class=\"screen-reader-text\">Porady Logopedy<\/span><\/a><\/p>\n","protected":false},"author":6,"featured_media":0,"parent":0,"menu_order":0,"comment_status":"closed","ping_status":"open","template":"","meta":{"neve_meta_sidebar":"","neve_meta_container":"","neve_meta_enable_content_width":"","neve_meta_content_width":0,"neve_meta_title_alignment":"","neve_meta_author_avatar":"","neve_post_elements_order":"","neve_meta_disable_header":"","neve_meta_disable_footer":"","neve_meta_disable_title":"","footnotes":""},"class_list":["post-31240","page","type-page","status-publish","hentry"],"yoast_head":"<!-- This site is optimized with the Yoast SEO plugin v27.4 - https:\/\/yoast.com\/product\/yoast-seo-wordpress\/ -->\n<title>Porady Logopedy - Przedszkole nr 395<\/title>\n<meta name=\"robots\" content=\"index, follow, max-snippet:-1, max-image-preview:large, max-video-preview:-1\" \/>\n<link rel=\"canonical\" href=\"https:\/\/p395.ursynow.warszawa.pl\/index.php\/porady-logopedy\/\" \/>\n<meta property=\"og:locale\" content=\"pl_PL\" \/>\n<meta property=\"og:type\" content=\"article\" \/>\n<meta property=\"og:title\" content=\"Porady Logopedy - Przedszkole nr 395\" \/>\n<meta property=\"og:description\" content=\"W JAKI SPOS\u00d3B MO\u017bEMY POM\u00d3C DZIECKU W PRAWID\u0141OWYM ROZWOJU MOWY I JAK MO\u017bEMY USTRZEC MA\u0141E DZIECKO PRZED WADAMI WYMOWY? W ostatnich latach obserwuje si\u0119 w\u015br\u00f3d dzieci coraz wi\u0119cej wad wymowy. Mog\u0105 mie\u0107 one pod\u0142o\u017ce fizjologiczne, psychologiczne, zwi\u0105zane ze skomplikowanym porodem lub ci\u0119\u017ckimi chorobami we wczesnym okresie dzieci\u0119cym. Na te wymienione powy\u017cej nie mamy wi\u0119kszego wp\u0142ywu,&hellip;&nbsp;Czytaj dalej &raquo;Porady Logopedy\" \/>\n<meta property=\"og:url\" content=\"https:\/\/p395.ursynow.warszawa.pl\/index.php\/porady-logopedy\/\" \/>\n<meta property=\"og:site_name\" content=\"Przedszkole nr 395\" \/>\n<meta name=\"twitter:card\" content=\"summary_large_image\" \/>\n<meta name=\"twitter:label1\" content=\"Szacowany czas czytania\" \/>\n\t<meta name=\"twitter:data1\" content=\"3 minuty\" \/>\n<script type=\"application\/ld+json\" class=\"yoast-schema-graph\">{\"@context\":\"https:\\\/\\\/schema.org\",\"@graph\":[{\"@type\":\"WebPage\",\"@id\":\"https:\\\/\\\/p395.ursynow.warszawa.pl\\\/index.php\\\/porady-logopedy\\\/\",\"url\":\"https:\\\/\\\/p395.ursynow.warszawa.pl\\\/index.php\\\/porady-logopedy\\\/\",\"name\":\"Porady Logopedy - Przedszkole nr 395\",\"isPartOf\":{\"@id\":\"https:\\\/\\\/p395.ursynow.warszawa.pl\\\/#website\"},\"datePublished\":\"2017-04-28T13:30:29+00:00\",\"breadcrumb\":{\"@id\":\"https:\\\/\\\/p395.ursynow.warszawa.pl\\\/index.php\\\/porady-logopedy\\\/#breadcrumb\"},\"inLanguage\":\"pl-PL\",\"potentialAction\":[{\"@type\":\"ReadAction\",\"target\":[\"https:\\\/\\\/p395.ursynow.warszawa.pl\\\/index.php\\\/porady-logopedy\\\/\"]}]},{\"@type\":\"BreadcrumbList\",\"@id\":\"https:\\\/\\\/p395.ursynow.warszawa.pl\\\/index.php\\\/porady-logopedy\\\/#breadcrumb\",\"itemListElement\":[{\"@type\":\"ListItem\",\"position\":1,\"name\":\"Strona g\u0142\u00f3wna\",\"item\":\"https:\\\/\\\/p395.ursynow.warszawa.pl\\\/\"},{\"@type\":\"ListItem\",\"position\":2,\"name\":\"Porady Logopedy\"}]},{\"@type\":\"WebSite\",\"@id\":\"https:\\\/\\\/p395.ursynow.warszawa.pl\\\/#website\",\"url\":\"https:\\\/\\\/p395.ursynow.warszawa.pl\\\/\",\"name\":\"Przedszkole nr 395\",\"description\":\"Przedszkole 395\",\"potentialAction\":[{\"@type\":\"SearchAction\",\"target\":{\"@type\":\"EntryPoint\",\"urlTemplate\":\"https:\\\/\\\/p395.ursynow.warszawa.pl\\\/?s={search_term_string}\"},\"query-input\":{\"@type\":\"PropertyValueSpecification\",\"valueRequired\":true,\"valueName\":\"search_term_string\"}}],\"inLanguage\":\"pl-PL\"}]}<\/script>\n<!-- \/ Yoast SEO plugin. -->","yoast_head_json":{"title":"Porady Logopedy - Przedszkole nr 395","robots":{"index":"index","follow":"follow","max-snippet":"max-snippet:-1","max-image-preview":"max-image-preview:large","max-video-preview":"max-video-preview:-1"},"canonical":"https:\/\/p395.ursynow.warszawa.pl\/index.php\/porady-logopedy\/","og_locale":"pl_PL","og_type":"article","og_title":"Porady Logopedy - Przedszkole nr 395","og_description":"W JAKI SPOS\u00d3B MO\u017bEMY POM\u00d3C DZIECKU W PRAWID\u0141OWYM ROZWOJU MOWY I JAK MO\u017bEMY USTRZEC MA\u0141E DZIECKO PRZED WADAMI WYMOWY? W ostatnich latach obserwuje si\u0119 w\u015br\u00f3d dzieci coraz wi\u0119cej wad wymowy. Mog\u0105 mie\u0107 one pod\u0142o\u017ce fizjologiczne, psychologiczne, zwi\u0105zane ze skomplikowanym porodem lub ci\u0119\u017ckimi chorobami we wczesnym okresie dzieci\u0119cym. Na te wymienione powy\u017cej nie mamy wi\u0119kszego wp\u0142ywu,&hellip;&nbsp;Czytaj dalej &raquo;Porady Logopedy","og_url":"https:\/\/p395.ursynow.warszawa.pl\/index.php\/porady-logopedy\/","og_site_name":"Przedszkole nr 395","twitter_card":"summary_large_image","twitter_misc":{"Szacowany czas czytania":"3 minuty"},"schema":{"@context":"https:\/\/schema.org","@graph":[{"@type":"WebPage","@id":"https:\/\/p395.ursynow.warszawa.pl\/index.php\/porady-logopedy\/","url":"https:\/\/p395.ursynow.warszawa.pl\/index.php\/porady-logopedy\/","name":"Porady Logopedy - Przedszkole nr 395","isPartOf":{"@id":"https:\/\/p395.ursynow.warszawa.pl\/#website"},"datePublished":"2017-04-28T13:30:29+00:00","breadcrumb":{"@id":"https:\/\/p395.ursynow.warszawa.pl\/index.php\/porady-logopedy\/#breadcrumb"},"inLanguage":"pl-PL","potentialAction":[{"@type":"ReadAction","target":["https:\/\/p395.ursynow.warszawa.pl\/index.php\/porady-logopedy\/"]}]},{"@type":"BreadcrumbList","@id":"https:\/\/p395.ursynow.warszawa.pl\/index.php\/porady-logopedy\/#breadcrumb","itemListElement":[{"@type":"ListItem","position":1,"name":"Strona g\u0142\u00f3wna","item":"https:\/\/p395.ursynow.warszawa.pl\/"},{"@type":"ListItem","position":2,"name":"Porady Logopedy"}]},{"@type":"WebSite","@id":"https:\/\/p395.ursynow.warszawa.pl\/#website","url":"https:\/\/p395.ursynow.warszawa.pl\/","name":"Przedszkole nr 395","description":"Przedszkole 395","potentialAction":[{"@type":"SearchAction","target":{"@type":"EntryPoint","urlTemplate":"https:\/\/p395.ursynow.warszawa.pl\/?s={search_term_string}"},"query-input":{"@type":"PropertyValueSpecification","valueRequired":true,"valueName":"search_term_string"}}],"inLanguage":"pl-PL"}]}},"_links":{"self":[{"href":"https:\/\/p395.ursynow.warszawa.pl\/index.php\/wp-json\/wp\/v2\/pages\/31240","targetHints":{"allow":["GET"]}}],"collection":[{"href":"https:\/\/p395.ursynow.warszawa.pl\/index.php\/wp-json\/wp\/v2\/pages"}],"about":[{"href":"https:\/\/p395.ursynow.warszawa.pl\/index.php\/wp-json\/wp\/v2\/types\/page"}],"author":[{"embeddable":true,"href":"https:\/\/p395.ursynow.warszawa.pl\/index.php\/wp-json\/wp\/v2\/users\/6"}],"replies":[{"embeddable":true,"href":"https:\/\/p395.ursynow.warszawa.pl\/index.php\/wp-json\/wp\/v2\/comments?post=31240"}],"version-history":[{"count":1,"href":"https:\/\/p395.ursynow.warszawa.pl\/index.php\/wp-json\/wp\/v2\/pages\/31240\/revisions"}],"predecessor-version":[{"id":31241,"href":"https:\/\/p395.ursynow.warszawa.pl\/index.php\/wp-json\/wp\/v2\/pages\/31240\/revisions\/31241"}],"wp:attachment":[{"href":"https:\/\/p395.ursynow.warszawa.pl\/index.php\/wp-json\/wp\/v2\/media?parent=31240"}],"curies":[{"name":"wp","href":"https:\/\/api.w.org\/{rel}","templated":true}]}}