{"id":34922,"date":"2019-11-19T13:14:29","date_gmt":"2019-11-19T12:14:29","guid":{"rendered":"https:\/\/p395.ursynow.warszawa.pl\/?page_id=34922"},"modified":"2021-04-13T13:42:27","modified_gmt":"2021-04-13T11:42:27","slug":"grupa-xi-mikolajki","status":"publish","type":"page","link":"https:\/\/p395.ursynow.warszawa.pl\/index.php\/grupa-xi-mikolajki\/","title":{"rendered":"Grupa XI &#8211; Miko\u0142ajki"},"content":{"rendered":"<p><span style=\"font-size: 14pt;\"><strong>Grupa XI Miko\u0142ajki<\/strong><\/span><\/p>\n<p><span style=\"font-size: 14pt;\">Cze\u015b\u0107, to my \u201e Miko\u0142ajki\u201d. Jeste\u015bmy w przedszkolu ju\u017c czwarty rok i czujemy si\u0119 tu wspaniale. Kreatywno\u015b\u0107, tw\u00f3rczo\u015b\u0107, g\u0142owa pe\u0142na pomys\u0142\u00f3w to nasza wsp\u00f3lna dewiza.<\/span><\/p>\n<p><span style=\"font-size: 14pt;\">W roku szkolnym 2020\/2021 realizujemy dwie innowacje pedagogiczne: <em>\u201eCiekawe, dlaczego\u2026?-Przedszkolni Odkrywcy\u201d, <\/em><em>dzi\u0119ki kt\u00f3rej mamy mo\u017cliwo\u015b\u0107 odkrywania<br \/>\ni poznawania fascynuj\u0105cego \u015bwiata przyrody i nauki oraz<\/em><em> \u201eNa ratunek 112\u201d, <\/em><em>dzi\u0119ki kt\u00f3rej poznajemy podstawowe zasady udzielania pierwszej pomocy w sytuacjach zagro\u017cenia zdrowia i \u017cycia.<\/em><\/span><\/p>\n<p><span style=\"font-size: 14pt;\">Jeste\u015bmy zgran\u0105 grup\u0105, w kt\u00f3rej ka\u017cdy czuje si\u0119 wa\u017cny i potrzebny. Wsp\u00f3lnie bawimy si\u0119, uczymy i odkrywamy otaczaj\u0105cy nas \u015bwiat. Z wielkim zaanga\u017cowaniem i zapa\u0142em wykonujemy comiesi\u0119czne zadania z projektu edukacyjnego \u201e Kreatywny Przedszkolak- Kreatywne Dziecko III edycja\u201d, w kt\u00f3rym bierzemy udzia\u0142. W tym roku wkroczyli\u015bmy <\/span><br \/>\n<span style=\"font-size: 14pt;\"> w \u015bwiat liter i cyfr, przygotowuj\u0105c si\u0119 w ten spos\u00f3b do podj\u0119cia nauki w szkole. <em>Bardzo lubimy r\u00f3\u017cnego rodzaju gry i zabawy ruchowe, podczas kt\u00f3rych roz\u0142adowujemy pok\u0142ady naszej energii. U nas w grupie nikt si\u0119 nie nudzi i nie marudzi.<\/em><\/span><\/p>\n","protected":false},"excerpt":{"rendered":"<p>Grupa XI Miko\u0142ajki Cze\u015b\u0107, to my \u201e Miko\u0142ajki\u201d. Jeste\u015bmy w przedszkolu ju\u017c czwarty rok i czujemy si\u0119 tu wspaniale. Kreatywno\u015b\u0107, tw\u00f3rczo\u015b\u0107, g\u0142owa pe\u0142na pomys\u0142\u00f3w to nasza wsp\u00f3lna dewiza. W roku szkolnym 2020\/2021 realizujemy dwie innowacje pedagogiczne: \u201eCiekawe, dlaczego\u2026?-Przedszkolni Odkrywcy\u201d, dzi\u0119ki kt\u00f3rej mamy mo\u017cliwo\u015b\u0107 odkrywania i poznawania fascynuj\u0105cego \u015bwiata przyrody i nauki oraz \u201eNa ratunek 112\u201d,&hellip;&nbsp;<a href=\"https:\/\/p395.ursynow.warszawa.pl\/index.php\/grupa-xi-mikolajki\/\" class=\"\" rel=\"bookmark\">Czytaj dalej &raquo;<span class=\"screen-reader-text\">Grupa XI &#8211; Miko\u0142ajki<\/span><\/a><\/p>\n","protected":false},"author":6,"featured_media":0,"parent":0,"menu_order":0,"comment_status":"closed","ping_status":"closed","template":"","meta":{"neve_meta_sidebar":"","neve_meta_container":"","neve_meta_enable_content_width":"","neve_meta_content_width":0,"neve_meta_title_alignment":"","neve_meta_author_avatar":"","neve_post_elements_order":"","neve_meta_disable_header":"","neve_meta_disable_footer":"","neve_meta_disable_title":"","footnotes":""},"class_list":["post-34922","page","type-page","status-publish","hentry"],"yoast_head":"<!-- This site is optimized with the Yoast SEO plugin v27.4 - https:\/\/yoast.com\/product\/yoast-seo-wordpress\/ -->\n<title>Grupa XI - Miko\u0142ajki - Przedszkole nr 395<\/title>\n<meta name=\"robots\" content=\"index, follow, max-snippet:-1, max-image-preview:large, max-video-preview:-1\" \/>\n<link rel=\"canonical\" href=\"https:\/\/p395.ursynow.warszawa.pl\/index.php\/grupa-xi-mikolajki\/\" \/>\n<meta property=\"og:locale\" content=\"pl_PL\" \/>\n<meta property=\"og:type\" content=\"article\" \/>\n<meta property=\"og:title\" content=\"Grupa XI - Miko\u0142ajki - Przedszkole nr 395\" \/>\n<meta property=\"og:description\" content=\"Grupa XI Miko\u0142ajki Cze\u015b\u0107, to my \u201e Miko\u0142ajki\u201d. Jeste\u015bmy w przedszkolu ju\u017c czwarty rok i czujemy si\u0119 tu wspaniale. Kreatywno\u015b\u0107, tw\u00f3rczo\u015b\u0107, g\u0142owa pe\u0142na pomys\u0142\u00f3w to nasza wsp\u00f3lna dewiza. W roku szkolnym 2020\/2021 realizujemy dwie innowacje pedagogiczne: \u201eCiekawe, dlaczego\u2026?-Przedszkolni Odkrywcy\u201d, dzi\u0119ki kt\u00f3rej mamy mo\u017cliwo\u015b\u0107 odkrywania i poznawania fascynuj\u0105cego \u015bwiata przyrody i nauki oraz \u201eNa ratunek 112\u201d,&hellip;&nbsp;Czytaj dalej &raquo;Grupa XI &#8211; Miko\u0142ajki\" \/>\n<meta property=\"og:url\" content=\"https:\/\/p395.ursynow.warszawa.pl\/index.php\/grupa-xi-mikolajki\/\" \/>\n<meta property=\"og:site_name\" content=\"Przedszkole nr 395\" \/>\n<meta property=\"article:modified_time\" content=\"2021-04-13T11:42:27+00:00\" \/>\n<meta name=\"twitter:card\" content=\"summary_large_image\" \/>\n<meta name=\"twitter:label1\" content=\"Szacowany czas czytania\" \/>\n\t<meta name=\"twitter:data1\" content=\"1 minuta\" \/>\n<script type=\"application\/ld+json\" class=\"yoast-schema-graph\">{\"@context\":\"https:\\\/\\\/schema.org\",\"@graph\":[{\"@type\":\"WebPage\",\"@id\":\"https:\\\/\\\/p395.ursynow.warszawa.pl\\\/index.php\\\/grupa-xi-mikolajki\\\/\",\"url\":\"https:\\\/\\\/p395.ursynow.warszawa.pl\\\/index.php\\\/grupa-xi-mikolajki\\\/\",\"name\":\"Grupa XI - Miko\u0142ajki - Przedszkole nr 395\",\"isPartOf\":{\"@id\":\"https:\\\/\\\/p395.ursynow.warszawa.pl\\\/#website\"},\"datePublished\":\"2019-11-19T12:14:29+00:00\",\"dateModified\":\"2021-04-13T11:42:27+00:00\",\"breadcrumb\":{\"@id\":\"https:\\\/\\\/p395.ursynow.warszawa.pl\\\/index.php\\\/grupa-xi-mikolajki\\\/#breadcrumb\"},\"inLanguage\":\"pl-PL\",\"potentialAction\":[{\"@type\":\"ReadAction\",\"target\":[\"https:\\\/\\\/p395.ursynow.warszawa.pl\\\/index.php\\\/grupa-xi-mikolajki\\\/\"]}]},{\"@type\":\"BreadcrumbList\",\"@id\":\"https:\\\/\\\/p395.ursynow.warszawa.pl\\\/index.php\\\/grupa-xi-mikolajki\\\/#breadcrumb\",\"itemListElement\":[{\"@type\":\"ListItem\",\"position\":1,\"name\":\"Strona g\u0142\u00f3wna\",\"item\":\"https:\\\/\\\/p395.ursynow.warszawa.pl\\\/\"},{\"@type\":\"ListItem\",\"position\":2,\"name\":\"Grupa XI &#8211; Miko\u0142ajki\"}]},{\"@type\":\"WebSite\",\"@id\":\"https:\\\/\\\/p395.ursynow.warszawa.pl\\\/#website\",\"url\":\"https:\\\/\\\/p395.ursynow.warszawa.pl\\\/\",\"name\":\"Przedszkole nr 395\",\"description\":\"Przedszkole 395\",\"potentialAction\":[{\"@type\":\"SearchAction\",\"target\":{\"@type\":\"EntryPoint\",\"urlTemplate\":\"https:\\\/\\\/p395.ursynow.warszawa.pl\\\/?s={search_term_string}\"},\"query-input\":{\"@type\":\"PropertyValueSpecification\",\"valueRequired\":true,\"valueName\":\"search_term_string\"}}],\"inLanguage\":\"pl-PL\"}]}<\/script>\n<!-- \/ Yoast SEO plugin. -->","yoast_head_json":{"title":"Grupa XI - Miko\u0142ajki - Przedszkole nr 395","robots":{"index":"index","follow":"follow","max-snippet":"max-snippet:-1","max-image-preview":"max-image-preview:large","max-video-preview":"max-video-preview:-1"},"canonical":"https:\/\/p395.ursynow.warszawa.pl\/index.php\/grupa-xi-mikolajki\/","og_locale":"pl_PL","og_type":"article","og_title":"Grupa XI - Miko\u0142ajki - Przedszkole nr 395","og_description":"Grupa XI Miko\u0142ajki Cze\u015b\u0107, to my \u201e Miko\u0142ajki\u201d. Jeste\u015bmy w przedszkolu ju\u017c czwarty rok i czujemy si\u0119 tu wspaniale. Kreatywno\u015b\u0107, tw\u00f3rczo\u015b\u0107, g\u0142owa pe\u0142na pomys\u0142\u00f3w to nasza wsp\u00f3lna dewiza. W roku szkolnym 2020\/2021 realizujemy dwie innowacje pedagogiczne: \u201eCiekawe, dlaczego\u2026?-Przedszkolni Odkrywcy\u201d, dzi\u0119ki kt\u00f3rej mamy mo\u017cliwo\u015b\u0107 odkrywania i poznawania fascynuj\u0105cego \u015bwiata przyrody i nauki oraz \u201eNa ratunek 112\u201d,&hellip;&nbsp;Czytaj dalej &raquo;Grupa XI &#8211; Miko\u0142ajki","og_url":"https:\/\/p395.ursynow.warszawa.pl\/index.php\/grupa-xi-mikolajki\/","og_site_name":"Przedszkole nr 395","article_modified_time":"2021-04-13T11:42:27+00:00","twitter_card":"summary_large_image","twitter_misc":{"Szacowany czas czytania":"1 minuta"},"schema":{"@context":"https:\/\/schema.org","@graph":[{"@type":"WebPage","@id":"https:\/\/p395.ursynow.warszawa.pl\/index.php\/grupa-xi-mikolajki\/","url":"https:\/\/p395.ursynow.warszawa.pl\/index.php\/grupa-xi-mikolajki\/","name":"Grupa XI - Miko\u0142ajki - Przedszkole nr 395","isPartOf":{"@id":"https:\/\/p395.ursynow.warszawa.pl\/#website"},"datePublished":"2019-11-19T12:14:29+00:00","dateModified":"2021-04-13T11:42:27+00:00","breadcrumb":{"@id":"https:\/\/p395.ursynow.warszawa.pl\/index.php\/grupa-xi-mikolajki\/#breadcrumb"},"inLanguage":"pl-PL","potentialAction":[{"@type":"ReadAction","target":["https:\/\/p395.ursynow.warszawa.pl\/index.php\/grupa-xi-mikolajki\/"]}]},{"@type":"BreadcrumbList","@id":"https:\/\/p395.ursynow.warszawa.pl\/index.php\/grupa-xi-mikolajki\/#breadcrumb","itemListElement":[{"@type":"ListItem","position":1,"name":"Strona g\u0142\u00f3wna","item":"https:\/\/p395.ursynow.warszawa.pl\/"},{"@type":"ListItem","position":2,"name":"Grupa XI &#8211; Miko\u0142ajki"}]},{"@type":"WebSite","@id":"https:\/\/p395.ursynow.warszawa.pl\/#website","url":"https:\/\/p395.ursynow.warszawa.pl\/","name":"Przedszkole nr 395","description":"Przedszkole 395","potentialAction":[{"@type":"SearchAction","target":{"@type":"EntryPoint","urlTemplate":"https:\/\/p395.ursynow.warszawa.pl\/?s={search_term_string}"},"query-input":{"@type":"PropertyValueSpecification","valueRequired":true,"valueName":"search_term_string"}}],"inLanguage":"pl-PL"}]}},"_links":{"self":[{"href":"https:\/\/p395.ursynow.warszawa.pl\/index.php\/wp-json\/wp\/v2\/pages\/34922","targetHints":{"allow":["GET"]}}],"collection":[{"href":"https:\/\/p395.ursynow.warszawa.pl\/index.php\/wp-json\/wp\/v2\/pages"}],"about":[{"href":"https:\/\/p395.ursynow.warszawa.pl\/index.php\/wp-json\/wp\/v2\/types\/page"}],"author":[{"embeddable":true,"href":"https:\/\/p395.ursynow.warszawa.pl\/index.php\/wp-json\/wp\/v2\/users\/6"}],"replies":[{"embeddable":true,"href":"https:\/\/p395.ursynow.warszawa.pl\/index.php\/wp-json\/wp\/v2\/comments?post=34922"}],"version-history":[{"count":4,"href":"https:\/\/p395.ursynow.warszawa.pl\/index.php\/wp-json\/wp\/v2\/pages\/34922\/revisions"}],"predecessor-version":[{"id":35787,"href":"https:\/\/p395.ursynow.warszawa.pl\/index.php\/wp-json\/wp\/v2\/pages\/34922\/revisions\/35787"}],"wp:attachment":[{"href":"https:\/\/p395.ursynow.warszawa.pl\/index.php\/wp-json\/wp\/v2\/media?parent=34922"}],"curies":[{"name":"wp","href":"https:\/\/api.w.org\/{rel}","templated":true}]}}