{"id":5534,"date":"2014-02-14T11:33:44","date_gmt":"2014-02-14T10:33:44","guid":{"rendered":"https:\/\/p395.ursynow.warszawa.pl\/?page_id=5534"},"modified":"2014-03-17T12:49:42","modified_gmt":"2014-03-17T11:49:42","slug":"honorowy-dziadek","status":"publish","type":"page","link":"https:\/\/p395.ursynow.warszawa.pl\/index.php\/honorowy-dziadek\/","title":{"rendered":"Honorowy Dziadek"},"content":{"rendered":"<p><strong>Stanis\u0142aw Prokopczyk<\/strong> urodzony 15 kwietnia 1940 roku w Nowogr\u00f3dku.<\/p>\n<p>Artysta malarz (akwarelista), filolog (romanista), autor licznych wystaw indywidualnych w kraju i za granic\u0105, uczestnik wielu plener\u00f3w, pedagog, wspieraj\u0105cy sw\u0105 wiedz\u0105 dzieci i\u00a0m\u0142odzie\u017c, znawca sztuki.<\/p>\n<p>Od lat &#8211; z zami\u0142owania do sztuki wokalnej &#8211; \u015bpiewa w zespo\u0142ach ch\u00f3ralnych i wykonuje wiele ulubionych pie\u015bni solowych.<\/p>\n<p>Sw\u00f3j dorobek malarski ch\u0119tnie eksponuje w ma\u0142ych miejscowo\u015bciach, szczeg\u00f3lnie zwi\u0105zanych z jego dzieci\u0144stwem i m\u0142odo\u015bci\u0105.<\/p>\n<p>&nbsp;<\/p>\n","protected":false},"excerpt":{"rendered":"<p>Stanis\u0142aw Prokopczyk urodzony 15 kwietnia 1940 roku w Nowogr\u00f3dku. Artysta malarz (akwarelista), filolog (romanista), autor licznych wystaw indywidualnych w kraju i za granic\u0105, uczestnik wielu plener\u00f3w, pedagog, wspieraj\u0105cy sw\u0105 wiedz\u0105 dzieci i\u00a0m\u0142odzie\u017c, znawca sztuki. Od lat &#8211; z zami\u0142owania do sztuki wokalnej &#8211; \u015bpiewa w zespo\u0142ach ch\u00f3ralnych i wykonuje wiele ulubionych pie\u015bni solowych. Sw\u00f3j dorobek&hellip;&nbsp;<a href=\"https:\/\/p395.ursynow.warszawa.pl\/index.php\/honorowy-dziadek\/\" class=\"\" rel=\"bookmark\">Czytaj dalej &raquo;<span class=\"screen-reader-text\">Honorowy Dziadek<\/span><\/a><\/p>\n","protected":false},"author":6,"featured_media":0,"parent":0,"menu_order":0,"comment_status":"closed","ping_status":"open","template":"","meta":{"neve_meta_sidebar":"","neve_meta_container":"","neve_meta_enable_content_width":"","neve_meta_content_width":0,"neve_meta_title_alignment":"","neve_meta_author_avatar":"","neve_post_elements_order":"","neve_meta_disable_header":"","neve_meta_disable_footer":"","neve_meta_disable_title":"","footnotes":""},"class_list":["post-5534","page","type-page","status-publish","hentry"],"yoast_head":"<!-- This site is optimized with the Yoast SEO plugin v27.4 - https:\/\/yoast.com\/product\/yoast-seo-wordpress\/ -->\n<title>Honorowy Dziadek - Przedszkole nr 395<\/title>\n<meta name=\"robots\" content=\"index, follow, max-snippet:-1, max-image-preview:large, max-video-preview:-1\" \/>\n<link rel=\"canonical\" href=\"https:\/\/p395.ursynow.warszawa.pl\/index.php\/honorowy-dziadek\/\" \/>\n<meta property=\"og:locale\" content=\"pl_PL\" \/>\n<meta property=\"og:type\" content=\"article\" \/>\n<meta property=\"og:title\" content=\"Honorowy Dziadek - Przedszkole nr 395\" \/>\n<meta property=\"og:description\" content=\"Stanis\u0142aw Prokopczyk urodzony 15 kwietnia 1940 roku w Nowogr\u00f3dku. Artysta malarz (akwarelista), filolog (romanista), autor licznych wystaw indywidualnych w kraju i za granic\u0105, uczestnik wielu plener\u00f3w, pedagog, wspieraj\u0105cy sw\u0105 wiedz\u0105 dzieci i\u00a0m\u0142odzie\u017c, znawca sztuki. Od lat &#8211; z zami\u0142owania do sztuki wokalnej &#8211; \u015bpiewa w zespo\u0142ach ch\u00f3ralnych i wykonuje wiele ulubionych pie\u015bni solowych. Sw\u00f3j dorobek&hellip;&nbsp;Czytaj dalej &raquo;Honorowy Dziadek\" \/>\n<meta property=\"og:url\" content=\"https:\/\/p395.ursynow.warszawa.pl\/index.php\/honorowy-dziadek\/\" \/>\n<meta property=\"og:site_name\" content=\"Przedszkole nr 395\" \/>\n<meta property=\"article:modified_time\" content=\"2014-03-17T11:49:42+00:00\" \/>\n<meta name=\"twitter:card\" content=\"summary_large_image\" \/>\n<script type=\"application\/ld+json\" class=\"yoast-schema-graph\">{\"@context\":\"https:\\\/\\\/schema.org\",\"@graph\":[{\"@type\":\"WebPage\",\"@id\":\"https:\\\/\\\/p395.ursynow.warszawa.pl\\\/index.php\\\/honorowy-dziadek\\\/\",\"url\":\"https:\\\/\\\/p395.ursynow.warszawa.pl\\\/index.php\\\/honorowy-dziadek\\\/\",\"name\":\"Honorowy Dziadek - Przedszkole nr 395\",\"isPartOf\":{\"@id\":\"https:\\\/\\\/p395.ursynow.warszawa.pl\\\/#website\"},\"datePublished\":\"2014-02-14T10:33:44+00:00\",\"dateModified\":\"2014-03-17T11:49:42+00:00\",\"breadcrumb\":{\"@id\":\"https:\\\/\\\/p395.ursynow.warszawa.pl\\\/index.php\\\/honorowy-dziadek\\\/#breadcrumb\"},\"inLanguage\":\"pl-PL\",\"potentialAction\":[{\"@type\":\"ReadAction\",\"target\":[\"https:\\\/\\\/p395.ursynow.warszawa.pl\\\/index.php\\\/honorowy-dziadek\\\/\"]}]},{\"@type\":\"BreadcrumbList\",\"@id\":\"https:\\\/\\\/p395.ursynow.warszawa.pl\\\/index.php\\\/honorowy-dziadek\\\/#breadcrumb\",\"itemListElement\":[{\"@type\":\"ListItem\",\"position\":1,\"name\":\"Strona g\u0142\u00f3wna\",\"item\":\"https:\\\/\\\/p395.ursynow.warszawa.pl\\\/\"},{\"@type\":\"ListItem\",\"position\":2,\"name\":\"Honorowy Dziadek\"}]},{\"@type\":\"WebSite\",\"@id\":\"https:\\\/\\\/p395.ursynow.warszawa.pl\\\/#website\",\"url\":\"https:\\\/\\\/p395.ursynow.warszawa.pl\\\/\",\"name\":\"Przedszkole nr 395\",\"description\":\"Przedszkole 395\",\"potentialAction\":[{\"@type\":\"SearchAction\",\"target\":{\"@type\":\"EntryPoint\",\"urlTemplate\":\"https:\\\/\\\/p395.ursynow.warszawa.pl\\\/?s={search_term_string}\"},\"query-input\":{\"@type\":\"PropertyValueSpecification\",\"valueRequired\":true,\"valueName\":\"search_term_string\"}}],\"inLanguage\":\"pl-PL\"}]}<\/script>\n<!-- \/ Yoast SEO plugin. -->","yoast_head_json":{"title":"Honorowy Dziadek - Przedszkole nr 395","robots":{"index":"index","follow":"follow","max-snippet":"max-snippet:-1","max-image-preview":"max-image-preview:large","max-video-preview":"max-video-preview:-1"},"canonical":"https:\/\/p395.ursynow.warszawa.pl\/index.php\/honorowy-dziadek\/","og_locale":"pl_PL","og_type":"article","og_title":"Honorowy Dziadek - Przedszkole nr 395","og_description":"Stanis\u0142aw Prokopczyk urodzony 15 kwietnia 1940 roku w Nowogr\u00f3dku. Artysta malarz (akwarelista), filolog (romanista), autor licznych wystaw indywidualnych w kraju i za granic\u0105, uczestnik wielu plener\u00f3w, pedagog, wspieraj\u0105cy sw\u0105 wiedz\u0105 dzieci i\u00a0m\u0142odzie\u017c, znawca sztuki. Od lat &#8211; z zami\u0142owania do sztuki wokalnej &#8211; \u015bpiewa w zespo\u0142ach ch\u00f3ralnych i wykonuje wiele ulubionych pie\u015bni solowych. Sw\u00f3j dorobek&hellip;&nbsp;Czytaj dalej &raquo;Honorowy Dziadek","og_url":"https:\/\/p395.ursynow.warszawa.pl\/index.php\/honorowy-dziadek\/","og_site_name":"Przedszkole nr 395","article_modified_time":"2014-03-17T11:49:42+00:00","twitter_card":"summary_large_image","schema":{"@context":"https:\/\/schema.org","@graph":[{"@type":"WebPage","@id":"https:\/\/p395.ursynow.warszawa.pl\/index.php\/honorowy-dziadek\/","url":"https:\/\/p395.ursynow.warszawa.pl\/index.php\/honorowy-dziadek\/","name":"Honorowy Dziadek - Przedszkole nr 395","isPartOf":{"@id":"https:\/\/p395.ursynow.warszawa.pl\/#website"},"datePublished":"2014-02-14T10:33:44+00:00","dateModified":"2014-03-17T11:49:42+00:00","breadcrumb":{"@id":"https:\/\/p395.ursynow.warszawa.pl\/index.php\/honorowy-dziadek\/#breadcrumb"},"inLanguage":"pl-PL","potentialAction":[{"@type":"ReadAction","target":["https:\/\/p395.ursynow.warszawa.pl\/index.php\/honorowy-dziadek\/"]}]},{"@type":"BreadcrumbList","@id":"https:\/\/p395.ursynow.warszawa.pl\/index.php\/honorowy-dziadek\/#breadcrumb","itemListElement":[{"@type":"ListItem","position":1,"name":"Strona g\u0142\u00f3wna","item":"https:\/\/p395.ursynow.warszawa.pl\/"},{"@type":"ListItem","position":2,"name":"Honorowy Dziadek"}]},{"@type":"WebSite","@id":"https:\/\/p395.ursynow.warszawa.pl\/#website","url":"https:\/\/p395.ursynow.warszawa.pl\/","name":"Przedszkole nr 395","description":"Przedszkole 395","potentialAction":[{"@type":"SearchAction","target":{"@type":"EntryPoint","urlTemplate":"https:\/\/p395.ursynow.warszawa.pl\/?s={search_term_string}"},"query-input":{"@type":"PropertyValueSpecification","valueRequired":true,"valueName":"search_term_string"}}],"inLanguage":"pl-PL"}]}},"_links":{"self":[{"href":"https:\/\/p395.ursynow.warszawa.pl\/index.php\/wp-json\/wp\/v2\/pages\/5534","targetHints":{"allow":["GET"]}}],"collection":[{"href":"https:\/\/p395.ursynow.warszawa.pl\/index.php\/wp-json\/wp\/v2\/pages"}],"about":[{"href":"https:\/\/p395.ursynow.warszawa.pl\/index.php\/wp-json\/wp\/v2\/types\/page"}],"author":[{"embeddable":true,"href":"https:\/\/p395.ursynow.warszawa.pl\/index.php\/wp-json\/wp\/v2\/users\/6"}],"replies":[{"embeddable":true,"href":"https:\/\/p395.ursynow.warszawa.pl\/index.php\/wp-json\/wp\/v2\/comments?post=5534"}],"version-history":[{"count":6,"href":"https:\/\/p395.ursynow.warszawa.pl\/index.php\/wp-json\/wp\/v2\/pages\/5534\/revisions"}],"predecessor-version":[{"id":6500,"href":"https:\/\/p395.ursynow.warszawa.pl\/index.php\/wp-json\/wp\/v2\/pages\/5534\/revisions\/6500"}],"wp:attachment":[{"href":"https:\/\/p395.ursynow.warszawa.pl\/index.php\/wp-json\/wp\/v2\/media?parent=5534"}],"curies":[{"name":"wp","href":"https:\/\/api.w.org\/{rel}","templated":true}]}}