{"id":5538,"date":"2014-02-14T11:35:05","date_gmt":"2014-02-14T10:35:05","guid":{"rendered":"https:\/\/p395.ursynow.warszawa.pl\/?page_id=5538"},"modified":"2015-08-05T10:00:18","modified_gmt":"2015-08-05T08:00:18","slug":"galeria-zdjec-stanislawa-prokopczyka","status":"publish","type":"page","link":"https:\/\/p395.ursynow.warszawa.pl\/index.php\/galeria-zdjec-stanislawa-prokopczyka\/","title":{"rendered":"Galeria zdj\u0119\u0107 Stanis\u0142awa Prokopczyka"},"content":{"rendered":"<p><a href=\"https:\/\/p395.ursynow.warszawa.pl\/wp-content\/uploads\/2014\/02\/IMG_2673.jpg\"><img fetchpriority=\"high\" decoding=\"async\" class=\"alignnone size-medium wp-image-16260\" src=\"https:\/\/p395.ursynow.warszawa.pl\/wp-content\/uploads\/2014\/02\/IMG_2673-300x225.jpg\" alt=\"IMG_2673\" width=\"300\" height=\"225\" srcset=\"https:\/\/p395.ursynow.warszawa.pl\/wp-content\/uploads\/2014\/02\/IMG_2673-300x225.jpg 300w, https:\/\/p395.ursynow.warszawa.pl\/wp-content\/uploads\/2014\/02\/IMG_2673-1024x768.jpg 1024w, https:\/\/p395.ursynow.warszawa.pl\/wp-content\/uploads\/2014\/02\/IMG_2673.jpg 2048w\" sizes=\"(max-width: 300px) 100vw, 300px\" \/><\/a><a href=\"https:\/\/p395.ursynow.warszawa.pl\/wp-content\/uploads\/2014\/02\/IMG_2674.jpg\"><img decoding=\"async\" class=\"alignnone size-medium wp-image-16261\" src=\"https:\/\/p395.ursynow.warszawa.pl\/wp-content\/uploads\/2014\/02\/IMG_2674-300x225.jpg\" alt=\"IMG_2674\" width=\"300\" height=\"225\" srcset=\"https:\/\/p395.ursynow.warszawa.pl\/wp-content\/uploads\/2014\/02\/IMG_2674-300x225.jpg 300w, https:\/\/p395.ursynow.warszawa.pl\/wp-content\/uploads\/2014\/02\/IMG_2674-1024x768.jpg 1024w, https:\/\/p395.ursynow.warszawa.pl\/wp-content\/uploads\/2014\/02\/IMG_2674.jpg 2048w\" sizes=\"(max-width: 300px) 100vw, 300px\" \/><\/a><a href=\"https:\/\/p395.ursynow.warszawa.pl\/wp-content\/uploads\/2014\/02\/IMG_2675.jpg\"><img decoding=\"async\" class=\"alignnone size-medium wp-image-16262\" src=\"https:\/\/p395.ursynow.warszawa.pl\/wp-content\/uploads\/2014\/02\/IMG_2675-300x225.jpg\" alt=\"IMG_2675\" width=\"300\" height=\"225\" srcset=\"https:\/\/p395.ursynow.warszawa.pl\/wp-content\/uploads\/2014\/02\/IMG_2675-300x225.jpg 300w, https:\/\/p395.ursynow.warszawa.pl\/wp-content\/uploads\/2014\/02\/IMG_2675-1024x768.jpg 1024w, https:\/\/p395.ursynow.warszawa.pl\/wp-content\/uploads\/2014\/02\/IMG_2675.jpg 2048w\" sizes=\"(max-width: 300px) 100vw, 300px\" \/><\/a><a href=\"https:\/\/p395.ursynow.warszawa.pl\/wp-content\/uploads\/2014\/02\/IMG_2676.jpg\"><img loading=\"lazy\" decoding=\"async\" class=\"alignnone size-medium wp-image-16263\" src=\"https:\/\/p395.ursynow.warszawa.pl\/wp-content\/uploads\/2014\/02\/IMG_2676-300x225.jpg\" alt=\"IMG_2676\" width=\"300\" height=\"225\" srcset=\"https:\/\/p395.ursynow.warszawa.pl\/wp-content\/uploads\/2014\/02\/IMG_2676-300x225.jpg 300w, https:\/\/p395.ursynow.warszawa.pl\/wp-content\/uploads\/2014\/02\/IMG_2676-1024x768.jpg 1024w, https:\/\/p395.ursynow.warszawa.pl\/wp-content\/uploads\/2014\/02\/IMG_2676.jpg 2048w\" sizes=\"(max-width: 300px) 100vw, 300px\" \/><\/a><a href=\"https:\/\/p395.ursynow.warszawa.pl\/wp-content\/uploads\/2014\/02\/IMG_2677.jpg\"><img loading=\"lazy\" decoding=\"async\" class=\"alignnone size-medium wp-image-16264\" src=\"https:\/\/p395.ursynow.warszawa.pl\/wp-content\/uploads\/2014\/02\/IMG_2677-300x225.jpg\" alt=\"IMG_2677\" width=\"300\" height=\"225\" srcset=\"https:\/\/p395.ursynow.warszawa.pl\/wp-content\/uploads\/2014\/02\/IMG_2677-300x225.jpg 300w, https:\/\/p395.ursynow.warszawa.pl\/wp-content\/uploads\/2014\/02\/IMG_2677-1024x768.jpg 1024w, https:\/\/p395.ursynow.warszawa.pl\/wp-content\/uploads\/2014\/02\/IMG_2677.jpg 2048w\" sizes=\"(max-width: 300px) 100vw, 300px\" \/><\/a><a href=\"https:\/\/p395.ursynow.warszawa.pl\/wp-content\/uploads\/2014\/02\/IMG_2678.jpg\"><img loading=\"lazy\" decoding=\"async\" class=\"alignnone size-medium wp-image-16265\" src=\"https:\/\/p395.ursynow.warszawa.pl\/wp-content\/uploads\/2014\/02\/IMG_2678-300x225.jpg\" alt=\"IMG_2678\" width=\"300\" height=\"225\" srcset=\"https:\/\/p395.ursynow.warszawa.pl\/wp-content\/uploads\/2014\/02\/IMG_2678-300x225.jpg 300w, https:\/\/p395.ursynow.warszawa.pl\/wp-content\/uploads\/2014\/02\/IMG_2678-1024x768.jpg 1024w, https:\/\/p395.ursynow.warszawa.pl\/wp-content\/uploads\/2014\/02\/IMG_2678.jpg 2048w\" sizes=\"(max-width: 300px) 100vw, 300px\" \/><\/a><a href=\"https:\/\/p395.ursynow.warszawa.pl\/wp-content\/uploads\/2014\/02\/1.jpg\"><img loading=\"lazy\" decoding=\"async\" class=\"alignnone size-medium wp-image-6501\" src=\"https:\/\/p395.ursynow.warszawa.pl\/wp-content\/uploads\/2014\/02\/1-300x225.jpg\" alt=\"1\" width=\"300\" height=\"225\" srcset=\"https:\/\/p395.ursynow.warszawa.pl\/wp-content\/uploads\/2014\/02\/1-300x225.jpg 300w, https:\/\/p395.ursynow.warszawa.pl\/wp-content\/uploads\/2014\/02\/1.jpg 800w\" sizes=\"(max-width: 300px) 100vw, 300px\" \/><\/a> <a href=\"https:\/\/p395.ursynow.warszawa.pl\/wp-content\/uploads\/2014\/02\/2.jpg\"><img loading=\"lazy\" decoding=\"async\" class=\"alignnone size-medium wp-image-6502\" src=\"https:\/\/p395.ursynow.warszawa.pl\/wp-content\/uploads\/2014\/02\/2-300x225.jpg\" alt=\"2\" width=\"300\" height=\"225\" srcset=\"https:\/\/p395.ursynow.warszawa.pl\/wp-content\/uploads\/2014\/02\/2-300x225.jpg 300w, https:\/\/p395.ursynow.warszawa.pl\/wp-content\/uploads\/2014\/02\/2.jpg 800w\" sizes=\"(max-width: 300px) 100vw, 300px\" \/><\/a> <a href=\"https:\/\/p395.ursynow.warszawa.pl\/wp-content\/uploads\/2014\/02\/3.jpg\"><img loading=\"lazy\" decoding=\"async\" class=\"alignnone size-medium wp-image-6503\" src=\"https:\/\/p395.ursynow.warszawa.pl\/wp-content\/uploads\/2014\/02\/3-300x225.jpg\" alt=\"3\" width=\"300\" height=\"225\" srcset=\"https:\/\/p395.ursynow.warszawa.pl\/wp-content\/uploads\/2014\/02\/3-300x225.jpg 300w, https:\/\/p395.ursynow.warszawa.pl\/wp-content\/uploads\/2014\/02\/3.jpg 800w\" sizes=\"(max-width: 300px) 100vw, 300px\" \/><\/a> <a href=\"https:\/\/p395.ursynow.warszawa.pl\/wp-content\/uploads\/2014\/02\/4.jpg\"><img loading=\"lazy\" decoding=\"async\" class=\"alignnone size-medium wp-image-6504\" src=\"https:\/\/p395.ursynow.warszawa.pl\/wp-content\/uploads\/2014\/02\/4-300x225.jpg\" alt=\"4\" width=\"300\" height=\"225\" srcset=\"https:\/\/p395.ursynow.warszawa.pl\/wp-content\/uploads\/2014\/02\/4-300x225.jpg 300w, https:\/\/p395.ursynow.warszawa.pl\/wp-content\/uploads\/2014\/02\/4.jpg 800w\" sizes=\"(max-width: 300px) 100vw, 300px\" \/><\/a> <a href=\"https:\/\/p395.ursynow.warszawa.pl\/wp-content\/uploads\/2014\/02\/5.jpg\"><img loading=\"lazy\" decoding=\"async\" class=\"alignnone size-medium wp-image-6505\" src=\"https:\/\/p395.ursynow.warszawa.pl\/wp-content\/uploads\/2014\/02\/5-300x225.jpg\" alt=\"5\" width=\"300\" height=\"225\" srcset=\"https:\/\/p395.ursynow.warszawa.pl\/wp-content\/uploads\/2014\/02\/5-300x225.jpg 300w, https:\/\/p395.ursynow.warszawa.pl\/wp-content\/uploads\/2014\/02\/5.jpg 800w\" sizes=\"(max-width: 300px) 100vw, 300px\" \/><\/a><\/p>\n","protected":false},"excerpt":{"rendered":"","protected":false},"author":6,"featured_media":0,"parent":0,"menu_order":0,"comment_status":"closed","ping_status":"open","template":"","meta":{"neve_meta_sidebar":"","neve_meta_container":"","neve_meta_enable_content_width":"","neve_meta_content_width":0,"neve_meta_title_alignment":"","neve_meta_author_avatar":"","neve_post_elements_order":"","neve_meta_disable_header":"","neve_meta_disable_footer":"","neve_meta_disable_title":"","footnotes":""},"class_list":["post-5538","page","type-page","status-publish","hentry"],"yoast_head":"<!-- This site is optimized with the Yoast SEO plugin v27.4 - https:\/\/yoast.com\/product\/yoast-seo-wordpress\/ -->\n<title>Galeria zdj\u0119\u0107 Stanis\u0142awa Prokopczyka - Przedszkole nr 395<\/title>\n<meta name=\"robots\" content=\"index, follow, max-snippet:-1, max-image-preview:large, max-video-preview:-1\" \/>\n<link rel=\"canonical\" href=\"https:\/\/p395.ursynow.warszawa.pl\/index.php\/galeria-zdjec-stanislawa-prokopczyka\/\" \/>\n<meta property=\"og:locale\" content=\"pl_PL\" \/>\n<meta property=\"og:type\" content=\"article\" \/>\n<meta property=\"og:title\" content=\"Galeria zdj\u0119\u0107 Stanis\u0142awa Prokopczyka - Przedszkole nr 395\" \/>\n<meta property=\"og:url\" content=\"https:\/\/p395.ursynow.warszawa.pl\/index.php\/galeria-zdjec-stanislawa-prokopczyka\/\" \/>\n<meta property=\"og:site_name\" content=\"Przedszkole nr 395\" \/>\n<meta property=\"article:modified_time\" content=\"2015-08-05T08:00:18+00:00\" \/>\n<meta property=\"og:image\" content=\"https:\/\/p395.ursynow.warszawa.pl\/wp-content\/uploads\/2014\/02\/IMG_2673.jpg\" \/>\n\t<meta property=\"og:image:width\" content=\"2048\" \/>\n\t<meta property=\"og:image:height\" content=\"1536\" \/>\n\t<meta property=\"og:image:type\" content=\"image\/jpeg\" \/>\n<meta name=\"twitter:card\" content=\"summary_large_image\" \/>\n<script type=\"application\/ld+json\" class=\"yoast-schema-graph\">{\"@context\":\"https:\\\/\\\/schema.org\",\"@graph\":[{\"@type\":\"WebPage\",\"@id\":\"https:\\\/\\\/p395.ursynow.warszawa.pl\\\/index.php\\\/galeria-zdjec-stanislawa-prokopczyka\\\/\",\"url\":\"https:\\\/\\\/p395.ursynow.warszawa.pl\\\/index.php\\\/galeria-zdjec-stanislawa-prokopczyka\\\/\",\"name\":\"Galeria zdj\u0119\u0107 Stanis\u0142awa Prokopczyka - Przedszkole nr 395\",\"isPartOf\":{\"@id\":\"https:\\\/\\\/p395.ursynow.warszawa.pl\\\/#website\"},\"primaryImageOfPage\":{\"@id\":\"https:\\\/\\\/p395.ursynow.warszawa.pl\\\/index.php\\\/galeria-zdjec-stanislawa-prokopczyka\\\/#primaryimage\"},\"image\":{\"@id\":\"https:\\\/\\\/p395.ursynow.warszawa.pl\\\/index.php\\\/galeria-zdjec-stanislawa-prokopczyka\\\/#primaryimage\"},\"thumbnailUrl\":\"https:\\\/\\\/p395.ursynow.warszawa.pl\\\/wp-content\\\/uploads\\\/2014\\\/02\\\/IMG_2673-300x225.jpg\",\"datePublished\":\"2014-02-14T10:35:05+00:00\",\"dateModified\":\"2015-08-05T08:00:18+00:00\",\"breadcrumb\":{\"@id\":\"https:\\\/\\\/p395.ursynow.warszawa.pl\\\/index.php\\\/galeria-zdjec-stanislawa-prokopczyka\\\/#breadcrumb\"},\"inLanguage\":\"pl-PL\",\"potentialAction\":[{\"@type\":\"ReadAction\",\"target\":[\"https:\\\/\\\/p395.ursynow.warszawa.pl\\\/index.php\\\/galeria-zdjec-stanislawa-prokopczyka\\\/\"]}]},{\"@type\":\"ImageObject\",\"inLanguage\":\"pl-PL\",\"@id\":\"https:\\\/\\\/p395.ursynow.warszawa.pl\\\/index.php\\\/galeria-zdjec-stanislawa-prokopczyka\\\/#primaryimage\",\"url\":\"https:\\\/\\\/p395.ursynow.warszawa.pl\\\/wp-content\\\/uploads\\\/2014\\\/02\\\/IMG_2673.jpg\",\"contentUrl\":\"https:\\\/\\\/p395.ursynow.warszawa.pl\\\/wp-content\\\/uploads\\\/2014\\\/02\\\/IMG_2673.jpg\",\"width\":2048,\"height\":1536},{\"@type\":\"BreadcrumbList\",\"@id\":\"https:\\\/\\\/p395.ursynow.warszawa.pl\\\/index.php\\\/galeria-zdjec-stanislawa-prokopczyka\\\/#breadcrumb\",\"itemListElement\":[{\"@type\":\"ListItem\",\"position\":1,\"name\":\"Strona g\u0142\u00f3wna\",\"item\":\"https:\\\/\\\/p395.ursynow.warszawa.pl\\\/\"},{\"@type\":\"ListItem\",\"position\":2,\"name\":\"Galeria zdj\u0119\u0107 Stanis\u0142awa Prokopczyka\"}]},{\"@type\":\"WebSite\",\"@id\":\"https:\\\/\\\/p395.ursynow.warszawa.pl\\\/#website\",\"url\":\"https:\\\/\\\/p395.ursynow.warszawa.pl\\\/\",\"name\":\"Przedszkole nr 395\",\"description\":\"Przedszkole 395\",\"potentialAction\":[{\"@type\":\"SearchAction\",\"target\":{\"@type\":\"EntryPoint\",\"urlTemplate\":\"https:\\\/\\\/p395.ursynow.warszawa.pl\\\/?s={search_term_string}\"},\"query-input\":{\"@type\":\"PropertyValueSpecification\",\"valueRequired\":true,\"valueName\":\"search_term_string\"}}],\"inLanguage\":\"pl-PL\"}]}<\/script>\n<!-- \/ Yoast SEO plugin. -->","yoast_head_json":{"title":"Galeria zdj\u0119\u0107 Stanis\u0142awa Prokopczyka - Przedszkole nr 395","robots":{"index":"index","follow":"follow","max-snippet":"max-snippet:-1","max-image-preview":"max-image-preview:large","max-video-preview":"max-video-preview:-1"},"canonical":"https:\/\/p395.ursynow.warszawa.pl\/index.php\/galeria-zdjec-stanislawa-prokopczyka\/","og_locale":"pl_PL","og_type":"article","og_title":"Galeria zdj\u0119\u0107 Stanis\u0142awa Prokopczyka - Przedszkole nr 395","og_url":"https:\/\/p395.ursynow.warszawa.pl\/index.php\/galeria-zdjec-stanislawa-prokopczyka\/","og_site_name":"Przedszkole nr 395","article_modified_time":"2015-08-05T08:00:18+00:00","og_image":[{"width":2048,"height":1536,"url":"https:\/\/p395.ursynow.warszawa.pl\/wp-content\/uploads\/2014\/02\/IMG_2673.jpg","type":"image\/jpeg"}],"twitter_card":"summary_large_image","schema":{"@context":"https:\/\/schema.org","@graph":[{"@type":"WebPage","@id":"https:\/\/p395.ursynow.warszawa.pl\/index.php\/galeria-zdjec-stanislawa-prokopczyka\/","url":"https:\/\/p395.ursynow.warszawa.pl\/index.php\/galeria-zdjec-stanislawa-prokopczyka\/","name":"Galeria zdj\u0119\u0107 Stanis\u0142awa Prokopczyka - Przedszkole nr 395","isPartOf":{"@id":"https:\/\/p395.ursynow.warszawa.pl\/#website"},"primaryImageOfPage":{"@id":"https:\/\/p395.ursynow.warszawa.pl\/index.php\/galeria-zdjec-stanislawa-prokopczyka\/#primaryimage"},"image":{"@id":"https:\/\/p395.ursynow.warszawa.pl\/index.php\/galeria-zdjec-stanislawa-prokopczyka\/#primaryimage"},"thumbnailUrl":"https:\/\/p395.ursynow.warszawa.pl\/wp-content\/uploads\/2014\/02\/IMG_2673-300x225.jpg","datePublished":"2014-02-14T10:35:05+00:00","dateModified":"2015-08-05T08:00:18+00:00","breadcrumb":{"@id":"https:\/\/p395.ursynow.warszawa.pl\/index.php\/galeria-zdjec-stanislawa-prokopczyka\/#breadcrumb"},"inLanguage":"pl-PL","potentialAction":[{"@type":"ReadAction","target":["https:\/\/p395.ursynow.warszawa.pl\/index.php\/galeria-zdjec-stanislawa-prokopczyka\/"]}]},{"@type":"ImageObject","inLanguage":"pl-PL","@id":"https:\/\/p395.ursynow.warszawa.pl\/index.php\/galeria-zdjec-stanislawa-prokopczyka\/#primaryimage","url":"https:\/\/p395.ursynow.warszawa.pl\/wp-content\/uploads\/2014\/02\/IMG_2673.jpg","contentUrl":"https:\/\/p395.ursynow.warszawa.pl\/wp-content\/uploads\/2014\/02\/IMG_2673.jpg","width":2048,"height":1536},{"@type":"BreadcrumbList","@id":"https:\/\/p395.ursynow.warszawa.pl\/index.php\/galeria-zdjec-stanislawa-prokopczyka\/#breadcrumb","itemListElement":[{"@type":"ListItem","position":1,"name":"Strona g\u0142\u00f3wna","item":"https:\/\/p395.ursynow.warszawa.pl\/"},{"@type":"ListItem","position":2,"name":"Galeria zdj\u0119\u0107 Stanis\u0142awa Prokopczyka"}]},{"@type":"WebSite","@id":"https:\/\/p395.ursynow.warszawa.pl\/#website","url":"https:\/\/p395.ursynow.warszawa.pl\/","name":"Przedszkole nr 395","description":"Przedszkole 395","potentialAction":[{"@type":"SearchAction","target":{"@type":"EntryPoint","urlTemplate":"https:\/\/p395.ursynow.warszawa.pl\/?s={search_term_string}"},"query-input":{"@type":"PropertyValueSpecification","valueRequired":true,"valueName":"search_term_string"}}],"inLanguage":"pl-PL"}]}},"_links":{"self":[{"href":"https:\/\/p395.ursynow.warszawa.pl\/index.php\/wp-json\/wp\/v2\/pages\/5538","targetHints":{"allow":["GET"]}}],"collection":[{"href":"https:\/\/p395.ursynow.warszawa.pl\/index.php\/wp-json\/wp\/v2\/pages"}],"about":[{"href":"https:\/\/p395.ursynow.warszawa.pl\/index.php\/wp-json\/wp\/v2\/types\/page"}],"author":[{"embeddable":true,"href":"https:\/\/p395.ursynow.warszawa.pl\/index.php\/wp-json\/wp\/v2\/users\/6"}],"replies":[{"embeddable":true,"href":"https:\/\/p395.ursynow.warszawa.pl\/index.php\/wp-json\/wp\/v2\/comments?post=5538"}],"version-history":[{"count":4,"href":"https:\/\/p395.ursynow.warszawa.pl\/index.php\/wp-json\/wp\/v2\/pages\/5538\/revisions"}],"predecessor-version":[{"id":16266,"href":"https:\/\/p395.ursynow.warszawa.pl\/index.php\/wp-json\/wp\/v2\/pages\/5538\/revisions\/16266"}],"wp:attachment":[{"href":"https:\/\/p395.ursynow.warszawa.pl\/index.php\/wp-json\/wp\/v2\/media?parent=5538"}],"curies":[{"name":"wp","href":"https:\/\/api.w.org\/{rel}","templated":true}]}}